{"id":16,"date":"2017-05-11T11:28:09","date_gmt":"2017-05-11T11:28:09","guid":{"rendered":"http:\/\/www.escolesblaves.cat\/?page_id=16"},"modified":"2021-01-18T17:37:08","modified_gmt":"2021-01-18T17:37:08","slug":"qui-som","status":"publish","type":"page","link":"http:\/\/www.escolesblaves.cat\/en\/qui-som\/","title":{"rendered":"About us"},"content":{"rendered":"<div class=\"vc_row wpb_row vc_row-fluid dt-default\" style=\"margin-top: 0px;margin-bottom: 0px\"><div class=\"ona wpb_column vc_column_container vc_col-sm-12 vc_col-has-fill\"><div class=\"vc_column-inner vc_custom_1494924598022\"><div class=\"wpb_wrapper\">\n\t<div class=\"wpb_text_column wpb_content_element\" >\n\t\t<div class=\"wpb_wrapper\">\n\t\t\t<p><span style=\"font-weight: 400;\">Pl\u00e0ncton is not just a company, but a dynamic life project and our concerns about the protection, conservation and management of sea and coastal environments form the foundations of the projects, educational services, and technical studies we offer.<\/span><\/p>\n<p>&nbsp;<\/p>\n<p><span style=\"font-weight: 400;\">Our team members offer a balanced and complementary range of skills, knowledge and abilities. We all have university and post-graduate studies, and have continued our professional training with courses in the fields of scientific and environmental communication, diving, professional sailing, social networks, out-of-school education and activity camps, fund-raising, and the management of projects and organizations.<\/span><\/p>\n<p>&nbsp;<\/p>\n<p><span style=\"font-weight: 400;\">Many years of participation with associations and voluntary groups has also given us experience in preparing projects related to environmental issues, finding funding for them, and carrying them out. For example, we are members of the Catalan Scientific Communication Association and the European Marine Science Educators Association as well as other similar bodies.<\/span><\/p>\n<p>&nbsp;<\/p>\n<p><span style=\"font-weight: 400;\">We work anywhere in Catalonia but our main focus is on the Tarragona coastline and more specifically the Terres de l\u2019Ebre region. Home is where the heart is, and from our company\u2019s base here we aim to explain the beauty and importance of every corner of this special yet relatively-unknown stretch of the Mediterranean coastline \u2013 encouraging everyone from school children and town mayors to tuna fish-farmers and tourists to find out more about marine ecosystems and how to protect them. <\/span><i><span style=\"font-weight: 400;\">Growing Up<\/span><\/i><span style=\"font-weight: 400;\"> del Consell Comarcal del Baix Ebre en l\u2019edici\u00f3 2015 com una de les empreses amb potencial de creixement de la comarca.<\/span><\/p>\n<p>&nbsp;<\/p>\n<p><span style=\"font-weight: 400;\">To carry out the innovative Blue Schools project, we have incorporated two new members into our team who have the same keen enthusiasm for science education as we all do. One of the tasks they carry out is the role of Marine Science Assistants for Blue Schools. <\/span><b>Auxiliars de Ci\u00e8ncies del Mar<\/b><span style=\"font-weight: 400;\"> als Instituts.<\/span><\/p>\n<p>&nbsp;<\/p>\n<p><span style=\"font-weight: 400;\">Check our company website to know more about us:<\/span><a href=\"http:\/\/www.plancton.cat\/\"> <span style=\"font-weight: 400;\">www.plancton.cat<\/span><\/a><\/p>\n\n\t\t<\/div>\n\t<\/div>\n<\/div><\/div><\/div><\/div><div class=\"vc_row wpb_row vc_row-fluid dt-default\" style=\"margin-top: 0px;margin-bottom: 0px\"><div class=\"wpb_column vc_column_container vc_col-sm-3\"><div class=\"vc_column-inner\"><div class=\"wpb_wrapper\">\n\t<div  class=\"wpb_single_image wpb_content_element vc_align_center\">\n\t\t\n\t\t<figure class=\"wpb_wrapper vc_figure\">\n\t\t\t<div class=\"vc_single_image-wrapper   vc_box_border_grey\"><img width=\"227\" height=\"227\" src=\"https:\/\/www.escolesblaves.cat\/wp-content\/uploads\/2017\/05\/Eli_bn-1.jpg\" class=\"vc_single_image-img attachment-full\" alt=\"\" loading=\"lazy\" srcset=\"https:\/\/www.escolesblaves.cat\/wp-content\/uploads\/2017\/05\/Eli_bn-1.jpg 227w, https:\/\/www.escolesblaves.cat\/wp-content\/uploads\/2017\/05\/Eli_bn-1-150x150.jpg 150w\" sizes=\"(max-width: 227px) 100vw, 227px\" \/><\/div>\n\t\t<\/figure>\n\t<\/div>\n<\/div><\/div><\/div><div class=\"wpb_column vc_column_container vc_col-sm-9\"><div class=\"vc_column-inner\"><div class=\"wpb_wrapper\">\n\t<div class=\"wpb_text_column wpb_content_element\" >\n\t\t<div class=\"wpb_wrapper\">\n\t\t\t<h3><span style=\"font-weight: 400;\">Eli Bonfill<\/span><\/h3>\n<p><i><span style=\"font-weight: 400;\">Co-founder of Pl\u00e0ncton, Divulgaci\u00f3 i Serveis Marins<\/span><\/i><\/p>\n<p><span style=\"font-weight: 400;\">Degree in Marine Science, Master\u2019s degree in Marine Science, and currently studying a Master\u2019s degree in Science Communication.\n\nEli is an oceanographer and communicator whose adventurous spirit means she could happily spend all day with her snorkel tube and goggles discovering the coves and bays of the Mediterranean coast. She has also worked for over 20 years as an educator and instructor at youngsters\u2019 activity camps.<\/span><\/p>\n\n\t\t<\/div>\n\t<\/div>\n<\/div><\/div><\/div><\/div><div class=\"vc_row wpb_row vc_row-fluid dt-default\" style=\"margin-top: 0px;margin-bottom: 0px\"><div class=\"wpb_column vc_column_container vc_col-sm-3\"><div class=\"vc_column-inner\"><div class=\"wpb_wrapper\">\n\t<div  class=\"wpb_single_image wpb_content_element vc_align_center\">\n\t\t\n\t\t<figure class=\"wpb_wrapper vc_figure\">\n\t\t\t<div class=\"vc_single_image-wrapper   vc_box_border_grey\"><img width=\"227\" height=\"227\" src=\"https:\/\/www.escolesblaves.cat\/wp-content\/uploads\/2017\/05\/aurora_bn-1.jpg\" class=\"vc_single_image-img attachment-full\" alt=\"\" loading=\"lazy\" srcset=\"https:\/\/www.escolesblaves.cat\/wp-content\/uploads\/2017\/05\/aurora_bn-1.jpg 227w, https:\/\/www.escolesblaves.cat\/wp-content\/uploads\/2017\/05\/aurora_bn-1-150x150.jpg 150w\" sizes=\"(max-width: 227px) 100vw, 227px\" \/><\/div>\n\t\t<\/figure>\n\t<\/div>\n<\/div><\/div><\/div><div class=\"wpb_column vc_column_container vc_col-sm-9\"><div class=\"vc_column-inner\"><div class=\"wpb_wrapper\">\n\t<div class=\"wpb_text_column wpb_content_element\" >\n\t\t<div class=\"wpb_wrapper\">\n\t\t\t<h3><span style=\"font-weight: 400;\">Aurora Requena<\/span><\/h3>\n<p><i><span style=\"font-weight: 400;\">Co-founder of Pl\u00e0ncton, Divulgaci\u00f3 i Serveis Marins<\/span><\/i><\/p>\n<p><span style=\"font-weight: 400;\">Degree in Biology from the Autonomous University of Madrid and a Master\u2019s degree in Marine Science.\n\nAlthough she comes from inland, far away from the coast, Aurora has always been passionate about the sea and concerned for the conservation of the marine environment. She has also worked for over 15 years as an environmental educator.<\/span><\/p>\n\n\t\t<\/div>\n\t<\/div>\n<\/div><\/div><\/div><\/div><div class=\"vc_row wpb_row vc_row-fluid dt-default\" style=\"margin-top: 0px;margin-bottom: 0px\"><div class=\"wpb_column vc_column_container vc_col-sm-12\"><div class=\"vc_column-inner\"><div class=\"wpb_wrapper\"><div class=\"vc_empty_space\"   style=\"height: 60px\" ><span class=\"vc_empty_space_inner\"><\/span><\/div>\n<div class=\"vc_separator wpb_content_element vc_separator_align_center vc_sep_width_100 vc_sep_pos_align_center vc_separator_no_text vc_sep_color_grey\" ><span class=\"vc_sep_holder vc_sep_holder_l\"><span  class=\"vc_sep_line\"><\/span><\/span><span class=\"vc_sep_holder vc_sep_holder_r\"><span  class=\"vc_sep_line\"><\/span><\/span>\n<\/div>\n\t<div class=\"wpb_text_column wpb_content_element\" >\n\t\t<div class=\"wpb_wrapper\">\n\t\t\t<h3 style=\"color: #6cbcd8;\">Past members:<\/h3>\n\n\t\t<\/div>\n\t<\/div>\n<div class=\"vc_empty_space\"   style=\"height: 32px\" ><span class=\"vc_empty_space_inner\"><\/span><\/div>\n<\/div><\/div><\/div><\/div><div class=\"vc_row wpb_row vc_row-fluid dt-default\" style=\"margin-top: 0px;margin-bottom: 0px\"><div class=\"wpb_column vc_column_container vc_col-sm-3\"><div class=\"vc_column-inner\"><div class=\"wpb_wrapper\">\n\t<div  class=\"wpb_single_image wpb_content_element vc_align_center\">\n\t\t\n\t\t<figure class=\"wpb_wrapper vc_figure\">\n\t\t\t<div class=\"vc_single_image-wrapper   vc_box_border_grey\"><img width=\"227\" height=\"227\" src=\"https:\/\/www.escolesblaves.cat\/wp-content\/uploads\/2017\/05\/Maria_bn.jpg\" class=\"vc_single_image-img attachment-full\" alt=\"\" loading=\"lazy\" srcset=\"https:\/\/www.escolesblaves.cat\/wp-content\/uploads\/2017\/05\/Maria_bn.jpg 227w, https:\/\/www.escolesblaves.cat\/wp-content\/uploads\/2017\/05\/Maria_bn-150x150.jpg 150w\" sizes=\"(max-width: 227px) 100vw, 227px\" \/><\/div>\n\t\t<\/figure>\n\t<\/div>\n<\/div><\/div><\/div><div class=\"wpb_column vc_column_container vc_col-sm-9\"><div class=\"vc_column-inner\"><div class=\"wpb_wrapper\">\n\t<div class=\"wpb_text_column wpb_content_element\" >\n\t\t<div class=\"wpb_wrapper\">\n\t\t\t<h3><span style=\"font-weight: 400;\">Maria Toldr\u00e0<\/span><\/h3>\n<p><i><span style=\"font-weight: 400;\">Marine Science Assistant<\/span><\/i><\/p>\n<p><span style=\"font-weight: 400;\">Degree in Marine Sciences, Master\u2019s degree in Aquaculture.\nShe has worked for over 10 years in aquaculture sector. Passionate by research and aquaculture production, but also by dissemination of it.<\/span><\/p>\n\n\t\t<\/div>\n\t<\/div>\n<\/div><\/div><\/div><\/div><div class=\"vc_row wpb_row vc_row-fluid dt-default\" style=\"margin-top: 0px;margin-bottom: 0px\"><div class=\"wpb_column vc_column_container vc_col-sm-3\"><div class=\"vc_column-inner\"><div class=\"wpb_wrapper\">\n\t<div  class=\"wpb_single_image wpb_content_element vc_align_center\">\n\t\t\n\t\t<figure class=\"wpb_wrapper vc_figure\">\n\t\t\t<div class=\"vc_single_image-wrapper   vc_box_border_grey\"><img width=\"227\" height=\"227\" src=\"https:\/\/www.escolesblaves.cat\/wp-content\/uploads\/2017\/05\/Paula_bn.jpg\" class=\"vc_single_image-img attachment-full\" alt=\"\" loading=\"lazy\" srcset=\"https:\/\/www.escolesblaves.cat\/wp-content\/uploads\/2017\/05\/Paula_bn.jpg 227w, https:\/\/www.escolesblaves.cat\/wp-content\/uploads\/2017\/05\/Paula_bn-150x150.jpg 150w\" sizes=\"(max-width: 227px) 100vw, 227px\" \/><\/div>\n\t\t<\/figure>\n\t<\/div>\n<\/div><\/div><\/div><div class=\"wpb_column vc_column_container vc_col-sm-9\"><div class=\"vc_column-inner\"><div class=\"wpb_wrapper\">\n\t<div class=\"wpb_text_column wpb_content_element\" >\n\t\t<div class=\"wpb_wrapper\">\n\t\t\t<h3><span style=\"font-weight: 400;\">Paula Ordo\u00f1ez<br \/>\n<\/span><\/h3>\n<p><i><span style=\"font-weight: 400;\">Marine Science Assistant<\/span><\/i><\/p>\n<p><span style=\"font-weight: 400;\">Degree in Biology, Master\u2019s degree in Marine Biology: biological diversity and conservation.\nShe has worked in marine ecology projects, e environmental education projects and also socioeconomic studies about marine reserves.<\/span><\/p>\n\n\t\t<\/div>\n\t<\/div>\n<\/div><\/div><\/div><\/div><div class=\"vc_row wpb_row vc_row-fluid dt-default\" style=\"margin-top: 0px;margin-bottom: 0px\"><div class=\"wpb_column vc_column_container vc_col-sm-3\"><div class=\"vc_column-inner\"><div class=\"wpb_wrapper\">\n\t<div  class=\"wpb_single_image wpb_content_element vc_align_center\">\n\t\t\n\t\t<figure class=\"wpb_wrapper vc_figure\">\n\t\t\t<div class=\"vc_single_image-wrapper   vc_box_border_grey\"><img width=\"227\" height=\"227\" src=\"https:\/\/www.escolesblaves.cat\/wp-content\/uploads\/2017\/05\/Javi_bn.jpg\" class=\"vc_single_image-img attachment-full\" alt=\"\" loading=\"lazy\" srcset=\"https:\/\/www.escolesblaves.cat\/wp-content\/uploads\/2017\/05\/Javi_bn.jpg 227w, https:\/\/www.escolesblaves.cat\/wp-content\/uploads\/2017\/05\/Javi_bn-150x150.jpg 150w\" sizes=\"(max-width: 227px) 100vw, 227px\" \/><\/div>\n\t\t<\/figure>\n\t<\/div>\n<\/div><\/div><\/div><div class=\"wpb_column vc_column_container vc_col-sm-9\"><div class=\"vc_column-inner\"><div class=\"wpb_wrapper\">\n\t<div class=\"wpb_text_column wpb_content_element\" >\n\t\t<div class=\"wpb_wrapper\">\n\t\t\t<h3><span style=\"font-weight: 400;\">Javier Guallart<\/span><\/h3>\n<p><i><span style=\"font-weight: 400;\">Marine Science Assistant<\/span><\/i><\/p>\n<p><span style=\"font-weight: 400;\">Degree in Biology. Freelance researcher and teacher. He has studied several marine topics as deep-sea sharks, species conservation, marine protected areas and fisheries biology. <\/span><i><span style=\"font-weight: 400;\">freelance<\/span><\/i><span style=\"font-weight: 400;\">, ha treballat temes marins tan diversos com l\u2019estudi de taurons de profunditat, la conservaci\u00f3 d\u2019esp\u00e8cies i \u00e0rees marines protegides, i diversos aspectes de biologia pesquera.<\/span><\/p>\n\n\t\t<\/div>\n\t<\/div>\n<\/div><\/div><\/div><\/div><div class=\"vc_row wpb_row vc_row-fluid dt-default\" style=\"margin-top: 0px;margin-bottom: 0px\"><div class=\"wpb_column vc_column_container vc_col-sm-3\"><div class=\"vc_column-inner\"><div class=\"wpb_wrapper\">\n\t<div  class=\"wpb_single_image wpb_content_element vc_align_center\">\n\t\t\n\t\t<figure class=\"wpb_wrapper vc_figure\">\n\t\t\t<div class=\"vc_single_image-wrapper   vc_box_border_grey\"><img width=\"227\" height=\"227\" src=\"https:\/\/www.escolesblaves.cat\/wp-content\/uploads\/2017\/05\/Arnau_bn.jpg\" class=\"vc_single_image-img attachment-full\" alt=\"\" loading=\"lazy\" srcset=\"https:\/\/www.escolesblaves.cat\/wp-content\/uploads\/2017\/05\/Arnau_bn.jpg 227w, https:\/\/www.escolesblaves.cat\/wp-content\/uploads\/2017\/05\/Arnau_bn-150x150.jpg 150w\" sizes=\"(max-width: 227px) 100vw, 227px\" \/><\/div>\n\t\t<\/figure>\n\t<\/div>\n<\/div><\/div><\/div><div class=\"wpb_column vc_column_container vc_col-sm-9\"><div class=\"vc_column-inner\"><div class=\"wpb_wrapper\">\n\t<div class=\"wpb_text_column wpb_content_element\" >\n\t\t<div class=\"wpb_wrapper\">\n\t\t\t<h3><span style=\"font-weight: 400;\">Arnau Olesti<br \/>\n<\/span><\/h3>\n<p><i><span style=\"font-weight: 400;\">Graphic and website designer<br \/>\n<\/span><\/i><\/p>\n<p><span style=\"font-weight: 400;\">Degree in Audiovisuals Communication and Multimedia. He has worked on different projects of corporate image design, publishing design and motion graphics animation. <em>motion graphics<\/em>.<\/span><\/p>\n\n\t\t<\/div>\n\t<\/div>\n<\/div><\/div><\/div><\/div><div class=\"vc_row wpb_row vc_row-fluid dt-default\" style=\"margin-top: 0px;margin-bottom: 0px\"><div class=\"wpb_column vc_column_container vc_col-sm-3\"><div class=\"vc_column-inner\"><div class=\"wpb_wrapper\">\n\t<div  class=\"wpb_single_image wpb_content_element vc_align_center\">\n\t\t\n\t\t<figure class=\"wpb_wrapper vc_figure\">\n\t\t\t<div class=\"vc_single_image-wrapper   vc_box_border_grey\"><img width=\"227\" height=\"227\" src=\"https:\/\/www.escolesblaves.cat\/wp-content\/uploads\/2017\/05\/Alba_bn-1.jpg\" class=\"vc_single_image-img attachment-full\" alt=\"\" loading=\"lazy\" srcset=\"https:\/\/www.escolesblaves.cat\/wp-content\/uploads\/2017\/05\/Alba_bn-1.jpg 227w, https:\/\/www.escolesblaves.cat\/wp-content\/uploads\/2017\/05\/Alba_bn-1-150x150.jpg 150w\" sizes=\"(max-width: 227px) 100vw, 227px\" \/><\/div>\n\t\t<\/figure>\n\t<\/div>\n<\/div><\/div><\/div><div class=\"wpb_column vc_column_container vc_col-sm-9\"><div class=\"vc_column-inner\"><div class=\"wpb_wrapper\">\n\t<div class=\"wpb_text_column wpb_content_element\" >\n\t\t<div class=\"wpb_wrapper\">\n\t\t\t<h3><span style=\"font-weight: 400;\">Alba Domingo<br \/>\n<\/span><\/h3>\n<p><i><span style=\"font-weight: 400;\">Graphic and website designer, illustrator<\/span><\/i><\/p>\n<p><span style=\"font-weight: 400;\">Graduated on Illustration at Escola d\u2019art i Disseny de Tarragona, and Design and digital creation at Universitat Oberta de Catalunya.\n\nShe works on illustration projects and commissions, always looking for an idea to translate it into an image. She's also exploring other forms of artistic expression through drawing. Illustration teacher.<\/span><\/p>\n\n\t\t<\/div>\n\t<\/div>\n<\/div><\/div><\/div><\/div>","protected":false},"excerpt":{"rendered":"Pl\u00e0ncton \u00e9s una empresa jove nascuda al 2012, din\u00e0mica, emprenedora i que s\u2019adapta als canvis i les necessitats dels nostres clients. El nostre equip est\u00e0 format per professionals de les ci\u00e8ncies del mar, bi\u00f2logues i ocean\u00f2grafes, aix\u00ed com una il\u00b7lustradora, dissenyadora gr\u00e0fica i dissenyadora web per fer m\u00e9s creatius els continguts que generem. &nbsp; Som&hellip;","protected":false},"author":1,"featured_media":0,"parent":0,"menu_order":0,"comment_status":"closed","ping_status":"closed","template":"","meta":[],"yoast_head":"<!-- This site is optimized with the Yoast SEO plugin v16.0.1 - https:\/\/yoast.com\/wordpress\/plugins\/seo\/ -->\n<title>Qui som? | Escoles Blaves<\/title>\n<link rel=\"canonical\" href=\"http:\/\/www.escolesblaves.cat\/en\/qui-som\/\" \/>\n<meta property=\"og:locale\" content=\"en_GB\" \/>\n<meta property=\"og:type\" content=\"article\" \/>\n<meta property=\"og:title\" content=\"Qui som? | Escoles Blaves\" \/>\n<meta property=\"og:url\" content=\"http:\/\/www.escolesblaves.cat\/en\/qui-som\/\" \/>\n<meta property=\"og:site_name\" content=\"Escoles Blaves\" \/>\n<meta property=\"article:publisher\" content=\"https:\/\/www.facebook.com\/PlanctonDivulgacioIServeisMarins\" \/>\n<meta property=\"article:modified_time\" content=\"2021-01-18T17:37:08+00:00\" \/>\n<meta property=\"og:image\" content=\"https:\/\/www.escolesblaves.cat\/wp-content\/uploads\/2017\/05\/thumb-16.png\" \/>\n\t<meta property=\"og:image:width\" content=\"401\" \/>\n\t<meta property=\"og:image:height\" content=\"210\" \/>\n<meta name=\"twitter:card\" content=\"summary\" \/>\n<meta name=\"twitter:site\" content=\"@planctondivulga\" \/>\n<meta name=\"twitter:label1\" content=\"Estimated reading time\">\n\t<meta name=\"twitter:data1\" content=\"5 minutes\">\n<script type=\"application\/ld+json\" class=\"yoast-schema-graph\">{\"@context\":\"https:\/\/schema.org\",\"@graph\":[{\"@type\":\"Organization\",\"@id\":\"https:\/\/www.escolesblaves.cat\/#organization\",\"name\":\"Escoles blaves\",\"url\":\"https:\/\/www.escolesblaves.cat\/\",\"sameAs\":[\"https:\/\/www.facebook.com\/PlanctonDivulgacioIServeisMarins\",\"http:\/\/www.instagram.com\/planctondivulga\",\"https:\/\/twitter.com\/planctondivulga\"],\"logo\":{\"@type\":\"ImageObject\",\"@id\":\"https:\/\/www.escolesblaves.cat\/#logo\",\"inLanguage\":\"en-GB\",\"url\":\"https:\/\/www.escolesblaves.cat\/wp-content\/uploads\/2017\/05\/logo-web-01-01-01.png\",\"width\":208,\"height\":99,\"caption\":\"Escoles blaves\"},\"image\":{\"@id\":\"https:\/\/www.escolesblaves.cat\/#logo\"}},{\"@type\":\"WebSite\",\"@id\":\"https:\/\/www.escolesblaves.cat\/#website\",\"url\":\"https:\/\/www.escolesblaves.cat\/\",\"name\":\"Escoles Blaves\",\"description\":\"Apropem el mar a les Terres de l&#039;Ebre\",\"publisher\":{\"@id\":\"https:\/\/www.escolesblaves.cat\/#organization\"},\"potentialAction\":[{\"@type\":\"SearchAction\",\"target\":\"https:\/\/www.escolesblaves.cat\/?s={search_term_string}\",\"query-input\":\"required name=search_term_string\"}],\"inLanguage\":\"en-GB\"},{\"@type\":\"WebPage\",\"@id\":\"https:\/\/www.escolesblaves.cat\/qui-som\/#webpage\",\"url\":\"https:\/\/www.escolesblaves.cat\/qui-som\/\",\"name\":\"Qui som? | Escoles Blaves\",\"isPartOf\":{\"@id\":\"https:\/\/www.escolesblaves.cat\/#website\"},\"datePublished\":\"2017-05-11T11:28:09+00:00\",\"dateModified\":\"2021-01-18T17:37:08+00:00\",\"breadcrumb\":{\"@id\":\"https:\/\/www.escolesblaves.cat\/qui-som\/#breadcrumb\"},\"inLanguage\":\"en-GB\",\"potentialAction\":[{\"@type\":\"ReadAction\",\"target\":[\"https:\/\/www.escolesblaves.cat\/qui-som\/\"]}]},{\"@type\":\"BreadcrumbList\",\"@id\":\"https:\/\/www.escolesblaves.cat\/qui-som\/#breadcrumb\",\"itemListElement\":[{\"@type\":\"ListItem\",\"position\":1,\"item\":{\"@type\":\"WebPage\",\"@id\":\"https:\/\/www.escolesblaves.cat\/\",\"url\":\"https:\/\/www.escolesblaves.cat\/\",\"name\":\"Inici\"}},{\"@type\":\"ListItem\",\"position\":2,\"item\":{\"@type\":\"WebPage\",\"@id\":\"https:\/\/www.escolesblaves.cat\/qui-som\/\",\"url\":\"https:\/\/www.escolesblaves.cat\/qui-som\/\",\"name\":\"Qui som?\"}}]}]}<\/script>\n<!-- \/ Yoast SEO plugin. -->","_links":{"self":[{"href":"http:\/\/www.escolesblaves.cat\/en\/wp-json\/wp\/v2\/pages\/16"}],"collection":[{"href":"http:\/\/www.escolesblaves.cat\/en\/wp-json\/wp\/v2\/pages"}],"about":[{"href":"http:\/\/www.escolesblaves.cat\/en\/wp-json\/wp\/v2\/types\/page"}],"author":[{"embeddable":true,"href":"http:\/\/www.escolesblaves.cat\/en\/wp-json\/wp\/v2\/users\/1"}],"replies":[{"embeddable":true,"href":"http:\/\/www.escolesblaves.cat\/en\/wp-json\/wp\/v2\/comments?post=16"}],"version-history":[{"count":30,"href":"http:\/\/www.escolesblaves.cat\/en\/wp-json\/wp\/v2\/pages\/16\/revisions"}],"predecessor-version":[{"id":728,"href":"http:\/\/www.escolesblaves.cat\/en\/wp-json\/wp\/v2\/pages\/16\/revisions\/728"}],"wp:attachment":[{"href":"http:\/\/www.escolesblaves.cat\/en\/wp-json\/wp\/v2\/media?parent=16"}],"curies":[{"name":"wp","href":"https:\/\/api.w.org\/{rel}","templated":true}]}}