{"id":418,"date":"2017-08-03T09:31:07","date_gmt":"2017-08-03T09:31:07","guid":{"rendered":"http:\/\/www.escolesblaves.cat\/?page_id=418"},"modified":"2021-03-17T09:17:18","modified_gmt":"2021-03-17T09:17:18","slug":"praderies-posidonia","status":"publish","type":"page","link":"http:\/\/www.escolesblaves.cat\/en\/praderies-posidonia\/","title":{"rendered":"Les praderies de Posid\u00f2nia, un ecosistema sota l&#8217;aigua"},"content":{"rendered":"<div class=\"vc_row wpb_row vc_row-fluid dt-default\" style=\"margin-top: 0px;margin-bottom: 0px\"><div class=\"wpb_column vc_column_container vc_col-sm-3\"><div class=\"vc_column-inner\"><div class=\"wpb_wrapper\">\n\t<div  class=\"wpb_single_image wpb_content_element vc_align_left\">\n\t\t\n\t\t<figure class=\"wpb_wrapper vc_figure\">\n\t\t\t<a href=\"http:\/\/www.escolesblaves.cat\/wp-content\/uploads\/2018\/01\/escolesblaves_posidonia.pdf\" target=\"_blank\" class=\"vc_single_image-wrapper   vc_box_border_grey rollover\"><img width=\"1241\" height=\"1754\" src=\"https:\/\/www.escolesblaves.cat\/wp-content\/uploads\/2018\/01\/escolesblaves_posidonia.jpg\" class=\"vc_single_image-img attachment-full\" alt=\"\" loading=\"lazy\" srcset=\"https:\/\/www.escolesblaves.cat\/wp-content\/uploads\/2018\/01\/escolesblaves_posidonia.jpg 1241w, https:\/\/www.escolesblaves.cat\/wp-content\/uploads\/2018\/01\/escolesblaves_posidonia-212x300.jpg 212w, https:\/\/www.escolesblaves.cat\/wp-content\/uploads\/2018\/01\/escolesblaves_posidonia-768x1085.jpg 768w, https:\/\/www.escolesblaves.cat\/wp-content\/uploads\/2018\/01\/escolesblaves_posidonia-725x1024.jpg 725w\" sizes=\"(max-width: 1241px) 100vw, 1241px\" \/><\/a>\n\t\t<\/figure>\n\t<\/div>\n\n\t<div class=\"wpb_text_column wpb_content_element\" >\n\t\t<div class=\"wpb_wrapper\">\n\t\t\t<p><b>Documents adjunts:<\/b><\/p>\n<ol>\n<li><a href=\"http:\/\/www.escolesblaves.cat\/wp-content\/uploads\/2018\/01\/escolesblaves_posidonia.pdf\" target=\"_blank\" rel=\"noopener\">Material per al professor: Guia did\u00e0ctica<\/a><\/li>\n<li><a href=\"http:\/\/www.escolesblaves.cat\/wp-content\/uploads\/2018\/01\/Taula_construccio_xarxa_trofica_20.pdf\" target=\"_blank\" rel=\"noopener\">Material per a l\u2019alumne: Taula i imatges per a la construcci\u00f3 de la xarxa tr\u00f2fica (20 esp\u00e8cies)<\/a><\/li>\n<li><a href=\"http:\/\/www.escolesblaves.cat\/wp-content\/uploads\/2018\/01\/Taula_construccio_xarxa_trofica_10.pdf\" target=\"_blank\" rel=\"noopener\">Material per a l\u2019alumne: Taula i imatges per a la construcci\u00f3 de la xarxa tr\u00f2fica &nbsp;(10 esp\u00e8cies)<\/a><\/li>\n<li><a href=\"http:\/\/www.escolesblaves.cat\/wp-content\/uploads\/2018\/01\/QUESTIONARI_SAVE_POSIDONIA_PROJECT.pdf\" target=\"_blank\" rel=\"noopener\">Material per a l\u2019alumne: Q\u00fcestionari: SAVE POSIDONIA PROJECT<\/a><\/li>\n<li><a href=\"http:\/\/www.escolesblaves.cat\/wp-content\/uploads\/2018\/01\/QUESTIONARI_LIFE_POSIDONIA_ANDALUCIA.pdf\" target=\"_blank\" rel=\"noopener\">Material per a l\u2019alumne: Q\u00fcestionari: LIFE+ POSIDONIA ANDALUC\u00cdA<\/a><\/li>\n<\/ol>\n\n\t\t<\/div>\n\t<\/div>\n<a href=\"http:\/\/www.escolesblaves.cat\/wp-content\/uploads\/2018\/01\/les_praderies_de_posidonia.zip\" class=\"default-btn-shortcode dt-btn dt-btn-l btn-inline-left\" id=\"default-btn-1\" title=\"Descarrega\"><span>Descarregar tot en .zip<\/span><\/a><\/div><\/div><\/div><div class=\"wpb_column vc_column_container vc_col-sm-9\"><div class=\"vc_column-inner\"><div class=\"wpb_wrapper\"><div class=\"uavc-list-icon uavc-list-icon-wrapper ult-adjust-bottom-margin\"><ul class=\"uavc-list\"><li><div class=\"uavc-list-content\" id=\"list-icon-wrap-5417\">\n<div class=\"uavc-list-icon\" data-animation=\"\" data-animation-delay=\"03\" style=\"margin-right:5px;\"><div class=\"ult-just-icon-wrapper\"><div class=\"align-icon\" style=\"text-align:center;\">\n<div class=\"aio-icon none\"  style=\"color:#333333;font-size:32px;display:inline-block;\">\n\t<i class=\"Defaults-book\"><\/i>\n<\/div><\/div><\/div>\n<\/div><span  data-ultimate-target='#list-icon-wrap-5417 .uavc-list-desc'  data-responsive-json-new='{\"font-size\":\"\",\"line-height\":\"\"}'  class=\"uavc-list-desc ult-responsive\" style=\"\"><strong>Alumnat a qui va dirigit:<\/strong> 3er &#8211; 4rt ESO (tamb\u00e9 es pot adaptar a 1er-2on Bat)<\/p>\n<p><strong>\u00c0rees\/Mat\u00e8ries:<\/strong> Biologia i geologia: Ecosistemes i activitat humana. Ecologia i medi ambient. Diversitat ecol\u00f2gica.<\/p>\n<p><strong>Descripci\u00f3 de la proposta:<\/strong><\/p>\n<p>Les praderies de posid\u00f2nia s\u00f3n un ecosistema molt important a les aig\u00fces costaneres mediterr\u00e0nies, ja que formen l\u2019ecosistema m\u00e9s productiu i divers de la Mediterr\u00e0nia i protegeixen el nostre litoral de l\u2019erosi\u00f3.<br \/>\nPer a que l\u2019alumnat conegui aquest ecosistema, la proposta comen\u00e7a amb un taller d\u2019observaci\u00f3 i interacci\u00f3 amb les comunitats de posid\u00f2nia: restes a la platja i estructura d\u2019una planta faner\u00f2gama. En aquest taller l\u2019alumnat entrar\u00e0 en contacte amb la Posidonia oceanica mitjan\u00e7ant l\u2019estudi i identificaci\u00f3 de les restes de posid\u00f2nia (fulles, pilotes de fibra, trossos de rizomes, fulles amb organismes ep\u00edfits\u2026), i, amb l\u2019ajuda d\u2019una lupa descobriran la gran varietat d\u2019organismes que viuen amagats entre les seves fulles.<br \/>\nA continuaci\u00f3, s\u2019estudiaran les relacions entre els \u00e9ssers vius que conformen aquest medi. Per a assolir aquest objectiu s\u2019ha preparat una taula amb 10-20 esp\u00e8cies de flora i fauna t\u00edpiques de les praderies de posid\u00f2nia, on s\u2019especifiquen les diferents interaccions entre elles (qu\u00e8 mengen, qui se les menja, on viuen\u2026). Amb aquest material l\u2019alumnat haur\u00e0 de determinar el nivell tr\u00f2fic al que pertany cada organisme per a acabar construint una xarxa tr\u00f2fica de la praderia de posid\u00f2nia.<br \/>\nFinalment, es pot acabar la proposta amb la visualitzaci\u00f3 d\u2019un reportatge que ajudar\u00e0 a l\u2019alumnat a entendre la import\u00e0ncia de la conservaci\u00f3 de les praderies i apropar\u00e0 la recerca cient\u00edfica al voltant de la posid\u00f2nia a la ciutadania.<\/p>\n<p><strong>Aspectes did\u00e0ctics i metodol\u00f2gics:<\/strong><\/p>\n<p>Aquesta proposta consta de 3 activitats diferents:<br \/>\nUn taller interactiu d\u2019una sessi\u00f3 de duraci\u00f3, on l\u2019alumnat dividit en grups descobriran la posid\u00f2nia mitjan\u00e7ant la manipulaci\u00f3 de les restes de posid\u00f2nia que es troben a la platja. Es recomana realitzar aquest taller en el laboratori.<br \/>\nUna activitat per a elaborar la xarxa tr\u00f2fica d\u2019una praderia de posid\u00f2nia, on l\u2019alumnat treballar\u00e0 per grups per construir la xarxa tr\u00f2fica. Depenent dels coneixements previs de l\u2019alumnat aquesta activitat pot durar entre 2 i 3 sessions i es pot treballar amb una xarxa de 10 o de 20 esp\u00e8cies diferents. Aix\u00ed mateix, tamb\u00e9 es pot proporcionar m\u00e9s o menys informaci\u00f3 de la taula, per a que sigui el propi alumnat qui facin la cerca d\u2019informaci\u00f3.<br \/>\nUna sessi\u00f3 per a concloure la proposta mitjan\u00e7ant la visualitzaci\u00f3 d\u2019un reportatge i la resposta a un q\u00fcestionari<\/p>\n<p><strong>Objectius:<\/strong><\/p>\n<p>Con\u00e8ixer l\u2019exist\u00e8ncia de les praderies de posid\u00f2nia i comprendre la import\u00e0ncia de la conservaci\u00f3 i protecci\u00f3 d\u2019aquestes plantes i del medi on es troben.<br \/>\nIdentificar i distingir les diferents parts d\u2019una planta faner\u00f2gama, entendre les difer\u00e8ncies entre les plantes i les algues, i relacionar cada estructura de la planta amb la seva funci\u00f3.<br \/>\nAprendre a fer una cerca i identificaci\u00f3 d\u2019organismes a partir de l\u2019observaci\u00f3 i l\u2019\u00fas de guies especialitzades en fauna i flora marina.<br \/>\nEntendre les relacions tr\u00f2fiques entre diferents organismes d\u2019un ecosistema mar\u00ed, refor\u00e7ant conceptes com els d\u2019organismes productors i consumidors, superpredadors, organismes aut\u00f2trofs o heter\u00f2trofs, etc.<br \/>\nSer conscient dels avantatges i beneficis que aporta la pres\u00e8ncia de praderies de posid\u00f2nia a les nostres costes i fomentar l\u2019inter\u00e8s en la conservaci\u00f3 d\u2019aquest ecosistema.<br \/>\nCon\u00e8ixer els treballs que la comunitat cient\u00edfica est\u00e0 duent a terme per a l\u2019estudi d\u2019aquestes praderies.<\/p>\n<p><strong>Recursos emprats:<\/strong><\/p>\n<p>Activitat 1:<br \/>\nRestes de posid\u00f2nia de les platges: restes de fulles, pilotes de fibra, trossos de rizomes, etc.<br \/>\nLupa binocular<br \/>\nMaterial per a l\u2019observaci\u00f3 amb lupa: plaques de Petri, pinces, etc.<br \/>\nGuies de fauna i flora de la Mediterr\u00e0nia o acc\u00e9s a Internet<br \/>\nMaterial de suport al professorat: guia did\u00e0ctica<\/p>\n<p>Activitat 2:<br \/>\nMaterial per l\u2019alumnat: Taula per a la construcci\u00f3 de la xarxa tr\u00f2fica amb les imatges per a retallar<br \/>\nCartolina, tisores, cola<br \/>\nMaterial de suport al professorat: guia did\u00e0ctica<br \/>\nOptatiu: acc\u00e9s a Internet i a guies de fauna i flora per a la consulta d\u2019informaci\u00f3<br \/>\nActivitat 3:<br \/>\nReportatge \u201cSave Posidonia Project\u201d: https:\/\/vimeo.com\/214754173<br \/>\nReportatge \u201cLife+ Posidonia Andaluc\u00eda. Acciones cient\u00edficas\u201d: <a href=\"https:\/\/www.youtube.com\/watch?v=Ol1rwwT-vSg&amp;0BF00CA494AD570045C340182AA68EE0\">https:\/\/www.youtube.com\/watch?v=Ol1rwwT-vSg&amp;0BF00CA494AD570045C340182AA68EE0<\/a><br \/>\nMaterial per a l\u2019alumnat: Q\u00fcestionari<\/p>\n<p><strong>Altres documents adjunts:<\/strong><\/p>\n<p>Material per al professorat: Guia did\u00e0ctica<br \/>\nMaterial per a l\u2019alumnat: Taula i imatges per a la construcci\u00f3 de la xarxa tr\u00f2fica (20 esp\u00e8cies)<br \/>\nMaterial per a l\u2019alumnat: Taula i imatges per a la construcci\u00f3 de la xarxa tr\u00f2fica (10 esp\u00e8cies)<br \/>\nMaterial per a l\u2019alumnat: Q\u00fcestionari del v\u00eddeo del projecte SAVE POSIDONIA PROJECT<br \/>\nMaterial per a l\u2019alumnat: Q\u00fcestionari del v\u00eddeo del projecte LIFE+ POSIDONIA ANDALUC\u00cdA<\/span><\/div><\/li><\/ul><\/div><\/div><\/div><\/div><\/div>","protected":false},"excerpt":{"rendered":"Documents adjunts: Material per al professor: Guia did\u00e0ctica Material per a l\u2019alumne: Taula i imatges per a la construcci\u00f3 de la xarxa tr\u00f2fica (20 esp\u00e8cies) Material per a l\u2019alumne: Taula i imatges per a la construcci\u00f3 de la xarxa tr\u00f2fica &nbsp;(10 esp\u00e8cies) Material per a l\u2019alumne: Q\u00fcestionari: SAVE POSIDONIA PROJECT Material per a l\u2019alumne: Q\u00fcestionari:&hellip;","protected":false},"author":1,"featured_media":0,"parent":0,"menu_order":0,"comment_status":"closed","ping_status":"closed","template":"","meta":[],"yoast_head":"<!-- This site is optimized with the Yoast SEO plugin v16.0.1 - https:\/\/yoast.com\/wordpress\/plugins\/seo\/ -->\n<title>Les praderies de Posid\u00f2nia, un ecosistema sota l&#039;aigua | Escoles Blaves<\/title>\n<link rel=\"canonical\" href=\"http:\/\/www.escolesblaves.cat\/en\/praderies-posidonia\/\" \/>\n<meta property=\"og:locale\" content=\"en_GB\" \/>\n<meta property=\"og:type\" content=\"article\" \/>\n<meta property=\"og:title\" content=\"Les praderies de Posid\u00f2nia, un ecosistema sota l&#039;aigua | Escoles Blaves\" \/>\n<meta property=\"og:url\" content=\"http:\/\/www.escolesblaves.cat\/en\/praderies-posidonia\/\" \/>\n<meta property=\"og:site_name\" content=\"Escoles Blaves\" \/>\n<meta property=\"article:publisher\" content=\"https:\/\/www.facebook.com\/PlanctonDivulgacioIServeisMarins\" \/>\n<meta property=\"article:modified_time\" content=\"2021-03-17T09:17:18+00:00\" \/>\n<meta property=\"og:image\" content=\"https:\/\/www.escolesblaves.cat\/wp-content\/uploads\/2017\/05\/thumb-16.png\" \/>\n\t<meta property=\"og:image:width\" content=\"401\" \/>\n\t<meta property=\"og:image:height\" content=\"210\" \/>\n<meta name=\"twitter:card\" content=\"summary\" \/>\n<meta name=\"twitter:site\" content=\"@planctondivulga\" \/>\n<meta name=\"twitter:label1\" content=\"Estimated reading time\">\n\t<meta name=\"twitter:data1\" content=\"4 minutes\">\n<script type=\"application\/ld+json\" class=\"yoast-schema-graph\">{\"@context\":\"https:\/\/schema.org\",\"@graph\":[{\"@type\":\"Organization\",\"@id\":\"https:\/\/www.escolesblaves.cat\/#organization\",\"name\":\"Escoles blaves\",\"url\":\"https:\/\/www.escolesblaves.cat\/\",\"sameAs\":[\"https:\/\/www.facebook.com\/PlanctonDivulgacioIServeisMarins\",\"http:\/\/www.instagram.com\/planctondivulga\",\"https:\/\/twitter.com\/planctondivulga\"],\"logo\":{\"@type\":\"ImageObject\",\"@id\":\"https:\/\/www.escolesblaves.cat\/#logo\",\"inLanguage\":\"en-GB\",\"url\":\"https:\/\/www.escolesblaves.cat\/wp-content\/uploads\/2017\/05\/logo-web-01-01-01.png\",\"width\":208,\"height\":99,\"caption\":\"Escoles blaves\"},\"image\":{\"@id\":\"https:\/\/www.escolesblaves.cat\/#logo\"}},{\"@type\":\"WebSite\",\"@id\":\"https:\/\/www.escolesblaves.cat\/#website\",\"url\":\"https:\/\/www.escolesblaves.cat\/\",\"name\":\"Escoles Blaves\",\"description\":\"Apropem el mar a les Terres de l&#039;Ebre\",\"publisher\":{\"@id\":\"https:\/\/www.escolesblaves.cat\/#organization\"},\"potentialAction\":[{\"@type\":\"SearchAction\",\"target\":\"https:\/\/www.escolesblaves.cat\/?s={search_term_string}\",\"query-input\":\"required name=search_term_string\"}],\"inLanguage\":\"en-GB\"},{\"@type\":\"WebPage\",\"@id\":\"https:\/\/www.escolesblaves.cat\/praderies-posidonia\/#webpage\",\"url\":\"https:\/\/www.escolesblaves.cat\/praderies-posidonia\/\",\"name\":\"Les praderies de Posid\\u00f2nia, un ecosistema sota l'aigua | Escoles Blaves\",\"isPartOf\":{\"@id\":\"https:\/\/www.escolesblaves.cat\/#website\"},\"datePublished\":\"2017-08-03T09:31:07+00:00\",\"dateModified\":\"2021-03-17T09:17:18+00:00\",\"breadcrumb\":{\"@id\":\"https:\/\/www.escolesblaves.cat\/praderies-posidonia\/#breadcrumb\"},\"inLanguage\":\"en-GB\",\"potentialAction\":[{\"@type\":\"ReadAction\",\"target\":[\"https:\/\/www.escolesblaves.cat\/praderies-posidonia\/\"]}]},{\"@type\":\"BreadcrumbList\",\"@id\":\"https:\/\/www.escolesblaves.cat\/praderies-posidonia\/#breadcrumb\",\"itemListElement\":[{\"@type\":\"ListItem\",\"position\":1,\"item\":{\"@type\":\"WebPage\",\"@id\":\"https:\/\/www.escolesblaves.cat\/\",\"url\":\"https:\/\/www.escolesblaves.cat\/\",\"name\":\"Inici\"}},{\"@type\":\"ListItem\",\"position\":2,\"item\":{\"@type\":\"WebPage\",\"@id\":\"https:\/\/www.escolesblaves.cat\/praderies-posidonia\/\",\"url\":\"https:\/\/www.escolesblaves.cat\/praderies-posidonia\/\",\"name\":\"Les praderies de Posid\\u00f2nia, un ecosistema sota l&#8217;aigua\"}}]}]}<\/script>\n<!-- \/ Yoast SEO plugin. -->","_links":{"self":[{"href":"http:\/\/www.escolesblaves.cat\/en\/wp-json\/wp\/v2\/pages\/418"}],"collection":[{"href":"http:\/\/www.escolesblaves.cat\/en\/wp-json\/wp\/v2\/pages"}],"about":[{"href":"http:\/\/www.escolesblaves.cat\/en\/wp-json\/wp\/v2\/types\/page"}],"author":[{"embeddable":true,"href":"http:\/\/www.escolesblaves.cat\/en\/wp-json\/wp\/v2\/users\/1"}],"replies":[{"embeddable":true,"href":"http:\/\/www.escolesblaves.cat\/en\/wp-json\/wp\/v2\/comments?post=418"}],"version-history":[{"count":24,"href":"http:\/\/www.escolesblaves.cat\/en\/wp-json\/wp\/v2\/pages\/418\/revisions"}],"predecessor-version":[{"id":737,"href":"http:\/\/www.escolesblaves.cat\/en\/wp-json\/wp\/v2\/pages\/418\/revisions\/737"}],"wp:attachment":[{"href":"http:\/\/www.escolesblaves.cat\/en\/wp-json\/wp\/v2\/media?parent=418"}],"curies":[{"name":"wp","href":"https:\/\/api.w.org\/{rel}","templated":true}]}}