{"id":497,"date":"2017-12-19T09:19:30","date_gmt":"2017-12-19T09:19:30","guid":{"rendered":"http:\/\/www.escolesblaves.cat\/?page_id=497"},"modified":"2018-02-12T15:02:28","modified_gmt":"2018-02-12T15:02:28","slug":"centres-pilot","status":"publish","type":"page","link":"http:\/\/www.escolesblaves.cat\/en\/escoles-blaves\/centres-pilot\/","title":{"rendered":"Pilot Schools"},"content":{"rendered":"<div class=\"vc_row wpb_row vc_row-fluid dt-default\" style=\"margin-top: 0px;margin-bottom: 0px\"><div class=\"wpb_column vc_column_container vc_col-sm-12\"><div class=\"vc_column-inner\"><div class=\"wpb_wrapper\">\n\t<div class=\"wpb_text_column wpb_content_element\" >\n\t\t<div class=\"wpb_wrapper\">\n\t\t\t<p>We would like to thank all the secondary schools who have believed in our project from the very first day, and have enthusiastically taken on all the advice and help we offer. The project was originally created thinking about schools in the Baix Ebre and Ribera d\u2019Ebre areas but finally we included the option for schools from the Montsi\u00e0 area to the south of the River Ebro to join so as to make up the number of education centres the project needed. We would especially like to give our thanks to the local offices of the Education Department (CRP Baix Ebre, CRP Ribera d\u2019Ebre and Serveis Territorials d\u2019Ensenyament de les Terres de l\u2019Ebre) for their support and help in carrying out the work involved in setting up the project.<\/p>\n\n\t\t<\/div>\n\t<\/div>\n\n\t<div class=\"wpb_text_column wpb_content_element\" >\n\t\t<div class=\"wpb_wrapper\">\n\t\t\t<h3>Do you want to know which secondary schools are participating?<\/h3>\n\n\t\t<\/div>\n\t<\/div>\n<\/div><\/div><\/div><\/div><div class=\"vc_row wpb_row vc_row-fluid dt-default\" style=\"margin-top: 0px;margin-bottom: 0px\"><div class=\"wpb_column vc_column_container vc_col-sm-3\"><div class=\"vc_column-inner\"><div class=\"wpb_wrapper\">\n\t<div  class=\"wpb_single_image wpb_content_element vc_align_center\">\n\t\t\n\t\t<figure class=\"wpb_wrapper vc_figure\">\n\t\t\t<div class=\"vc_single_image-wrapper   vc_box_border_grey\"><img width=\"300\" height=\"225\" src=\"https:\/\/www.escolesblaves.cat\/wp-content\/uploads\/2017\/12\/Entregaplaca_instiAmetlla-300x225.jpg\" class=\"vc_single_image-img attachment-medium\" alt=\"\" loading=\"lazy\" srcset=\"https:\/\/www.escolesblaves.cat\/wp-content\/uploads\/2017\/12\/Entregaplaca_instiAmetlla-300x225.jpg 300w, https:\/\/www.escolesblaves.cat\/wp-content\/uploads\/2017\/12\/Entregaplaca_instiAmetlla-768x576.jpg 768w, https:\/\/www.escolesblaves.cat\/wp-content\/uploads\/2017\/12\/Entregaplaca_instiAmetlla.jpg 800w\" sizes=\"(max-width: 300px) 100vw, 300px\" \/><\/div>\n\t\t<\/figure>\n\t<\/div>\n\n\t<div class=\"wpb_text_column wpb_content_element\" >\n\t\t<div class=\"wpb_wrapper\">\n\t\t\t<p style=\"text-align: center;\"><strong>Candelera High School<br \/>\n<\/strong><em>L&#8217;Ametlla de Mar<\/em><\/p>\n\n\t\t<\/div>\n\t<\/div>\n<\/div><\/div><\/div><div class=\"wpb_column vc_column_container vc_col-sm-3\"><div class=\"vc_column-inner\"><div class=\"wpb_wrapper\">\n\t<div  class=\"wpb_single_image wpb_content_element vc_align_center\">\n\t\t\n\t\t<figure class=\"wpb_wrapper vc_figure\">\n\t\t\t<div class=\"vc_single_image-wrapper   vc_box_border_grey\"><img width=\"300\" height=\"225\" src=\"https:\/\/www.escolesblaves.cat\/wp-content\/uploads\/2017\/12\/Entregaplaca_Instiperello-300x225.jpg\" class=\"vc_single_image-img attachment-medium\" alt=\"\" loading=\"lazy\" srcset=\"https:\/\/www.escolesblaves.cat\/wp-content\/uploads\/2017\/12\/Entregaplaca_Instiperello-300x225.jpg 300w, https:\/\/www.escolesblaves.cat\/wp-content\/uploads\/2017\/12\/Entregaplaca_Instiperello-768x576.jpg 768w, https:\/\/www.escolesblaves.cat\/wp-content\/uploads\/2017\/12\/Entregaplaca_Instiperello.jpg 800w\" sizes=\"(max-width: 300px) 100vw, 300px\" \/><\/div>\n\t\t<\/figure>\n\t<\/div>\n\n\t<div class=\"wpb_text_column wpb_content_element\" >\n\t\t<div class=\"wpb_wrapper\">\n\t\t\t<p style=\"text-align: center;\"><strong>Blanca d'Anjou High School<br \/>\n<\/strong><em>El Perell\u00f3<br \/>\n<\/em><\/p>\n\n\t\t<\/div>\n\t<\/div>\n<\/div><\/div><\/div><div class=\"wpb_column vc_column_container vc_col-sm-3\"><div class=\"vc_column-inner\"><div class=\"wpb_wrapper\">\n\t<div  class=\"wpb_single_image wpb_content_element vc_align_center\">\n\t\t\n\t\t<figure class=\"wpb_wrapper vc_figure\">\n\t\t\t<div class=\"vc_single_image-wrapper   vc_box_border_grey\"><img width=\"300\" height=\"225\" src=\"https:\/\/www.escolesblaves.cat\/wp-content\/uploads\/2017\/12\/Entregaplaca_instiDeltebre-300x225.jpg\" class=\"vc_single_image-img attachment-medium\" alt=\"\" loading=\"lazy\" srcset=\"https:\/\/www.escolesblaves.cat\/wp-content\/uploads\/2017\/12\/Entregaplaca_instiDeltebre-300x225.jpg 300w, https:\/\/www.escolesblaves.cat\/wp-content\/uploads\/2017\/12\/Entregaplaca_instiDeltebre-768x576.jpg 768w, https:\/\/www.escolesblaves.cat\/wp-content\/uploads\/2017\/12\/Entregaplaca_instiDeltebre.jpg 800w\" sizes=\"(max-width: 300px) 100vw, 300px\" \/><\/div>\n\t\t<\/figure>\n\t<\/div>\n\n\t<div class=\"wpb_text_column wpb_content_element\" >\n\t\t<div class=\"wpb_wrapper\">\n\t\t\t<p style=\"text-align: center;\"><strong>Deltebre High School<br \/>\n<\/strong><em>Deltebre<\/em><\/p>\n\n\t\t<\/div>\n\t<\/div>\n<\/div><\/div><\/div><div class=\"wpb_column vc_column_container vc_col-sm-3\"><div class=\"vc_column-inner\"><div class=\"wpb_wrapper\">\n\t<div  class=\"wpb_single_image wpb_content_element vc_align_center\">\n\t\t\n\t\t<figure class=\"wpb_wrapper vc_figure\">\n\t\t\t<div class=\"vc_single_image-wrapper   vc_box_border_grey\"><img width=\"300\" height=\"225\" src=\"https:\/\/www.escolesblaves.cat\/wp-content\/uploads\/2017\/12\/Entregaplaca_instiTortosa-300x225.jpg\" class=\"vc_single_image-img attachment-medium\" alt=\"\" loading=\"lazy\" srcset=\"https:\/\/www.escolesblaves.cat\/wp-content\/uploads\/2017\/12\/Entregaplaca_instiTortosa-300x225.jpg 300w, https:\/\/www.escolesblaves.cat\/wp-content\/uploads\/2017\/12\/Entregaplaca_instiTortosa-768x576.jpg 768w, https:\/\/www.escolesblaves.cat\/wp-content\/uploads\/2017\/12\/Entregaplaca_instiTortosa.jpg 800w\" sizes=\"(max-width: 300px) 100vw, 300px\" \/><\/div>\n\t\t<\/figure>\n\t<\/div>\n\n\t<div class=\"wpb_text_column wpb_content_element\" >\n\t\t<div class=\"wpb_wrapper\">\n\t\t\t<p style=\"text-align: center;\"><strong>Dertosa High School<br \/>\n<\/strong><em>Tortosa<\/em><\/p>\n\n\t\t<\/div>\n\t<\/div>\n<\/div><\/div><\/div><\/div><div class=\"vc_row wpb_row vc_row-fluid dt-default\" style=\"margin-top: 0px;margin-bottom: 0px\"><div class=\"wpb_column vc_column_container vc_col-sm-3\"><div class=\"vc_column-inner\"><div class=\"wpb_wrapper\">\n\t<div  class=\"wpb_single_image wpb_content_element vc_align_center\">\n\t\t\n\t\t<figure class=\"wpb_wrapper vc_figure\">\n\t\t\t<div class=\"vc_single_image-wrapper   vc_box_border_grey\"><img width=\"300\" height=\"225\" src=\"https:\/\/www.escolesblaves.cat\/wp-content\/uploads\/2017\/12\/Entregaplaca_instiRoquetes-300x225.jpg\" class=\"vc_single_image-img attachment-medium\" alt=\"\" loading=\"lazy\" srcset=\"https:\/\/www.escolesblaves.cat\/wp-content\/uploads\/2017\/12\/Entregaplaca_instiRoquetes-300x225.jpg 300w, https:\/\/www.escolesblaves.cat\/wp-content\/uploads\/2017\/12\/Entregaplaca_instiRoquetes-768x576.jpg 768w, https:\/\/www.escolesblaves.cat\/wp-content\/uploads\/2017\/12\/Entregaplaca_instiRoquetes.jpg 800w\" sizes=\"(max-width: 300px) 100vw, 300px\" \/><\/div>\n\t\t<\/figure>\n\t<\/div>\n\n\t<div class=\"wpb_text_column wpb_content_element\" >\n\t\t<div class=\"wpb_wrapper\">\n\t\t\t<p style=\"text-align: center;\"><strong>Roquetes High School<br \/>\n<\/strong><em>Roquetes<\/em><\/p>\n\n\t\t<\/div>\n\t<\/div>\n<\/div><\/div><\/div><div class=\"wpb_column vc_column_container vc_col-sm-3\"><div class=\"vc_column-inner\"><div class=\"wpb_wrapper\">\n\t<div  class=\"wpb_single_image wpb_content_element vc_align_center\">\n\t\t\n\t\t<figure class=\"wpb_wrapper vc_figure\">\n\t\t\t<div class=\"vc_single_image-wrapper   vc_box_border_grey\"><img width=\"300\" height=\"225\" src=\"https:\/\/www.escolesblaves.cat\/wp-content\/uploads\/2017\/12\/Entregaplaca_instiFlix-300x225.jpg\" class=\"vc_single_image-img attachment-medium\" alt=\"\" loading=\"lazy\" srcset=\"https:\/\/www.escolesblaves.cat\/wp-content\/uploads\/2017\/12\/Entregaplaca_instiFlix-300x225.jpg 300w, https:\/\/www.escolesblaves.cat\/wp-content\/uploads\/2017\/12\/Entregaplaca_instiFlix-768x576.jpg 768w, https:\/\/www.escolesblaves.cat\/wp-content\/uploads\/2017\/12\/Entregaplaca_instiFlix.jpg 800w\" sizes=\"(max-width: 300px) 100vw, 300px\" \/><\/div>\n\t\t<\/figure>\n\t<\/div>\n\n\t<div class=\"wpb_text_column wpb_content_element\" >\n\t\t<div class=\"wpb_wrapper\">\n\t\t\t<p style=\"text-align: center;\"><strong>Flix High School<br \/>\n<\/strong><em>Flix<\/em><\/p>\n\n\t\t<\/div>\n\t<\/div>\n<\/div><\/div><\/div><div class=\"wpb_column vc_column_container vc_col-sm-3\"><div class=\"vc_column-inner\"><div class=\"wpb_wrapper\">\n\t<div  class=\"wpb_single_image wpb_content_element vc_align_center\">\n\t\t\n\t\t<figure class=\"wpb_wrapper vc_figure\">\n\t\t\t<div class=\"vc_single_image-wrapper   vc_box_border_grey\"><img width=\"300\" height=\"225\" src=\"https:\/\/www.escolesblaves.cat\/wp-content\/uploads\/2017\/12\/Entregaplaca_instiAlcanar-300x225.jpg\" class=\"vc_single_image-img attachment-medium\" alt=\"\" loading=\"lazy\" srcset=\"https:\/\/www.escolesblaves.cat\/wp-content\/uploads\/2017\/12\/Entregaplaca_instiAlcanar-300x225.jpg 300w, https:\/\/www.escolesblaves.cat\/wp-content\/uploads\/2017\/12\/Entregaplaca_instiAlcanar-768x576.jpg 768w, https:\/\/www.escolesblaves.cat\/wp-content\/uploads\/2017\/12\/Entregaplaca_instiAlcanar.jpg 800w\" sizes=\"(max-width: 300px) 100vw, 300px\" \/><\/div>\n\t\t<\/figure>\n\t<\/div>\n\n\t<div class=\"wpb_text_column wpb_content_element\" >\n\t\t<div class=\"wpb_wrapper\">\n\t\t\t<p style=\"text-align: center;\"><strong>S\u00f2l-de-Riu High School<br \/>\n<\/strong><em>Alcanar<\/em><\/p>\n\n\t\t<\/div>\n\t<\/div>\n<\/div><\/div><\/div><div class=\"wpb_column vc_column_container vc_col-sm-3\"><div class=\"vc_column-inner\"><div class=\"wpb_wrapper\">\n\t<div  class=\"wpb_single_image wpb_content_element vc_align_center\">\n\t\t\n\t\t<figure class=\"wpb_wrapper vc_figure\">\n\t\t\t<div class=\"vc_single_image-wrapper   vc_box_border_grey\"><img width=\"300\" height=\"225\" src=\"https:\/\/www.escolesblaves.cat\/wp-content\/uploads\/2017\/12\/Entregaplaca_instiUlldecona-300x225.jpg\" class=\"vc_single_image-img attachment-medium\" alt=\"\" loading=\"lazy\" srcset=\"https:\/\/www.escolesblaves.cat\/wp-content\/uploads\/2017\/12\/Entregaplaca_instiUlldecona-300x225.jpg 300w, https:\/\/www.escolesblaves.cat\/wp-content\/uploads\/2017\/12\/Entregaplaca_instiUlldecona-768x576.jpg 768w, https:\/\/www.escolesblaves.cat\/wp-content\/uploads\/2017\/12\/Entregaplaca_instiUlldecona.jpg 800w\" sizes=\"(max-width: 300px) 100vw, 300px\" \/><\/div>\n\t\t<\/figure>\n\t<\/div>\n\n\t<div class=\"wpb_text_column wpb_content_element\" >\n\t\t<div class=\"wpb_wrapper\">\n\t\t\t<p style=\"text-align: center;\"><strong>Manuel Sales i Ferr\u00e9 High School<br \/>\n<\/strong><em>Ulldecona<\/em><\/p>\n\n\t\t<\/div>\n\t<\/div>\n<\/div><\/div><\/div><\/div>","protected":false},"excerpt":{"rendered":"Volem agra\u00efr els instituts que han confiat en aquest projecte des del primer dia cegament i que estan posant molta il\u00b7lusi\u00f3 i ganes per aprofitar l'assessorament que els brindem. Inicialment el projecte es va pensar per a instituts del Baix Ebre i la Ribera d'Ebre, per\u00f2 finalment hem incl\u00f2s tamb\u00e9 instituts de la comarca del&hellip;","protected":false},"author":1,"featured_media":0,"parent":8,"menu_order":0,"comment_status":"closed","ping_status":"closed","template":"","meta":[],"yoast_head":"<!-- This site is optimized with the Yoast SEO plugin v16.0.1 - https:\/\/yoast.com\/wordpress\/plugins\/seo\/ -->\n<title>Centres pilot | Escoles Blaves<\/title>\n<link rel=\"canonical\" href=\"https:\/\/www.escolesblaves.cat\/en\/escoles-blaves\/centres-pilot\/\" \/>\n<meta property=\"og:locale\" content=\"en_GB\" \/>\n<meta property=\"og:type\" content=\"article\" \/>\n<meta property=\"og:title\" content=\"Centres pilot | Escoles Blaves\" \/>\n<meta property=\"og:url\" content=\"https:\/\/www.escolesblaves.cat\/en\/escoles-blaves\/centres-pilot\/\" \/>\n<meta property=\"og:site_name\" content=\"Escoles Blaves\" \/>\n<meta property=\"article:publisher\" content=\"https:\/\/www.facebook.com\/PlanctonDivulgacioIServeisMarins\" \/>\n<meta property=\"article:modified_time\" content=\"2018-02-12T15:02:28+00:00\" \/>\n<meta property=\"og:image\" content=\"https:\/\/www.escolesblaves.cat\/wp-content\/uploads\/2017\/05\/thumb-16.png\" \/>\n\t<meta property=\"og:image:width\" content=\"401\" \/>\n\t<meta property=\"og:image:height\" content=\"210\" \/>\n<meta name=\"twitter:card\" content=\"summary\" \/>\n<meta name=\"twitter:site\" content=\"@planctondivulga\" \/>\n<meta name=\"twitter:label1\" content=\"Estimated reading time\">\n\t<meta name=\"twitter:data1\" content=\"2 minutes\">\n<script type=\"application\/ld+json\" class=\"yoast-schema-graph\">{\"@context\":\"https:\/\/schema.org\",\"@graph\":[{\"@type\":\"Organization\",\"@id\":\"https:\/\/www.escolesblaves.cat\/#organization\",\"name\":\"Escoles blaves\",\"url\":\"https:\/\/www.escolesblaves.cat\/\",\"sameAs\":[\"https:\/\/www.facebook.com\/PlanctonDivulgacioIServeisMarins\",\"http:\/\/www.instagram.com\/planctondivulga\",\"https:\/\/twitter.com\/planctondivulga\"],\"logo\":{\"@type\":\"ImageObject\",\"@id\":\"https:\/\/www.escolesblaves.cat\/#logo\",\"inLanguage\":\"en-GB\",\"url\":\"https:\/\/www.escolesblaves.cat\/wp-content\/uploads\/2017\/05\/logo-web-01-01-01.png\",\"width\":208,\"height\":99,\"caption\":\"Escoles blaves\"},\"image\":{\"@id\":\"https:\/\/www.escolesblaves.cat\/#logo\"}},{\"@type\":\"WebSite\",\"@id\":\"https:\/\/www.escolesblaves.cat\/#website\",\"url\":\"https:\/\/www.escolesblaves.cat\/\",\"name\":\"Escoles Blaves\",\"description\":\"Apropem el mar a les Terres de l&#039;Ebre\",\"publisher\":{\"@id\":\"https:\/\/www.escolesblaves.cat\/#organization\"},\"potentialAction\":[{\"@type\":\"SearchAction\",\"target\":\"https:\/\/www.escolesblaves.cat\/?s={search_term_string}\",\"query-input\":\"required name=search_term_string\"}],\"inLanguage\":\"en-GB\"},{\"@type\":\"WebPage\",\"@id\":\"https:\/\/www.escolesblaves.cat\/en\/escoles-blaves\/centres-pilot\/#webpage\",\"url\":\"https:\/\/www.escolesblaves.cat\/en\/escoles-blaves\/centres-pilot\/\",\"name\":\"Centres pilot | Escoles Blaves\",\"isPartOf\":{\"@id\":\"https:\/\/www.escolesblaves.cat\/#website\"},\"datePublished\":\"2017-12-19T09:19:30+00:00\",\"dateModified\":\"2018-02-12T15:02:28+00:00\",\"breadcrumb\":{\"@id\":\"https:\/\/www.escolesblaves.cat\/en\/escoles-blaves\/centres-pilot\/#breadcrumb\"},\"inLanguage\":\"en-GB\",\"potentialAction\":[{\"@type\":\"ReadAction\",\"target\":[\"https:\/\/www.escolesblaves.cat\/en\/escoles-blaves\/centres-pilot\/\"]}]},{\"@type\":\"BreadcrumbList\",\"@id\":\"https:\/\/www.escolesblaves.cat\/en\/escoles-blaves\/centres-pilot\/#breadcrumb\",\"itemListElement\":[{\"@type\":\"ListItem\",\"position\":1,\"item\":{\"@type\":\"WebPage\",\"@id\":\"https:\/\/www.escolesblaves.cat\/\",\"url\":\"https:\/\/www.escolesblaves.cat\/\",\"name\":\"Inici\"}},{\"@type\":\"ListItem\",\"position\":2,\"item\":{\"@type\":\"WebPage\",\"@id\":\"https:\/\/www.escolesblaves.cat\/escoles-blaves\/\",\"url\":\"https:\/\/www.escolesblaves.cat\/escoles-blaves\/\",\"name\":\"Escoles blaves\"}},{\"@type\":\"ListItem\",\"position\":3,\"item\":{\"@type\":\"WebPage\",\"@id\":\"https:\/\/www.escolesblaves.cat\/en\/escoles-blaves\/centres-pilot\/\",\"url\":\"https:\/\/www.escolesblaves.cat\/en\/escoles-blaves\/centres-pilot\/\",\"name\":\"Centres pilot\"}}]}]}<\/script>\n<!-- \/ Yoast SEO plugin. -->","_links":{"self":[{"href":"http:\/\/www.escolesblaves.cat\/en\/wp-json\/wp\/v2\/pages\/497"}],"collection":[{"href":"http:\/\/www.escolesblaves.cat\/en\/wp-json\/wp\/v2\/pages"}],"about":[{"href":"http:\/\/www.escolesblaves.cat\/en\/wp-json\/wp\/v2\/types\/page"}],"author":[{"embeddable":true,"href":"http:\/\/www.escolesblaves.cat\/en\/wp-json\/wp\/v2\/users\/1"}],"replies":[{"embeddable":true,"href":"http:\/\/www.escolesblaves.cat\/en\/wp-json\/wp\/v2\/comments?post=497"}],"version-history":[{"count":8,"href":"http:\/\/www.escolesblaves.cat\/en\/wp-json\/wp\/v2\/pages\/497\/revisions"}],"predecessor-version":[{"id":660,"href":"http:\/\/www.escolesblaves.cat\/en\/wp-json\/wp\/v2\/pages\/497\/revisions\/660"}],"up":[{"embeddable":true,"href":"http:\/\/www.escolesblaves.cat\/en\/wp-json\/wp\/v2\/pages\/8"}],"wp:attachment":[{"href":"http:\/\/www.escolesblaves.cat\/en\/wp-json\/wp\/v2\/media?parent=497"}],"curies":[{"name":"wp","href":"https:\/\/api.w.org\/{rel}","templated":true}]}}