{"id":599,"date":"2018-01-22T11:32:38","date_gmt":"2018-01-22T11:32:38","guid":{"rendered":"http:\/\/www.escolesblaves.cat\/?page_id=599"},"modified":"2018-01-22T11:34:22","modified_gmt":"2018-01-22T11:34:22","slug":"el-sexe-al-mar","status":"publish","type":"page","link":"http:\/\/www.escolesblaves.cat\/en\/el-sexe-al-mar\/","title":{"rendered":"The Sex Lives of Sea Creatures (in Catalan)"},"content":{"rendered":"<div class=\"vc_row wpb_row vc_row-fluid dt-default\" style=\"margin-top: 0px;margin-bottom: 0px\"><div class=\"wpb_column vc_column_container vc_col-sm-3\"><div class=\"vc_column-inner\"><div class=\"wpb_wrapper\">\n\t<div  class=\"wpb_single_image wpb_content_element vc_align_left\">\n\t\t\n\t\t<figure class=\"wpb_wrapper vc_figure\">\n\t\t\t<a href=\"http:\/\/www.escolesblaves.cat\/wp-content\/uploads\/2018\/01\/escolesblaves_sexe.pdf\" target=\"_blank\" class=\"vc_single_image-wrapper   vc_box_border_grey rollover\"><img width=\"1241\" height=\"1754\" src=\"https:\/\/www.escolesblaves.cat\/wp-content\/uploads\/2018\/01\/escolesblaves_sexe.jpg\" class=\"vc_single_image-img attachment-full\" alt=\"\" loading=\"lazy\" srcset=\"https:\/\/www.escolesblaves.cat\/wp-content\/uploads\/2018\/01\/escolesblaves_sexe.jpg 1241w, https:\/\/www.escolesblaves.cat\/wp-content\/uploads\/2018\/01\/escolesblaves_sexe-212x300.jpg 212w, https:\/\/www.escolesblaves.cat\/wp-content\/uploads\/2018\/01\/escolesblaves_sexe-768x1085.jpg 768w, https:\/\/www.escolesblaves.cat\/wp-content\/uploads\/2018\/01\/escolesblaves_sexe-725x1024.jpg 725w\" sizes=\"(max-width: 1241px) 100vw, 1241px\" \/><\/a>\n\t\t<\/figure>\n\t<\/div>\n<a href=\"http:\/\/www.escolesblaves.cat\/wp-content\/uploads\/2018\/01\/escolesblaves_sexe.pdf\" class=\"default-btn-shortcode dt-btn dt-btn-l full-width-btn btn-inline-left\" id=\"default-btn-1\" title=\"Descarrega\" rel=\"nofollow\"><span>Descarregar el PDF<\/span><\/a><\/div><\/div><\/div><div class=\"wpb_column vc_column_container vc_col-sm-9\"><div class=\"vc_column-inner\"><div class=\"wpb_wrapper\"><div class=\"uavc-list-icon uavc-list-icon-wrapper ult-adjust-bottom-margin\"><ul class=\"uavc-list\"><li><div class=\"uavc-list-content\" id=\"list-icon-wrap-6978\">\n<div class=\"uavc-list-icon\" data-animation=\"\" data-animation-delay=\"03\" style=\"margin-right:5px;\"><div class=\"ult-just-icon-wrapper\"><div class=\"align-icon\" style=\"text-align:center;\">\n<div class=\"aio-icon none\"  style=\"color:#333333;font-size:32px;display:inline-block;\">\n\t<i class=\"Defaults-book\"><\/i>\n<\/div><\/div><\/div>\n<\/div><span  data-ultimate-target='#list-icon-wrap-6978 .uavc-list-desc'  data-responsive-json-new='{\"font-size\":\"\",\"line-height\":\"\"}'  class=\"uavc-list-desc ult-responsive\" style=\"\"><strong>Alumnat a qui va dirigit:<\/strong> 4rt d\u2019ESO &#8211; Batxillerat<\/p>\n<p><strong>\u00c0rees\/Mat\u00e8ries:<\/strong> Biologia i Geologia (4rt ESO): La vida, conservaci\u00f3 i canvi. Biologia (1er Bat.): Reproducci\u00f3 sexual i asexual, g\u00e0metes, meiosis&#8230;<\/p>\n<p><strong>Descripci\u00f3:<\/strong><\/p>\n<p>Les estrat\u00e8gies de reproducci\u00f3 dels organismes marins s\u00f3n molt variades ja que la diversitat marina \u00e9s molt gran i el medi on es troben \u00e9s hostil i perill\u00f3s. Seguint el fil conductor dissenyat especialment per aquesta xerrada, l\u2019alumnat descobrir\u00e0 algunes curiositats de la reproducci\u00f3 asexual i sexual entre els animals marins. Aix\u00ed doncs, esbrinaran com es produeix la fecundaci\u00f3 al medi mar\u00ed, s\u2019adonaran que les separacions de mascle o femella no s\u00f3n tant evidents entre algunes esp\u00e8cies marines, i descobriran com alguns animals tenen cura de la seva descend\u00e8ncia.<\/p>\n<p><strong>Aspectes metodol\u00f2gics:<\/strong><\/p>\n<p>L\u2019activitat consta d\u2019una sola sessi\u00f3 te\u00f2rica d\u2019una hora. Per a recolzar l\u2019explicaci\u00f3 s\u2019utilitza un suport gr\u00e0fic a base d\u2019imatges i v\u00eddeos de les diferents estrat\u00e8gies reproductives.<br \/>\nObjectius:<br \/>\nIntroduir conceptes sobre la reproducci\u00f3 com els diferents patrons de reproducci\u00f3 asexual, la fecundaci\u00f3 interna o externa, l\u2019hermafroditisme, la cura de la descend\u00e8ncia&#8230;<br \/>\nAprendre alguns exemples d\u2019estrat\u00e8gies reproductives d\u2019animals marins<\/p>\n<p><strong>Compet\u00e8ncies b\u00e0siques de l\u2019\u00e0mbit cient\u00edfico-tecnol\u00f2gic:<\/strong><\/p>\n<p>Compet\u00e8ncia 2. Identificar i caracteritzar els sistemes biol\u00f2gics i geol\u00f2gics des de la perspectiva dels models, per comunicar i predir el comportament dels fen\u00f2mens naturals<br \/>\nCompet\u00e8ncia 15. Donar resposta a les q\u00fcestions sobre sexualitat i reproducci\u00f3 humanes, a partir del coneixement cient\u00edfic, valorant les conseq\u00fc\u00e8ncies de les conductes de risc<\/p>\n<p><strong>Recursos:<\/strong><\/p>\n<p>Material de suport al professorat: Presentaci\u00f3 \u201cEl sexe al mar\u201d de Prezi i Guia did\u00e0ctica.<\/span><\/div><\/li><\/ul><\/div><\/div><\/div><\/div><\/div>","protected":false},"excerpt":{"rendered":"Descarregar el PDF Alumnat a qui va dirigit: 4rt d\u2019ESO - Batxillerat \u00c0rees\/Mat\u00e8ries: Biologia i Geologia (4rt ESO): La vida, conservaci\u00f3 i canvi. Biologia (1er Bat.): Reproducci\u00f3 sexual i asexual, g\u00e0metes, meiosis... Descripci\u00f3: Les estrat\u00e8gies de reproducci\u00f3 dels organismes marins s\u00f3n molt variades ja que la diversitat marina \u00e9s molt gran i el medi on&hellip;","protected":false},"author":1,"featured_media":0,"parent":0,"menu_order":0,"comment_status":"closed","ping_status":"closed","template":"","meta":[],"yoast_head":"<!-- This site is optimized with the Yoast SEO plugin v16.0.1 - https:\/\/yoast.com\/wordpress\/plugins\/seo\/ -->\n<title>El sexe al mar | Escoles Blaves<\/title>\n<link rel=\"canonical\" href=\"http:\/\/www.escolesblaves.cat\/en\/el-sexe-al-mar\/\" \/>\n<meta property=\"og:locale\" content=\"en_GB\" \/>\n<meta property=\"og:type\" content=\"article\" \/>\n<meta property=\"og:title\" content=\"El sexe al mar | Escoles Blaves\" \/>\n<meta property=\"og:url\" content=\"http:\/\/www.escolesblaves.cat\/en\/el-sexe-al-mar\/\" \/>\n<meta property=\"og:site_name\" content=\"Escoles Blaves\" \/>\n<meta property=\"article:publisher\" content=\"https:\/\/www.facebook.com\/PlanctonDivulgacioIServeisMarins\" \/>\n<meta property=\"article:modified_time\" content=\"2018-01-22T11:34:22+00:00\" \/>\n<meta property=\"og:image\" content=\"https:\/\/www.escolesblaves.cat\/wp-content\/uploads\/2017\/05\/thumb-16.png\" \/>\n\t<meta property=\"og:image:width\" content=\"401\" \/>\n\t<meta property=\"og:image:height\" content=\"210\" \/>\n<meta name=\"twitter:card\" content=\"summary\" \/>\n<meta name=\"twitter:site\" content=\"@planctondivulga\" \/>\n<meta name=\"twitter:label1\" content=\"Estimated reading time\">\n\t<meta name=\"twitter:data1\" content=\"2 minutes\">\n<script type=\"application\/ld+json\" class=\"yoast-schema-graph\">{\"@context\":\"https:\/\/schema.org\",\"@graph\":[{\"@type\":\"Organization\",\"@id\":\"https:\/\/www.escolesblaves.cat\/#organization\",\"name\":\"Escoles blaves\",\"url\":\"https:\/\/www.escolesblaves.cat\/\",\"sameAs\":[\"https:\/\/www.facebook.com\/PlanctonDivulgacioIServeisMarins\",\"http:\/\/www.instagram.com\/planctondivulga\",\"https:\/\/twitter.com\/planctondivulga\"],\"logo\":{\"@type\":\"ImageObject\",\"@id\":\"https:\/\/www.escolesblaves.cat\/#logo\",\"inLanguage\":\"en-GB\",\"url\":\"https:\/\/www.escolesblaves.cat\/wp-content\/uploads\/2017\/05\/logo-web-01-01-01.png\",\"width\":208,\"height\":99,\"caption\":\"Escoles blaves\"},\"image\":{\"@id\":\"https:\/\/www.escolesblaves.cat\/#logo\"}},{\"@type\":\"WebSite\",\"@id\":\"https:\/\/www.escolesblaves.cat\/#website\",\"url\":\"https:\/\/www.escolesblaves.cat\/\",\"name\":\"Escoles Blaves\",\"description\":\"Apropem el mar a les Terres de l&#039;Ebre\",\"publisher\":{\"@id\":\"https:\/\/www.escolesblaves.cat\/#organization\"},\"potentialAction\":[{\"@type\":\"SearchAction\",\"target\":\"https:\/\/www.escolesblaves.cat\/?s={search_term_string}\",\"query-input\":\"required name=search_term_string\"}],\"inLanguage\":\"en-GB\"},{\"@type\":\"WebPage\",\"@id\":\"http:\/\/www.escolesblaves.cat\/en\/el-sexe-al-mar\/#webpage\",\"url\":\"http:\/\/www.escolesblaves.cat\/en\/el-sexe-al-mar\/\",\"name\":\"El sexe al mar | Escoles Blaves\",\"isPartOf\":{\"@id\":\"https:\/\/www.escolesblaves.cat\/#website\"},\"datePublished\":\"2018-01-22T11:32:38+00:00\",\"dateModified\":\"2018-01-22T11:34:22+00:00\",\"breadcrumb\":{\"@id\":\"http:\/\/www.escolesblaves.cat\/en\/el-sexe-al-mar\/#breadcrumb\"},\"inLanguage\":\"en-GB\",\"potentialAction\":[{\"@type\":\"ReadAction\",\"target\":[\"http:\/\/www.escolesblaves.cat\/en\/el-sexe-al-mar\/\"]}]},{\"@type\":\"BreadcrumbList\",\"@id\":\"http:\/\/www.escolesblaves.cat\/en\/el-sexe-al-mar\/#breadcrumb\",\"itemListElement\":[{\"@type\":\"ListItem\",\"position\":1,\"item\":{\"@type\":\"WebPage\",\"@id\":\"https:\/\/www.escolesblaves.cat\/\",\"url\":\"https:\/\/www.escolesblaves.cat\/\",\"name\":\"Inici\"}},{\"@type\":\"ListItem\",\"position\":2,\"item\":{\"@type\":\"WebPage\",\"@id\":\"http:\/\/www.escolesblaves.cat\/en\/el-sexe-al-mar\/\",\"url\":\"http:\/\/www.escolesblaves.cat\/en\/el-sexe-al-mar\/\",\"name\":\"El sexe al mar\"}}]}]}<\/script>\n<!-- \/ Yoast SEO plugin. -->","_links":{"self":[{"href":"http:\/\/www.escolesblaves.cat\/en\/wp-json\/wp\/v2\/pages\/599"}],"collection":[{"href":"http:\/\/www.escolesblaves.cat\/en\/wp-json\/wp\/v2\/pages"}],"about":[{"href":"http:\/\/www.escolesblaves.cat\/en\/wp-json\/wp\/v2\/types\/page"}],"author":[{"embeddable":true,"href":"http:\/\/www.escolesblaves.cat\/en\/wp-json\/wp\/v2\/users\/1"}],"replies":[{"embeddable":true,"href":"http:\/\/www.escolesblaves.cat\/en\/wp-json\/wp\/v2\/comments?post=599"}],"version-history":[{"count":2,"href":"http:\/\/www.escolesblaves.cat\/en\/wp-json\/wp\/v2\/pages\/599\/revisions"}],"predecessor-version":[{"id":603,"href":"http:\/\/www.escolesblaves.cat\/en\/wp-json\/wp\/v2\/pages\/599\/revisions\/603"}],"wp:attachment":[{"href":"http:\/\/www.escolesblaves.cat\/en\/wp-json\/wp\/v2\/media?parent=599"}],"curies":[{"name":"wp","href":"https:\/\/api.w.org\/{rel}","templated":true}]}}