{"id":623,"date":"2018-01-29T13:03:58","date_gmt":"2018-01-29T13:03:58","guid":{"rendered":"http:\/\/www.escolesblaves.cat\/?page_id=623"},"modified":"2018-01-29T13:10:26","modified_gmt":"2018-01-29T13:10:26","slug":"estudi-multidisciplinar-duna-platja","status":"publish","type":"page","link":"http:\/\/www.escolesblaves.cat\/en\/estudi-multidisciplinar-duna-platja\/","title":{"rendered":"A multidisciplinary approach of a beach (in Catalan)"},"content":{"rendered":"<div class=\"vc_row wpb_row vc_row-fluid dt-default\" style=\"margin-top: 0px;margin-bottom: 0px\"><div class=\"wpb_column vc_column_container vc_col-sm-3\"><div class=\"vc_column-inner\"><div class=\"wpb_wrapper\">\n\t<div  class=\"wpb_single_image wpb_content_element vc_align_left\">\n\t\t\n\t\t<figure class=\"wpb_wrapper vc_figure\">\n\t\t\t<a href=\"http:\/\/www.escolesblaves.cat\/wp-content\/uploads\/2018\/01\/escolesblaves_sortides.pdf\" target=\"_blank\" class=\"vc_single_image-wrapper   vc_box_border_grey rollover\"><img width=\"1241\" height=\"1754\" src=\"https:\/\/www.escolesblaves.cat\/wp-content\/uploads\/2018\/01\/escolesblaves_sortides.jpg\" class=\"vc_single_image-img attachment-full\" alt=\"\" loading=\"lazy\" srcset=\"https:\/\/www.escolesblaves.cat\/wp-content\/uploads\/2018\/01\/escolesblaves_sortides.jpg 1241w, https:\/\/www.escolesblaves.cat\/wp-content\/uploads\/2018\/01\/escolesblaves_sortides-212x300.jpg 212w, https:\/\/www.escolesblaves.cat\/wp-content\/uploads\/2018\/01\/escolesblaves_sortides-768x1085.jpg 768w, https:\/\/www.escolesblaves.cat\/wp-content\/uploads\/2018\/01\/escolesblaves_sortides-725x1024.jpg 725w\" sizes=\"(max-width: 1241px) 100vw, 1241px\" \/><\/a>\n\t\t<\/figure>\n\t<\/div>\n<a href=\"http:\/\/www.escolesblaves.cat\/wp-content\/uploads\/2018\/01\/escolesblaves_sortides.pdf\" class=\"default-btn-shortcode dt-btn dt-btn-l full-width-btn btn-inline-left\" id=\"default-btn-1\" title=\"Descarrega\" rel=\"nofollow\"><span>Descarregar el PDF<\/span><\/a><\/div><\/div><\/div><div class=\"wpb_column vc_column_container vc_col-sm-9\"><div class=\"vc_column-inner\"><div class=\"wpb_wrapper\"><div class=\"uavc-list-icon uavc-list-icon-wrapper ult-adjust-bottom-margin\"><ul class=\"uavc-list\"><li><div class=\"uavc-list-content\" id=\"list-icon-wrap-7997\">\n<div class=\"uavc-list-icon\" data-animation=\"\" data-animation-delay=\"03\" style=\"margin-right:5px;\"><div class=\"ult-just-icon-wrapper\"><div class=\"align-icon\" style=\"text-align:center;\">\n<div class=\"aio-icon none\"  style=\"color:#333333;font-size:32px;display:inline-block;\">\n\t<i class=\"Defaults-book\"><\/i>\n<\/div><\/div><\/div>\n<\/div><span  data-ultimate-target='#list-icon-wrap-7997 .uavc-list-desc'  data-responsive-json-new='{\"font-size\":\"\",\"line-height\":\"\"}'  class=\"uavc-list-desc ult-responsive\" style=\"\"><\/p>\n<p><strong>Descripci\u00f3 de la proposta:<\/strong><\/p>\n<div class=\"gmail_default\">Les sortides de camp ajuden a motivar l&#8217;alumnat en refer\u00e8ncia a la mat\u00e8ria en q\u00fcesti\u00f3, aix\u00ed com a visibilitzar l&#8217;aplicabilitat dels coneixements apresos. Per aix\u00f2 \u00e9s tant important potenciar les sortides.<\/div>\n<div class=\"gmail_default\">En el cas de les Terres de l&#8217;Ebre, la diversitat de costa i els seus fons marins permeten materialitzar conceptes apresos sorre el medi mar\u00ed de forma senzilla, i a m\u00e9s a m\u00e9s, a certs municipis com l&#8217;Ampolla i l&#8217;Ametlla de Mar per exemple s&#8217;hi pot arribar en tren per a facilitar la sortida en cas de ser grups amb poc alumnat.<\/div>\n<div class=\"gmail_default\">Si teniu problemes amb l&#8217;organitzaci\u00f3 per temes de la log\u00edstica per aquestes sortides per falta d&#8217;experi\u00e8ncia o de material espec\u00edfic, aix\u00f2 es pot solucionar contactant-nos a <a href=\"mailto:info@plancton.cat\" target=\"_blank\" rel=\"noopener\">info@plancton.cat<\/a> per a que us ajudem.<\/div>\n<p><\/span><\/div><\/li><\/ul><\/div><\/div><\/div><\/div><\/div>","protected":false},"excerpt":{"rendered":"Descarregar el PDF Descripci\u00f3 de la proposta: Les sortides de camp ajuden a motivar l'alumnat en refer\u00e8ncia a la mat\u00e8ria en q\u00fcesti\u00f3, aix\u00ed com a visibilitzar l'aplicabilitat dels coneixements apresos. Per aix\u00f2 \u00e9s tant important potenciar les sortides. En el cas de les Terres de l'Ebre, la diversitat de costa i els seus fons marins&hellip;","protected":false},"author":1,"featured_media":0,"parent":0,"menu_order":0,"comment_status":"closed","ping_status":"closed","template":"","meta":[],"yoast_head":"<!-- This site is optimized with the Yoast SEO plugin v16.0.1 - https:\/\/yoast.com\/wordpress\/plugins\/seo\/ -->\n<title>Estudi multidisciplinar d\u2019una platja | Escoles Blaves<\/title>\n<link rel=\"canonical\" href=\"http:\/\/www.escolesblaves.cat\/en\/estudi-multidisciplinar-duna-platja\/\" \/>\n<meta property=\"og:locale\" content=\"en_GB\" \/>\n<meta property=\"og:type\" content=\"article\" \/>\n<meta property=\"og:title\" content=\"Estudi multidisciplinar d\u2019una platja | Escoles Blaves\" \/>\n<meta property=\"og:url\" content=\"http:\/\/www.escolesblaves.cat\/en\/estudi-multidisciplinar-duna-platja\/\" \/>\n<meta property=\"og:site_name\" content=\"Escoles Blaves\" \/>\n<meta property=\"article:publisher\" content=\"https:\/\/www.facebook.com\/PlanctonDivulgacioIServeisMarins\" \/>\n<meta property=\"article:modified_time\" content=\"2018-01-29T13:10:26+00:00\" \/>\n<meta property=\"og:image\" content=\"https:\/\/www.escolesblaves.cat\/wp-content\/uploads\/2017\/05\/thumb-16.png\" \/>\n\t<meta property=\"og:image:width\" content=\"401\" \/>\n\t<meta property=\"og:image:height\" content=\"210\" \/>\n<meta name=\"twitter:card\" content=\"summary\" \/>\n<meta name=\"twitter:site\" content=\"@planctondivulga\" \/>\n<meta name=\"twitter:label1\" content=\"Estimated reading time\">\n\t<meta name=\"twitter:data1\" content=\"1 minute\">\n<script type=\"application\/ld+json\" class=\"yoast-schema-graph\">{\"@context\":\"https:\/\/schema.org\",\"@graph\":[{\"@type\":\"Organization\",\"@id\":\"https:\/\/www.escolesblaves.cat\/#organization\",\"name\":\"Escoles blaves\",\"url\":\"https:\/\/www.escolesblaves.cat\/\",\"sameAs\":[\"https:\/\/www.facebook.com\/PlanctonDivulgacioIServeisMarins\",\"http:\/\/www.instagram.com\/planctondivulga\",\"https:\/\/twitter.com\/planctondivulga\"],\"logo\":{\"@type\":\"ImageObject\",\"@id\":\"https:\/\/www.escolesblaves.cat\/#logo\",\"inLanguage\":\"en-GB\",\"url\":\"https:\/\/www.escolesblaves.cat\/wp-content\/uploads\/2017\/05\/logo-web-01-01-01.png\",\"width\":208,\"height\":99,\"caption\":\"Escoles blaves\"},\"image\":{\"@id\":\"https:\/\/www.escolesblaves.cat\/#logo\"}},{\"@type\":\"WebSite\",\"@id\":\"https:\/\/www.escolesblaves.cat\/#website\",\"url\":\"https:\/\/www.escolesblaves.cat\/\",\"name\":\"Escoles Blaves\",\"description\":\"Apropem el mar a les Terres de l&#039;Ebre\",\"publisher\":{\"@id\":\"https:\/\/www.escolesblaves.cat\/#organization\"},\"potentialAction\":[{\"@type\":\"SearchAction\",\"target\":\"https:\/\/www.escolesblaves.cat\/?s={search_term_string}\",\"query-input\":\"required name=search_term_string\"}],\"inLanguage\":\"en-GB\"},{\"@type\":\"WebPage\",\"@id\":\"https:\/\/www.escolesblaves.cat\/estudi-multidisciplinar-duna-platja\/#webpage\",\"url\":\"https:\/\/www.escolesblaves.cat\/estudi-multidisciplinar-duna-platja\/\",\"name\":\"Estudi multidisciplinar d\\u2019una platja | Escoles Blaves\",\"isPartOf\":{\"@id\":\"https:\/\/www.escolesblaves.cat\/#website\"},\"datePublished\":\"2018-01-29T13:03:58+00:00\",\"dateModified\":\"2018-01-29T13:10:26+00:00\",\"breadcrumb\":{\"@id\":\"https:\/\/www.escolesblaves.cat\/estudi-multidisciplinar-duna-platja\/#breadcrumb\"},\"inLanguage\":\"en-GB\",\"potentialAction\":[{\"@type\":\"ReadAction\",\"target\":[\"https:\/\/www.escolesblaves.cat\/estudi-multidisciplinar-duna-platja\/\"]}]},{\"@type\":\"BreadcrumbList\",\"@id\":\"https:\/\/www.escolesblaves.cat\/estudi-multidisciplinar-duna-platja\/#breadcrumb\",\"itemListElement\":[{\"@type\":\"ListItem\",\"position\":1,\"item\":{\"@type\":\"WebPage\",\"@id\":\"https:\/\/www.escolesblaves.cat\/\",\"url\":\"https:\/\/www.escolesblaves.cat\/\",\"name\":\"Inici\"}},{\"@type\":\"ListItem\",\"position\":2,\"item\":{\"@type\":\"WebPage\",\"@id\":\"https:\/\/www.escolesblaves.cat\/estudi-multidisciplinar-duna-platja\/\",\"url\":\"https:\/\/www.escolesblaves.cat\/estudi-multidisciplinar-duna-platja\/\",\"name\":\"Estudi multidisciplinar d\\u2019una platja\"}}]}]}<\/script>\n<!-- \/ Yoast SEO plugin. -->","_links":{"self":[{"href":"http:\/\/www.escolesblaves.cat\/en\/wp-json\/wp\/v2\/pages\/623"}],"collection":[{"href":"http:\/\/www.escolesblaves.cat\/en\/wp-json\/wp\/v2\/pages"}],"about":[{"href":"http:\/\/www.escolesblaves.cat\/en\/wp-json\/wp\/v2\/types\/page"}],"author":[{"embeddable":true,"href":"http:\/\/www.escolesblaves.cat\/en\/wp-json\/wp\/v2\/users\/1"}],"replies":[{"embeddable":true,"href":"http:\/\/www.escolesblaves.cat\/en\/wp-json\/wp\/v2\/comments?post=623"}],"version-history":[{"count":2,"href":"http:\/\/www.escolesblaves.cat\/en\/wp-json\/wp\/v2\/pages\/623\/revisions"}],"predecessor-version":[{"id":627,"href":"http:\/\/www.escolesblaves.cat\/en\/wp-json\/wp\/v2\/pages\/623\/revisions\/627"}],"wp:attachment":[{"href":"http:\/\/www.escolesblaves.cat\/en\/wp-json\/wp\/v2\/media?parent=623"}],"curies":[{"name":"wp","href":"https:\/\/api.w.org\/{rel}","templated":true}]}}