{"id":629,"date":"2018-01-30T16:09:30","date_gmt":"2018-01-30T16:09:30","guid":{"rendered":"http:\/\/www.escolesblaves.cat\/?page_id=629"},"modified":"2018-01-30T16:09:30","modified_gmt":"2018-01-30T16:09:30","slug":"clau-dicotomica-dorganismes-marins","status":"publish","type":"page","link":"http:\/\/www.escolesblaves.cat\/en\/clau-dicotomica-dorganismes-marins\/","title":{"rendered":"Marine species classification using a dichotomous key (in Catalan)"},"content":{"rendered":"<div class=\"vc_row wpb_row vc_row-fluid dt-default\" style=\"margin-top: 0px;margin-bottom: 0px\"><div class=\"wpb_column vc_column_container vc_col-sm-3\"><div class=\"vc_column-inner\"><div class=\"wpb_wrapper\">\n\t<div  class=\"wpb_single_image wpb_content_element vc_align_left\">\n\t\t\n\t\t<figure class=\"wpb_wrapper vc_figure\">\n\t\t\t<a href=\"http:\/\/www.escolesblaves.cat\/wp-content\/uploads\/2018\/01\/escolesblaves_clau_dicotomica.pdf\" target=\"_blank\" class=\"vc_single_image-wrapper   vc_box_border_grey rollover\"><img width=\"1241\" height=\"1754\" src=\"https:\/\/www.escolesblaves.cat\/wp-content\/uploads\/2018\/01\/escolesblaves_clau_dicotomica-1.jpg\" class=\"vc_single_image-img attachment-full\" alt=\"\" loading=\"lazy\" srcset=\"https:\/\/www.escolesblaves.cat\/wp-content\/uploads\/2018\/01\/escolesblaves_clau_dicotomica-1.jpg 1241w, https:\/\/www.escolesblaves.cat\/wp-content\/uploads\/2018\/01\/escolesblaves_clau_dicotomica-1-212x300.jpg 212w, https:\/\/www.escolesblaves.cat\/wp-content\/uploads\/2018\/01\/escolesblaves_clau_dicotomica-1-768x1085.jpg 768w, https:\/\/www.escolesblaves.cat\/wp-content\/uploads\/2018\/01\/escolesblaves_clau_dicotomica-1-725x1024.jpg 725w\" sizes=\"(max-width: 1241px) 100vw, 1241px\" \/><\/a>\n\t\t<\/figure>\n\t<\/div>\n<a href=\"http:\/\/www.escolesblaves.cat\/wp-content\/uploads\/2018\/01\/escolesblaves_clau_dicotomica.pdf\" class=\"default-btn-shortcode dt-btn dt-btn-l full-width-btn btn-inline-left\" id=\"default-btn-1\" title=\"Descarrega\" rel=\"nofollow\"><span>Descarregar el PDF<\/span><\/a><\/div><\/div><\/div><div class=\"wpb_column vc_column_container vc_col-sm-9\"><div class=\"vc_column-inner\"><div class=\"wpb_wrapper\"><div class=\"uavc-list-icon uavc-list-icon-wrapper ult-adjust-bottom-margin\"><ul class=\"uavc-list\"><li><div class=\"uavc-list-content\" id=\"list-icon-wrap-4177\">\n<div class=\"uavc-list-icon\" data-animation=\"\" data-animation-delay=\"03\" style=\"margin-right:5px;\"><div class=\"ult-just-icon-wrapper\"><div class=\"align-icon\" style=\"text-align:center;\">\n<div class=\"aio-icon none\"  style=\"color:#333333;font-size:32px;display:inline-block;\">\n\t<i class=\"Defaults-book\"><\/i>\n<\/div><\/div><\/div>\n<\/div><span  data-ultimate-target='#list-icon-wrap-4177 .uavc-list-desc'  data-responsive-json-new='{\"font-size\":\"\",\"line-height\":\"\"}'  class=\"uavc-list-desc ult-responsive\" style=\"\"><strong>Alumnat a qui va dirigit:<\/strong> Alumnat d\u2019ESO i Batxillerat.<\/p>\n<p><strong>\u00c0rees\/Mat\u00e8ries:<\/strong> Biologia, Ci\u00e8ncies naturals, Classificaci\u00f3.<\/p>\n<p><strong>Descripci\u00f3:<\/strong><br \/>\nTens una col\u00b7lecci\u00f3 de petxines i cargols marins a l\u2019institut? Tens intenci\u00f3 d\u2019anar a la platja i recol\u00b7lectar tot all\u00f2 que trobar\u00e0s? Amb aquesta guia podr\u00e0s arribar a saber quina petxina tens a les mans i el seu nom cient\u00edfic, i distingir-la de les altres. Et fixar\u00e0s en detalls que ni sabies que existien.<br \/>\nLa clau dicot\u00f2mica consisteix en descobrir el nom cient\u00edfic a base de seguir descripcions. Es comen\u00e7a per la pista n\u00famero 1, i et d\u00f3na a triar entre l\u2019opci\u00f3 1A o 1B o 1C. \u00danicament hi ha una opci\u00f3 valida. Quan es tria la descripci\u00f3 m\u00e9s adequada, ens envia a la pista seg\u00fcent indicant el n\u00famero d\u2019aquesta al final de la frase.<\/p>\n<p><strong>Aspectes metodol\u00f2gics:<br \/>\n<\/strong>Es necessita una sortida a la platja per fer la col\u00b7lecci\u00f3 pr\u00f2pia i posteriors sessions per classificar cada individu.<\/p>\n<p><strong>Objectius:<\/strong><br \/>\nCon\u00e8ixer els noms cient\u00edfics de les esp\u00e8cies de les nostres platges. S<br \/>\nSaber observar cada particularitat dels organismes.<br \/>\nAprendre a interpretar una clau dicot\u00f2mica.<br \/>\nCompet\u00e8ncies b\u00e0siques de l\u2019\u00e0mbit cientificotecnol\u00f2gic:<br \/>\nCompet\u00e8ncia 2. Identificar i caracteritzar els sistemes biol\u00f2gics i geol\u00f2gics des de la perspectiva dels models, per comunicar i predir el comportament dels fen\u00f2mens naturals<br \/>\nCompet\u00e8ncia 3. Interpretar la hist\u00f2ria de l\u2019Univers, de la Terra i de la vida utilitzant els registres del passat.<\/p>\n<p><strong>Recursos:<\/strong><br \/>\nGuia per al professorat.<\/span><\/div><\/li><\/ul><\/div><\/div><\/div><\/div><\/div>","protected":false},"excerpt":{"rendered":"Descarregar el PDF Alumnat a qui va dirigit: Alumnat d\u2019ESO i Batxillerat. \u00c0rees\/Mat\u00e8ries: Biologia, Ci\u00e8ncies naturals, Classificaci\u00f3. Descripci\u00f3: Tens una col\u00b7lecci\u00f3 de petxines i cargols marins a l\u2019institut? Tens intenci\u00f3 d\u2019anar a la platja i recol\u00b7lectar tot all\u00f2 que trobar\u00e0s? Amb aquesta guia podr\u00e0s arribar a saber quina petxina tens a les mans i el&hellip;","protected":false},"author":1,"featured_media":0,"parent":0,"menu_order":0,"comment_status":"closed","ping_status":"closed","template":"","meta":[],"yoast_head":"<!-- This site is optimized with the Yoast SEO plugin v16.0.1 - https:\/\/yoast.com\/wordpress\/plugins\/seo\/ -->\n<title>Clau dicot\u00f2mica d\u2019organismes marins | Escoles Blaves<\/title>\n<link rel=\"canonical\" href=\"http:\/\/www.escolesblaves.cat\/en\/clau-dicotomica-dorganismes-marins\/\" \/>\n<meta property=\"og:locale\" content=\"en_GB\" \/>\n<meta property=\"og:type\" content=\"article\" \/>\n<meta property=\"og:title\" content=\"Clau dicot\u00f2mica d\u2019organismes marins | Escoles Blaves\" \/>\n<meta property=\"og:url\" content=\"http:\/\/www.escolesblaves.cat\/en\/clau-dicotomica-dorganismes-marins\/\" \/>\n<meta property=\"og:site_name\" content=\"Escoles Blaves\" \/>\n<meta property=\"article:publisher\" content=\"https:\/\/www.facebook.com\/PlanctonDivulgacioIServeisMarins\" \/>\n<meta property=\"og:image\" content=\"https:\/\/www.escolesblaves.cat\/wp-content\/uploads\/2017\/05\/thumb-16.png\" \/>\n\t<meta property=\"og:image:width\" content=\"401\" \/>\n\t<meta property=\"og:image:height\" content=\"210\" \/>\n<meta name=\"twitter:card\" content=\"summary\" \/>\n<meta name=\"twitter:site\" content=\"@planctondivulga\" \/>\n<meta name=\"twitter:label1\" content=\"Estimated reading time\">\n\t<meta name=\"twitter:data1\" content=\"2 minutes\">\n<script type=\"application\/ld+json\" class=\"yoast-schema-graph\">{\"@context\":\"https:\/\/schema.org\",\"@graph\":[{\"@type\":\"Organization\",\"@id\":\"https:\/\/www.escolesblaves.cat\/#organization\",\"name\":\"Escoles blaves\",\"url\":\"https:\/\/www.escolesblaves.cat\/\",\"sameAs\":[\"https:\/\/www.facebook.com\/PlanctonDivulgacioIServeisMarins\",\"http:\/\/www.instagram.com\/planctondivulga\",\"https:\/\/twitter.com\/planctondivulga\"],\"logo\":{\"@type\":\"ImageObject\",\"@id\":\"https:\/\/www.escolesblaves.cat\/#logo\",\"inLanguage\":\"en-GB\",\"url\":\"https:\/\/www.escolesblaves.cat\/wp-content\/uploads\/2017\/05\/logo-web-01-01-01.png\",\"width\":208,\"height\":99,\"caption\":\"Escoles blaves\"},\"image\":{\"@id\":\"https:\/\/www.escolesblaves.cat\/#logo\"}},{\"@type\":\"WebSite\",\"@id\":\"https:\/\/www.escolesblaves.cat\/#website\",\"url\":\"https:\/\/www.escolesblaves.cat\/\",\"name\":\"Escoles Blaves\",\"description\":\"Apropem el mar a les Terres de l&#039;Ebre\",\"publisher\":{\"@id\":\"https:\/\/www.escolesblaves.cat\/#organization\"},\"potentialAction\":[{\"@type\":\"SearchAction\",\"target\":\"https:\/\/www.escolesblaves.cat\/?s={search_term_string}\",\"query-input\":\"required name=search_term_string\"}],\"inLanguage\":\"en-GB\"},{\"@type\":\"WebPage\",\"@id\":\"https:\/\/www.escolesblaves.cat\/clau-dicotomica-dorganismes-marins\/#webpage\",\"url\":\"https:\/\/www.escolesblaves.cat\/clau-dicotomica-dorganismes-marins\/\",\"name\":\"Clau dicot\\u00f2mica d\\u2019organismes marins | Escoles Blaves\",\"isPartOf\":{\"@id\":\"https:\/\/www.escolesblaves.cat\/#website\"},\"datePublished\":\"2018-01-30T16:09:30+00:00\",\"dateModified\":\"2018-01-30T16:09:30+00:00\",\"breadcrumb\":{\"@id\":\"https:\/\/www.escolesblaves.cat\/clau-dicotomica-dorganismes-marins\/#breadcrumb\"},\"inLanguage\":\"en-GB\",\"potentialAction\":[{\"@type\":\"ReadAction\",\"target\":[\"https:\/\/www.escolesblaves.cat\/clau-dicotomica-dorganismes-marins\/\"]}]},{\"@type\":\"BreadcrumbList\",\"@id\":\"https:\/\/www.escolesblaves.cat\/clau-dicotomica-dorganismes-marins\/#breadcrumb\",\"itemListElement\":[{\"@type\":\"ListItem\",\"position\":1,\"item\":{\"@type\":\"WebPage\",\"@id\":\"https:\/\/www.escolesblaves.cat\/\",\"url\":\"https:\/\/www.escolesblaves.cat\/\",\"name\":\"Inici\"}},{\"@type\":\"ListItem\",\"position\":2,\"item\":{\"@type\":\"WebPage\",\"@id\":\"https:\/\/www.escolesblaves.cat\/clau-dicotomica-dorganismes-marins\/\",\"url\":\"https:\/\/www.escolesblaves.cat\/clau-dicotomica-dorganismes-marins\/\",\"name\":\"Clau dicot\\u00f2mica d\\u2019organismes marins\"}}]}]}<\/script>\n<!-- \/ Yoast SEO plugin. -->","_links":{"self":[{"href":"http:\/\/www.escolesblaves.cat\/en\/wp-json\/wp\/v2\/pages\/629"}],"collection":[{"href":"http:\/\/www.escolesblaves.cat\/en\/wp-json\/wp\/v2\/pages"}],"about":[{"href":"http:\/\/www.escolesblaves.cat\/en\/wp-json\/wp\/v2\/types\/page"}],"author":[{"embeddable":true,"href":"http:\/\/www.escolesblaves.cat\/en\/wp-json\/wp\/v2\/users\/1"}],"replies":[{"embeddable":true,"href":"http:\/\/www.escolesblaves.cat\/en\/wp-json\/wp\/v2\/comments?post=629"}],"version-history":[{"count":1,"href":"http:\/\/www.escolesblaves.cat\/en\/wp-json\/wp\/v2\/pages\/629\/revisions"}],"predecessor-version":[{"id":633,"href":"http:\/\/www.escolesblaves.cat\/en\/wp-json\/wp\/v2\/pages\/629\/revisions\/633"}],"wp:attachment":[{"href":"http:\/\/www.escolesblaves.cat\/en\/wp-json\/wp\/v2\/media?parent=629"}],"curies":[{"name":"wp","href":"https:\/\/api.w.org\/{rel}","templated":true}]}}