{"id":10,"date":"2017-05-11T11:26:29","date_gmt":"2017-05-11T11:26:29","guid":{"rendered":"http:\/\/www.escolesblaves.cat\/?page_id=10"},"modified":"2018-01-30T16:16:35","modified_gmt":"2018-01-30T16:16:35","slug":"recursos-didactics","status":"publish","type":"page","link":"https:\/\/www.escolesblaves.cat\/en\/recursos-didactics\/","title":{"rendered":"Learning materials"},"content":{"rendered":"<div class=\"vc_row wpb_row vc_row-fluid dt-default\" style=\"margin-top: 0px;margin-bottom: 0px\"><div class=\"wpb_column vc_column_container vc_col-sm-3\"><div class=\"vc_column-inner\"><div class=\"wpb_wrapper\">\n\t<div  class=\"wpb_single_image wpb_content_element vc_align_center\">\n\t\t\n\t\t<figure class=\"wpb_wrapper vc_figure\">\n\t\t\t<a href=\"https:\/\/www.escolesblaves.cat\/en\/praderies-posidonia\/\" target=\"_self\" class=\"vc_single_image-wrapper   vc_box_border_grey\"><img width=\"150\" height=\"150\" src=\"https:\/\/www.escolesblaves.cat\/wp-content\/uploads\/2017\/05\/folder-150x150.png\" class=\"vc_single_image-img attachment-thumbnail\" alt=\"\" loading=\"lazy\" srcset=\"https:\/\/www.escolesblaves.cat\/wp-content\/uploads\/2017\/05\/folder-150x150.png 150w, https:\/\/www.escolesblaves.cat\/wp-content\/uploads\/2017\/05\/folder-300x300.png 300w, https:\/\/www.escolesblaves.cat\/wp-content\/uploads\/2017\/05\/folder.png 512w\" sizes=\"(max-width: 150px) 100vw, 150px\" \/><\/a>\n\t\t<\/figure>\n\t<\/div>\n\n\t<div class=\"wpb_text_column wpb_content_element\" >\n\t\t<div class=\"wpb_wrapper\">\n\t\t\t<h5 style=\"text-align: center;\"><a href=\"https:\/\/www.escolesblaves.cat\/en\/praderies-posidonia\/\">Posidonia oceanica meadows, a marine ecosystem (in Catalan)<\/a><\/h5>\n\n\t\t<\/div>\n\t<\/div>\n<\/div><\/div><\/div><div class=\"wpb_column vc_column_container vc_col-sm-3\"><div class=\"vc_column-inner\"><div class=\"wpb_wrapper\">\n\t<div  class=\"wpb_single_image wpb_content_element vc_align_center\">\n\t\t\n\t\t<figure class=\"wpb_wrapper vc_figure\">\n\t\t\t<a href=\"https:\/\/www.escolesblaves.cat\/en\/oceanografia-fisica\/\" target=\"_self\" class=\"vc_single_image-wrapper   vc_box_border_grey\"><img width=\"150\" height=\"150\" src=\"https:\/\/www.escolesblaves.cat\/wp-content\/uploads\/2017\/05\/folder-150x150.png\" class=\"vc_single_image-img attachment-thumbnail\" alt=\"\" loading=\"lazy\" srcset=\"https:\/\/www.escolesblaves.cat\/wp-content\/uploads\/2017\/05\/folder-150x150.png 150w, https:\/\/www.escolesblaves.cat\/wp-content\/uploads\/2017\/05\/folder-300x300.png 300w, https:\/\/www.escolesblaves.cat\/wp-content\/uploads\/2017\/05\/folder.png 512w\" sizes=\"(max-width: 150px) 100vw, 150px\" \/><\/a>\n\t\t<\/figure>\n\t<\/div>\n\n\t<div class=\"wpb_text_column wpb_content_element\" >\n\t\t<div class=\"wpb_wrapper\">\n\t\t\t<h5 style=\"text-align: center;\"><a href=\"https:\/\/www.escolesblaves.cat\/en\/oceanografia-fisica\/\">Physical Oceanography Experiments (in Catalan)<\/a><\/h5>\n\n\t\t<\/div>\n\t<\/div>\n<\/div><\/div><\/div><div class=\"wpb_column vc_column_container vc_col-sm-3\"><div class=\"vc_column-inner\"><div class=\"wpb_wrapper\">\n\t<div  class=\"wpb_single_image wpb_content_element vc_align_center\">\n\t\t\n\t\t<figure class=\"wpb_wrapper vc_figure\">\n\t\t\t<a href=\"https:\/\/www.escolesblaves.cat\/en\/algues-nostre-territori\/\" target=\"_self\" class=\"vc_single_image-wrapper   vc_box_border_grey\"><img width=\"150\" height=\"150\" src=\"https:\/\/www.escolesblaves.cat\/wp-content\/uploads\/2017\/05\/folder-150x150.png\" class=\"vc_single_image-img attachment-thumbnail\" alt=\"\" loading=\"lazy\" srcset=\"https:\/\/www.escolesblaves.cat\/wp-content\/uploads\/2017\/05\/folder-150x150.png 150w, https:\/\/www.escolesblaves.cat\/wp-content\/uploads\/2017\/05\/folder-300x300.png 300w, https:\/\/www.escolesblaves.cat\/wp-content\/uploads\/2017\/05\/folder.png 512w\" sizes=\"(max-width: 150px) 100vw, 150px\" \/><\/a>\n\t\t<\/figure>\n\t<\/div>\n\n\t<div class=\"wpb_text_column wpb_content_element\" >\n\t\t<div class=\"wpb_wrapper\">\n\t\t\t<h5 style=\"text-align: center;\"><a href=\"https:\/\/www.escolesblaves.cat\/en\/algues-nostre-territori\/\">The marine algae of our region (in Catalan)<\/a><\/h5>\n\n\t\t<\/div>\n\t<\/div>\n<\/div><\/div><\/div><div class=\"wpb_column vc_column_container vc_col-sm-3\"><div class=\"vc_column-inner\"><div class=\"wpb_wrapper\">\n\t<div  class=\"wpb_single_image wpb_content_element vc_align_center\">\n\t\t\n\t\t<figure class=\"wpb_wrapper vc_figure\">\n\t\t\t<a href=\"https:\/\/www.escolesblaves.cat\/en\/lartemia-aquicultura-laula\/\" target=\"_self\" class=\"vc_single_image-wrapper   vc_box_border_grey\"><img width=\"150\" height=\"150\" src=\"https:\/\/www.escolesblaves.cat\/wp-content\/uploads\/2017\/05\/folder-150x150.png\" class=\"vc_single_image-img attachment-thumbnail\" alt=\"\" loading=\"lazy\" srcset=\"https:\/\/www.escolesblaves.cat\/wp-content\/uploads\/2017\/05\/folder-150x150.png 150w, https:\/\/www.escolesblaves.cat\/wp-content\/uploads\/2017\/05\/folder-300x300.png 300w, https:\/\/www.escolesblaves.cat\/wp-content\/uploads\/2017\/05\/folder.png 512w\" sizes=\"(max-width: 150px) 100vw, 150px\" \/><\/a>\n\t\t<\/figure>\n\t<\/div>\n\n\t<div class=\"wpb_text_column wpb_content_element\" >\n\t\t<div class=\"wpb_wrapper\">\n\t\t\t<h5 style=\"text-align: center;\"><a href=\"https:\/\/www.escolesblaves.cat\/en\/lartemia-aquicultura-laula\/\">Artemia salina, let's practice aquaculture! (in Catalan)<\/a><\/h5>\n\n\t\t<\/div>\n\t<\/div>\n<\/div><\/div><\/div><\/div><div class=\"vc_row wpb_row vc_row-fluid dt-default\" style=\"margin-top: 0px;margin-bottom: 0px\"><div class=\"wpb_column vc_column_container vc_col-sm-3\"><div class=\"vc_column-inner\"><div class=\"wpb_wrapper\">\n\t<div  class=\"wpb_single_image wpb_content_element vc_align_center\">\n\t\t\n\t\t<figure class=\"wpb_wrapper vc_figure\">\n\t\t\t<a href=\"https:\/\/www.escolesblaves.cat\/en\/contaminacio-marina-hidrocarburs\/\" target=\"_self\" class=\"vc_single_image-wrapper   vc_box_border_grey\"><img width=\"150\" height=\"150\" src=\"https:\/\/www.escolesblaves.cat\/wp-content\/uploads\/2017\/05\/folder-150x150.png\" class=\"vc_single_image-img attachment-thumbnail\" alt=\"\" loading=\"lazy\" srcset=\"https:\/\/www.escolesblaves.cat\/wp-content\/uploads\/2017\/05\/folder-150x150.png 150w, https:\/\/www.escolesblaves.cat\/wp-content\/uploads\/2017\/05\/folder-300x300.png 300w, https:\/\/www.escolesblaves.cat\/wp-content\/uploads\/2017\/05\/folder.png 512w\" sizes=\"(max-width: 150px) 100vw, 150px\" \/><\/a>\n\t\t<\/figure>\n\t<\/div>\n\n\t<div class=\"wpb_text_column wpb_content_element\" >\n\t\t<div class=\"wpb_wrapper\">\n\t\t\t<h5 style=\"text-align: center;\"><a href=\"https:\/\/www.escolesblaves.cat\/en\/contaminacio-marina-hidrocarburs\/\">Hydrocarbon pollution of the sea (in Catalan)<\/a><\/h5>\n\n\t\t<\/div>\n\t<\/div>\n<\/div><\/div><\/div><div class=\"wpb_column vc_column_container vc_col-sm-3\"><div class=\"vc_column-inner\"><div class=\"wpb_wrapper\">\n\t<div  class=\"wpb_single_image wpb_content_element vc_align_center\">\n\t\t\n\t\t<figure class=\"wpb_wrapper vc_figure\">\n\t\t\t<a href=\"https:\/\/www.escolesblaves.cat\/en\/sistema-binomial-perque-dels-noms-cientifics\/\" target=\"_self\" class=\"vc_single_image-wrapper   vc_box_border_grey\"><img width=\"150\" height=\"150\" src=\"https:\/\/www.escolesblaves.cat\/wp-content\/uploads\/2017\/05\/folder-150x150.png\" class=\"vc_single_image-img attachment-thumbnail\" alt=\"\" loading=\"lazy\" srcset=\"https:\/\/www.escolesblaves.cat\/wp-content\/uploads\/2017\/05\/folder-150x150.png 150w, https:\/\/www.escolesblaves.cat\/wp-content\/uploads\/2017\/05\/folder-300x300.png 300w, https:\/\/www.escolesblaves.cat\/wp-content\/uploads\/2017\/05\/folder.png 512w\" sizes=\"(max-width: 150px) 100vw, 150px\" \/><\/a>\n\t\t<\/figure>\n\t<\/div>\n\n\t<div class=\"wpb_text_column wpb_content_element\" >\n\t\t<div class=\"wpb_wrapper\">\n\t\t\t<h5 style=\"text-align: center;\"><a href=\"https:\/\/www.escolesblaves.cat\/en\/sistema-binomial-perque-dels-noms-cientifics\/\">Binomial nomenclature: the two-name naming system (in Catalan)<\/a><\/h5>\n\n\t\t<\/div>\n\t<\/div>\n<\/div><\/div><\/div><div class=\"wpb_column vc_column_container vc_col-sm-3\"><div class=\"vc_column-inner\"><div class=\"wpb_wrapper\">\n\t<div  class=\"wpb_single_image wpb_content_element vc_align_center\">\n\t\t\n\t\t<figure class=\"wpb_wrapper vc_figure\">\n\t\t\t<a href=\"https:\/\/www.escolesblaves.cat\/en\/els-musclos\/\" target=\"_self\" class=\"vc_single_image-wrapper   vc_box_border_grey\"><img width=\"150\" height=\"150\" src=\"https:\/\/www.escolesblaves.cat\/wp-content\/uploads\/2017\/05\/folder-150x150.png\" class=\"vc_single_image-img attachment-thumbnail\" alt=\"\" loading=\"lazy\" srcset=\"https:\/\/www.escolesblaves.cat\/wp-content\/uploads\/2017\/05\/folder-150x150.png 150w, https:\/\/www.escolesblaves.cat\/wp-content\/uploads\/2017\/05\/folder-300x300.png 300w, https:\/\/www.escolesblaves.cat\/wp-content\/uploads\/2017\/05\/folder.png 512w\" sizes=\"(max-width: 150px) 100vw, 150px\" \/><\/a>\n\t\t<\/figure>\n\t<\/div>\n\n\t<div class=\"wpb_text_column wpb_content_element\" >\n\t\t<div class=\"wpb_wrapper\">\n\t\t\t<h5 style=\"text-align: center;\"><a href=\"https:\/\/www.escolesblaves.cat\/en\/els-musclos\/\">Mussels (in Catalan)<\/a><\/h5>\n\n\t\t<\/div>\n\t<\/div>\n<\/div><\/div><\/div><div class=\"wpb_column vc_column_container vc_col-sm-3\"><div class=\"vc_column-inner\"><div class=\"wpb_wrapper\">\n\t<div  class=\"wpb_single_image wpb_content_element vc_align_center\">\n\t\t\n\t\t<figure class=\"wpb_wrapper vc_figure\">\n\t\t\t<a href=\"https:\/\/www.escolesblaves.cat\/en\/la-pressio-i-el-busseig\/\" target=\"_self\" class=\"vc_single_image-wrapper   vc_box_border_grey\"><img width=\"150\" height=\"150\" src=\"https:\/\/www.escolesblaves.cat\/wp-content\/uploads\/2017\/05\/folder-150x150.png\" class=\"vc_single_image-img attachment-thumbnail\" alt=\"\" loading=\"lazy\" srcset=\"https:\/\/www.escolesblaves.cat\/wp-content\/uploads\/2017\/05\/folder-150x150.png 150w, https:\/\/www.escolesblaves.cat\/wp-content\/uploads\/2017\/05\/folder-300x300.png 300w, https:\/\/www.escolesblaves.cat\/wp-content\/uploads\/2017\/05\/folder.png 512w\" sizes=\"(max-width: 150px) 100vw, 150px\" \/><\/a>\n\t\t<\/figure>\n\t<\/div>\n\n\t<div class=\"wpb_text_column wpb_content_element\" >\n\t\t<div class=\"wpb_wrapper\">\n\t\t\t<h5 style=\"text-align: center;\"><a href=\"https:\/\/www.escolesblaves.cat\/en\/la-pressio-i-el-busseig\/\">Pressure and Diving (in Catalan)<\/a><\/h5>\n\n\t\t<\/div>\n\t<\/div>\n<\/div><\/div><\/div><\/div><div class=\"vc_row wpb_row vc_row-fluid dt-default\" style=\"margin-top: 0px;margin-bottom: 0px\"><div class=\"wpb_column vc_column_container vc_col-sm-3\"><div class=\"vc_column-inner\"><div class=\"wpb_wrapper\">\n\t<div  class=\"wpb_single_image wpb_content_element vc_align_center\">\n\t\t\n\t\t<figure class=\"wpb_wrapper vc_figure\">\n\t\t\t<a href=\"https:\/\/www.escolesblaves.cat\/en\/el-sexe-al-mar\/\" target=\"_self\" class=\"vc_single_image-wrapper   vc_box_border_grey\"><img width=\"150\" height=\"150\" src=\"https:\/\/www.escolesblaves.cat\/wp-content\/uploads\/2017\/05\/folder-150x150.png\" class=\"vc_single_image-img attachment-thumbnail\" alt=\"\" loading=\"lazy\" srcset=\"https:\/\/www.escolesblaves.cat\/wp-content\/uploads\/2017\/05\/folder-150x150.png 150w, https:\/\/www.escolesblaves.cat\/wp-content\/uploads\/2017\/05\/folder-300x300.png 300w, https:\/\/www.escolesblaves.cat\/wp-content\/uploads\/2017\/05\/folder.png 512w\" sizes=\"(max-width: 150px) 100vw, 150px\" \/><\/a>\n\t\t<\/figure>\n\t<\/div>\n\n\t<div class=\"wpb_text_column wpb_content_element\" >\n\t\t<div class=\"wpb_wrapper\">\n\t\t\t<h5 style=\"text-align: center;\"><a href=\"https:\/\/www.escolesblaves.cat\/en\/el-sexe-al-mar\/\">The Sex Lives of Sea Creatures (in Catalan)<\/a><\/h5>\n\n\t\t<\/div>\n\t<\/div>\n<\/div><\/div><\/div><div class=\"wpb_column vc_column_container vc_col-sm-3\"><div class=\"vc_column-inner\"><div class=\"wpb_wrapper\">\n\t<div  class=\"wpb_single_image wpb_content_element vc_align_center\">\n\t\t\n\t\t<figure class=\"wpb_wrapper vc_figure\">\n\t\t\t<a href=\"https:\/\/www.escolesblaves.cat\/en\/introduccio-taula-periodica-mar\/\" target=\"_self\" class=\"vc_single_image-wrapper   vc_box_border_grey\"><img width=\"150\" height=\"150\" src=\"https:\/\/www.escolesblaves.cat\/wp-content\/uploads\/2017\/05\/folder-150x150.png\" class=\"vc_single_image-img attachment-thumbnail\" alt=\"\" loading=\"lazy\" srcset=\"https:\/\/www.escolesblaves.cat\/wp-content\/uploads\/2017\/05\/folder-150x150.png 150w, https:\/\/www.escolesblaves.cat\/wp-content\/uploads\/2017\/05\/folder-300x300.png 300w, https:\/\/www.escolesblaves.cat\/wp-content\/uploads\/2017\/05\/folder.png 512w\" sizes=\"(max-width: 150px) 100vw, 150px\" \/><\/a>\n\t\t<\/figure>\n\t<\/div>\n\n\t<div class=\"wpb_text_column wpb_content_element\" >\n\t\t<div class=\"wpb_wrapper\">\n\t\t\t<h5 style=\"text-align: center;\"><a href=\"https:\/\/www.escolesblaves.cat\/en\/introduccio-taula-periodica-mar\/\">Introduction to the periodic table of elements in the sea (in Catalan)<\/a><\/h5>\n\n\t\t<\/div>\n\t<\/div>\n<\/div><\/div><\/div><div class=\"wpb_column vc_column_container vc_col-sm-3\"><div class=\"vc_column-inner\"><div class=\"wpb_wrapper\">\n\t<div  class=\"wpb_single_image wpb_content_element vc_align_center\">\n\t\t\n\t\t<figure class=\"wpb_wrapper vc_figure\">\n\t\t\t<a href=\"https:\/\/www.escolesblaves.cat\/en\/estudi-multidisciplinar-duna-platja\/\" target=\"_self\" class=\"vc_single_image-wrapper   vc_box_border_grey\"><img width=\"150\" height=\"150\" src=\"https:\/\/www.escolesblaves.cat\/wp-content\/uploads\/2017\/05\/folder-150x150.png\" class=\"vc_single_image-img attachment-thumbnail\" alt=\"\" loading=\"lazy\" srcset=\"https:\/\/www.escolesblaves.cat\/wp-content\/uploads\/2017\/05\/folder-150x150.png 150w, https:\/\/www.escolesblaves.cat\/wp-content\/uploads\/2017\/05\/folder-300x300.png 300w, https:\/\/www.escolesblaves.cat\/wp-content\/uploads\/2017\/05\/folder.png 512w\" sizes=\"(max-width: 150px) 100vw, 150px\" \/><\/a>\n\t\t<\/figure>\n\t<\/div>\n\n\t<div class=\"wpb_text_column wpb_content_element\" >\n\t\t<div class=\"wpb_wrapper\">\n\t\t\t<h5 style=\"text-align: center;\"><a href=\"https:\/\/www.escolesblaves.cat\/en\/estudi-multidisciplinar-duna-platja\/\">A multidisciplinary approach of a beach (in Catalan)<\/a><\/h5>\n\n\t\t<\/div>\n\t<\/div>\n<\/div><\/div><\/div><div class=\"wpb_column vc_column_container vc_col-sm-3\"><div class=\"vc_column-inner\"><div class=\"wpb_wrapper\">\n\t<div  class=\"wpb_single_image wpb_content_element vc_align_center\">\n\t\t\n\t\t<figure class=\"wpb_wrapper vc_figure\">\n\t\t\t<a href=\"https:\/\/www.escolesblaves.cat\/en\/clau-dicotomica-dorganismes-marins\/\" target=\"_self\" class=\"vc_single_image-wrapper   vc_box_border_grey\"><img width=\"150\" height=\"150\" src=\"https:\/\/www.escolesblaves.cat\/wp-content\/uploads\/2017\/05\/folder-150x150.png\" class=\"vc_single_image-img attachment-thumbnail\" alt=\"\" loading=\"lazy\" srcset=\"https:\/\/www.escolesblaves.cat\/wp-content\/uploads\/2017\/05\/folder-150x150.png 150w, https:\/\/www.escolesblaves.cat\/wp-content\/uploads\/2017\/05\/folder-300x300.png 300w, https:\/\/www.escolesblaves.cat\/wp-content\/uploads\/2017\/05\/folder.png 512w\" sizes=\"(max-width: 150px) 100vw, 150px\" \/><\/a>\n\t\t<\/figure>\n\t<\/div>\n\n\t<div class=\"wpb_text_column wpb_content_element\" >\n\t\t<div class=\"wpb_wrapper\">\n\t\t\t<h5 style=\"text-align: center;\"><a href=\"https:\/\/www.escolesblaves.cat\/en\/clau-dicotomica-dorganismes-marins\/\">Marine species classification using a dichotomous key (in Catalan)<\/a><\/h5>\n\n\t\t<\/div>\n\t<\/div>\n<\/div><\/div><\/div><\/div>","protected":false},"excerpt":{"rendered":"Les praderies de Posid\u00f2nia, un ecosistema sota l\u2019aigua Experiments d'Oceanografia f\u00edsica Les algues del nostre territori L\u2019art\u00e8mia, fem aq\u00fcicultura a l\u2019aula Contaminaci\u00f3 marina per hidrocarburs El sistema binomial: el perqu\u00e8 dels noms cient\u00edfics Els musclos La pressi\u00f3 i el busseig El sexe al mar Introducci\u00f3 a la taula peri\u00f2dica al mar Estudi multidisciplinar d\u2019una platja&hellip;","protected":false},"author":1,"featured_media":0,"parent":0,"menu_order":0,"comment_status":"closed","ping_status":"closed","template":"","meta":[],"yoast_head":"<!-- This site is optimized with the Yoast SEO plugin v16.0.1 - https:\/\/yoast.com\/wordpress\/plugins\/seo\/ -->\n<title>Recursos did\u00e0ctics | Escoles Blaves<\/title>\n<link rel=\"canonical\" href=\"https:\/\/www.escolesblaves.cat\/en\/recursos-didactics\/\" \/>\n<meta property=\"og:locale\" content=\"en_GB\" \/>\n<meta property=\"og:type\" content=\"article\" \/>\n<meta property=\"og:title\" content=\"Recursos did\u00e0ctics | Escoles Blaves\" \/>\n<meta property=\"og:url\" content=\"https:\/\/www.escolesblaves.cat\/en\/recursos-didactics\/\" \/>\n<meta property=\"og:site_name\" content=\"Escoles Blaves\" \/>\n<meta property=\"article:publisher\" content=\"https:\/\/www.facebook.com\/PlanctonDivulgacioIServeisMarins\" \/>\n<meta property=\"article:modified_time\" content=\"2018-01-30T16:16:35+00:00\" \/>\n<meta property=\"og:image\" content=\"http:\/\/www.escolesblaves.cat\/wp-content\/uploads\/2017\/05\/thumb-16.png\" \/>\n<meta name=\"twitter:card\" content=\"summary\" \/>\n<meta name=\"twitter:site\" content=\"@planctondivulga\" \/>\n<meta name=\"twitter:label1\" content=\"Estimated reading time\">\n\t<meta name=\"twitter:data1\" content=\"2 minutes\">\n<script type=\"application\/ld+json\" class=\"yoast-schema-graph\">{\"@context\":\"https:\/\/schema.org\",\"@graph\":[{\"@type\":\"Organization\",\"@id\":\"https:\/\/www.escolesblaves.cat\/#organization\",\"name\":\"Escoles blaves\",\"url\":\"https:\/\/www.escolesblaves.cat\/\",\"sameAs\":[\"https:\/\/www.facebook.com\/PlanctonDivulgacioIServeisMarins\",\"http:\/\/www.instagram.com\/planctondivulga\",\"https:\/\/twitter.com\/planctondivulga\"],\"logo\":{\"@type\":\"ImageObject\",\"@id\":\"https:\/\/www.escolesblaves.cat\/#logo\",\"inLanguage\":\"en-GB\",\"url\":\"https:\/\/www.escolesblaves.cat\/wp-content\/uploads\/2017\/05\/logo-web-01-01-01.png\",\"width\":208,\"height\":99,\"caption\":\"Escoles blaves\"},\"image\":{\"@id\":\"https:\/\/www.escolesblaves.cat\/#logo\"}},{\"@type\":\"WebSite\",\"@id\":\"https:\/\/www.escolesblaves.cat\/#website\",\"url\":\"https:\/\/www.escolesblaves.cat\/\",\"name\":\"Escoles Blaves\",\"description\":\"Apropem el mar a les Terres de l&#039;Ebre\",\"publisher\":{\"@id\":\"https:\/\/www.escolesblaves.cat\/#organization\"},\"potentialAction\":[{\"@type\":\"SearchAction\",\"target\":\"https:\/\/www.escolesblaves.cat\/?s={search_term_string}\",\"query-input\":\"required name=search_term_string\"}],\"inLanguage\":\"en-GB\"},{\"@type\":\"WebPage\",\"@id\":\"https:\/\/www.escolesblaves.cat\/recursos-didactics\/#webpage\",\"url\":\"https:\/\/www.escolesblaves.cat\/recursos-didactics\/\",\"name\":\"Recursos did\\u00e0ctics | Escoles Blaves\",\"isPartOf\":{\"@id\":\"https:\/\/www.escolesblaves.cat\/#website\"},\"datePublished\":\"2017-05-11T11:26:29+00:00\",\"dateModified\":\"2018-01-30T16:16:35+00:00\",\"breadcrumb\":{\"@id\":\"https:\/\/www.escolesblaves.cat\/recursos-didactics\/#breadcrumb\"},\"inLanguage\":\"en-GB\",\"potentialAction\":[{\"@type\":\"ReadAction\",\"target\":[\"https:\/\/www.escolesblaves.cat\/recursos-didactics\/\"]}]},{\"@type\":\"BreadcrumbList\",\"@id\":\"https:\/\/www.escolesblaves.cat\/recursos-didactics\/#breadcrumb\",\"itemListElement\":[{\"@type\":\"ListItem\",\"position\":1,\"item\":{\"@type\":\"WebPage\",\"@id\":\"https:\/\/www.escolesblaves.cat\/\",\"url\":\"https:\/\/www.escolesblaves.cat\/\",\"name\":\"Inici\"}},{\"@type\":\"ListItem\",\"position\":2,\"item\":{\"@type\":\"WebPage\",\"@id\":\"https:\/\/www.escolesblaves.cat\/recursos-didactics\/\",\"url\":\"https:\/\/www.escolesblaves.cat\/recursos-didactics\/\",\"name\":\"Recursos did\\u00e0ctics\"}}]}]}<\/script>\n<!-- \/ Yoast SEO plugin. -->","_links":{"self":[{"href":"https:\/\/www.escolesblaves.cat\/en\/wp-json\/wp\/v2\/pages\/10"}],"collection":[{"href":"https:\/\/www.escolesblaves.cat\/en\/wp-json\/wp\/v2\/pages"}],"about":[{"href":"https:\/\/www.escolesblaves.cat\/en\/wp-json\/wp\/v2\/types\/page"}],"author":[{"embeddable":true,"href":"https:\/\/www.escolesblaves.cat\/en\/wp-json\/wp\/v2\/users\/1"}],"replies":[{"embeddable":true,"href":"https:\/\/www.escolesblaves.cat\/en\/wp-json\/wp\/v2\/comments?post=10"}],"version-history":[{"count":27,"href":"https:\/\/www.escolesblaves.cat\/en\/wp-json\/wp\/v2\/pages\/10\/revisions"}],"predecessor-version":[{"id":635,"href":"https:\/\/www.escolesblaves.cat\/en\/wp-json\/wp\/v2\/pages\/10\/revisions\/635"}],"wp:attachment":[{"href":"https:\/\/www.escolesblaves.cat\/en\/wp-json\/wp\/v2\/media?parent=10"}],"curies":[{"name":"wp","href":"https:\/\/api.w.org\/{rel}","templated":true}]}}