{"id":509,"date":"2017-12-11T16:05:06","date_gmt":"2017-12-11T16:05:06","guid":{"rendered":"http:\/\/www.escolesblaves.cat\/?page_id=509"},"modified":"2017-12-13T13:43:11","modified_gmt":"2017-12-13T13:43:11","slug":"newsletter","status":"publish","type":"page","link":"https:\/\/www.escolesblaves.cat\/en\/newsletter\/","title":{"rendered":"Newsletter"},"content":{"rendered":"<div class=\"vc_row wpb_row vc_row-fluid dt-default\" style=\"margin-top: 0px;margin-bottom: 0px\"><div class=\"wpb_column vc_column_container vc_col-sm-12 vc_col-has-fill\"><div class=\"vc_column-inner vc_custom_1513096224981\"><div class=\"wpb_wrapper\">\n\t<div  class=\"wpb_single_image wpb_content_element vc_align_center\">\n\t\t\n\t\t<figure class=\"wpb_wrapper vc_figure\">\n\t\t\t<div class=\"vc_single_image-wrapper   vc_box_border_grey\"><img width=\"150\" height=\"150\" src=\"https:\/\/www.escolesblaves.cat\/wp-content\/uploads\/2017\/12\/sobre-01-150x150.png\" class=\"vc_single_image-img attachment-thumbnail\" alt=\"\" loading=\"lazy\" \/><\/div>\n\t\t<\/figure>\n\t<\/div>\n\n\t<div class=\"wpb_text_column wpb_content_element\" >\n\t\t<div class=\"wpb_wrapper\">\n\t\t\t<h1 style=\"text-align: center;\">Vols estar al corrent de totes<br \/>\nles novetats sobre Escoles Blaves?<\/h1>\n\n\t\t<\/div>\n\t<\/div>\n\n\t<div class=\"wpb_text_column wpb_content_element\" >\n\t\t<div class=\"wpb_wrapper\">\n\t\t\t<p><img class=\"aligncenter\" style=\"text-align: center; width: 200px;\" src=\"http:\/\/www.escolesblaves.cat\/wp-content\/uploads\/2017\/12\/imatges_mailchimp-02.jpg\" \/><\/p>\n<p style=\"text-align: center;\"><script>(function() {\n\twindow.mc4wp = window.mc4wp || {\n\t\tlisteners: [],\n\t\tforms: {\n\t\t\ton: function(evt, cb) {\n\t\t\t\twindow.mc4wp.listeners.push(\n\t\t\t\t\t{\n\t\t\t\t\t\tevent   : evt,\n\t\t\t\t\t\tcallback: cb\n\t\t\t\t\t}\n\t\t\t\t);\n\t\t\t}\n\t\t}\n\t}\n})();\n<\/script><!-- Mailchimp for WordPress v4.8.3 - https:\/\/wordpress.org\/plugins\/mailchimp-for-wp\/ --><form id=\"mc4wp-form-1\" class=\"mc4wp-form mc4wp-form-507\" method=\"post\" data-id=\"507\" data-name=\"Subscriure&#039;s\" action=\"\" ><div class=\"mc4wp-form-fields\"><h2 style=\"text-align: center;\">Apunta't a la nostra newsletter!<\/h2>\r\n<br\/>\r\n<p style=\"text-align:center;\">\r\n\r\n    <label>Nom:<\/label><br\/>\r\n    <input style=\"min-width:250px; width:50%;\" name=\"FNAME\" required=\"\" type=\"text\"><br\/>\r\n\r\n    <label>Cognoms:<\/label><br\/>\r\n    <input style=\"min-width:250px; width:50%;\" name=\"LNAME\" required=\"\" type=\"text\"><br\/>\r\n  <label>Adre\u00e7a de correu electr\u00f2nic:<\/label><br\/>\r\n  <input style=\"min-width:250px; width:50%;\" type=\"email\" name=\"EMAIL\" required \/>\r\n<br\/>\r\n    <label>Centre educatiu:<\/label><br\/>\r\n    <input style=\"min-width:250px; width:50%;\" name=\"MMERGE3\" type=\"text\"><br\/>\r\n\r\n    <label>Municipi:<\/label><br\/>\r\n    <input style=\"min-width:250px; width:50%;\" name=\"MMERGE4\" type=\"text\"><br\/>\r\n<\/p>\r\n\r\n<p style=\"text-align:center;\">\r\n    <label>Categoria:<\/label><br\/>\r\n<\/p>\r\n<p style=\"margin-left:auto; margin-right:auto; width:114px;\">\r\n    <label>\r\n        <input name=\"INTERESTS[37576212e5][]\" value=\"22ebdc8230\" type=\"checkbox\"> <span>Docent<\/span>\r\n    <\/label>\r\n  <br\/>\r\n    <label>\r\n        <input name=\"INTERESTS[37576212e5][]\" value=\"ebd96ad3e4\" type=\"checkbox\"> <span>Administraci\u00f3<\/span>\r\n    <\/label>\r\n  <br\/>\r\n    <label>\r\n        <input name=\"INTERESTS[37576212e5][]\" value=\"b14bec8d7b\" type=\"checkbox\"> <span>Pare o mare<\/span>\r\n    <\/label>\r\n<\/p>\r\n<hr style=\"margin-top:25px; margin-bottom:40px;\">\r\n<p>\r\n    <label>\r\n        <input name=\"INTERESTS[621ea1a1e8]\" value=\"dbdaa90103\" required=\"\" type=\"radio\"> <span>Autoritzo a l'\u00fas de les meves dades, d'acord amb la legislaci\u00f3 vigent, per tal de rebre informaci\u00f3 relacionada amb el projecte Escoles Blaves.<\/span>\r\n      <br\/>\r\n      <p style=\"font-size:8pt; line-height: 13pt;\">    Les dades nom\u00e9s s'utilitzaran per enviar aquest butllet\u00ed o qualsevol altre mitj\u00e0 d'enviament d'informaci\u00f3 relacionada amb Escoles Blaves \/ Les dades no es comunicaran a tercers en cap cas sense consentiment previ \/ Es poden exercir els drets d'acc\u00e9s, rectificaci\u00f3, supressi\u00f3, oposici\u00f3 i limitaci\u00f3 en el tractament d'acord amb el que preveu el Reglament (UE) 2016\/679. \/ El responsable del tractament de les dades personals \u00e9s Pl\u00e0ncton, Divulgaci\u00f3 i Serveis Marins S.C.P.<\/p>\r\n    <\/label>\r\n<\/p>\r\n\r\n<br\/>\r\n<p style=\"text-align:center;\">\r\n\t<input type=\"submit\" value=\"Inscriure's!\" \/>\r\n<\/p><\/div><label style=\"display: none !important;\">Leave this field empty if you're human: <input type=\"text\" name=\"_mc4wp_honeypot\" value=\"\" tabindex=\"-1\" autocomplete=\"off\" \/><\/label><input type=\"hidden\" name=\"_mc4wp_timestamp\" value=\"1777598415\" \/><input type=\"hidden\" name=\"_mc4wp_form_id\" value=\"507\" \/><input type=\"hidden\" name=\"_mc4wp_form_element_id\" value=\"mc4wp-form-1\" \/><div class=\"mc4wp-response\"><\/div><input type=\"hidden\" name=\"trp-form-language\" value=\"en\"\/><\/form><!-- \/ Mailchimp for WordPress Plugin --><\/p>\n\n\t\t<\/div>\n\t<\/div>\n<\/div><\/div><\/div><\/div>","protected":false},"excerpt":{"rendered":"Vols estar al corrent de totes les novetats sobre Escoles Blaves? (function() { window.mc4wp = window.mc4wp || { listeners: [], forms: { on: function(evt, cb) { window.mc4wp.listeners.push( { event : evt, callback: cb } ); } } } })(); Apunta't a la nostra newsletter! Nom: Cognoms: Adre\u00e7a de correu electr\u00f2nic: Centre educatiu: Municipi: Categoria: Docent&hellip;","protected":false},"author":1,"featured_media":524,"parent":0,"menu_order":0,"comment_status":"closed","ping_status":"closed","template":"","meta":[],"yoast_head":"<!-- This site is optimized with the Yoast SEO plugin v16.0.1 - https:\/\/yoast.com\/wordpress\/plugins\/seo\/ -->\n<title>Newsletter | Escoles Blaves<\/title>\n<link rel=\"canonical\" href=\"https:\/\/www.escolesblaves.cat\/en\/newsletter\/\" \/>\n<meta property=\"og:locale\" content=\"en_GB\" \/>\n<meta property=\"og:type\" content=\"article\" \/>\n<meta property=\"og:title\" content=\"Newsletter | Escoles Blaves\" \/>\n<meta property=\"og:url\" content=\"https:\/\/www.escolesblaves.cat\/en\/newsletter\/\" \/>\n<meta property=\"og:site_name\" content=\"Escoles Blaves\" \/>\n<meta property=\"article:publisher\" content=\"https:\/\/www.facebook.com\/PlanctonDivulgacioIServeisMarins\" \/>\n<meta property=\"article:modified_time\" content=\"2017-12-13T13:43:11+00:00\" \/>\n<meta property=\"og:image\" content=\"https:\/\/www.escolesblaves.cat\/wp-content\/uploads\/2017\/12\/sobre-01.png\" \/>\n\t<meta property=\"og:image:width\" content=\"494\" \/>\n\t<meta property=\"og:image:height\" content=\"521\" \/>\n<meta name=\"twitter:card\" content=\"summary\" \/>\n<meta name=\"twitter:site\" content=\"@planctondivulga\" \/>\n<script type=\"application\/ld+json\" class=\"yoast-schema-graph\">{\"@context\":\"https:\/\/schema.org\",\"@graph\":[{\"@type\":\"Organization\",\"@id\":\"https:\/\/www.escolesblaves.cat\/#organization\",\"name\":\"Escoles blaves\",\"url\":\"https:\/\/www.escolesblaves.cat\/\",\"sameAs\":[\"https:\/\/www.facebook.com\/PlanctonDivulgacioIServeisMarins\",\"http:\/\/www.instagram.com\/planctondivulga\",\"https:\/\/twitter.com\/planctondivulga\"],\"logo\":{\"@type\":\"ImageObject\",\"@id\":\"https:\/\/www.escolesblaves.cat\/#logo\",\"inLanguage\":\"en-GB\",\"url\":\"https:\/\/www.escolesblaves.cat\/wp-content\/uploads\/2017\/05\/logo-web-01-01-01.png\",\"width\":208,\"height\":99,\"caption\":\"Escoles blaves\"},\"image\":{\"@id\":\"https:\/\/www.escolesblaves.cat\/#logo\"}},{\"@type\":\"WebSite\",\"@id\":\"https:\/\/www.escolesblaves.cat\/#website\",\"url\":\"https:\/\/www.escolesblaves.cat\/\",\"name\":\"Escoles Blaves\",\"description\":\"Apropem el mar a les Terres de l&#039;Ebre\",\"publisher\":{\"@id\":\"https:\/\/www.escolesblaves.cat\/#organization\"},\"potentialAction\":[{\"@type\":\"SearchAction\",\"target\":\"https:\/\/www.escolesblaves.cat\/?s={search_term_string}\",\"query-input\":\"required name=search_term_string\"}],\"inLanguage\":\"en-GB\"},{\"@type\":\"ImageObject\",\"@id\":\"http:\/\/www.escolesblaves.cat\/newsletter\/#primaryimage\",\"inLanguage\":\"en-GB\",\"url\":\"https:\/\/www.escolesblaves.cat\/wp-content\/uploads\/2017\/12\/sobre-01.png\",\"width\":494,\"height\":521},{\"@type\":\"WebPage\",\"@id\":\"http:\/\/www.escolesblaves.cat\/newsletter\/#webpage\",\"url\":\"http:\/\/www.escolesblaves.cat\/newsletter\/\",\"name\":\"Newsletter | Escoles Blaves\",\"isPartOf\":{\"@id\":\"https:\/\/www.escolesblaves.cat\/#website\"},\"primaryImageOfPage\":{\"@id\":\"http:\/\/www.escolesblaves.cat\/newsletter\/#primaryimage\"},\"datePublished\":\"2017-12-11T16:05:06+00:00\",\"dateModified\":\"2017-12-13T13:43:11+00:00\",\"breadcrumb\":{\"@id\":\"http:\/\/www.escolesblaves.cat\/newsletter\/#breadcrumb\"},\"inLanguage\":\"en-GB\",\"potentialAction\":[{\"@type\":\"ReadAction\",\"target\":[\"http:\/\/www.escolesblaves.cat\/newsletter\/\"]}]},{\"@type\":\"BreadcrumbList\",\"@id\":\"http:\/\/www.escolesblaves.cat\/newsletter\/#breadcrumb\",\"itemListElement\":[{\"@type\":\"ListItem\",\"position\":1,\"item\":{\"@type\":\"WebPage\",\"@id\":\"https:\/\/www.escolesblaves.cat\/\",\"url\":\"https:\/\/www.escolesblaves.cat\/\",\"name\":\"Inici\"}},{\"@type\":\"ListItem\",\"position\":2,\"item\":{\"@type\":\"WebPage\",\"@id\":\"http:\/\/www.escolesblaves.cat\/newsletter\/\",\"url\":\"http:\/\/www.escolesblaves.cat\/newsletter\/\",\"name\":\"Newsletter\"}}]}]}<\/script>\n<!-- \/ Yoast SEO plugin. -->","_links":{"self":[{"href":"https:\/\/www.escolesblaves.cat\/en\/wp-json\/wp\/v2\/pages\/509"}],"collection":[{"href":"https:\/\/www.escolesblaves.cat\/en\/wp-json\/wp\/v2\/pages"}],"about":[{"href":"https:\/\/www.escolesblaves.cat\/en\/wp-json\/wp\/v2\/types\/page"}],"author":[{"embeddable":true,"href":"https:\/\/www.escolesblaves.cat\/en\/wp-json\/wp\/v2\/users\/1"}],"replies":[{"embeddable":true,"href":"https:\/\/www.escolesblaves.cat\/en\/wp-json\/wp\/v2\/comments?post=509"}],"version-history":[{"count":20,"href":"https:\/\/www.escolesblaves.cat\/en\/wp-json\/wp\/v2\/pages\/509\/revisions"}],"predecessor-version":[{"id":532,"href":"https:\/\/www.escolesblaves.cat\/en\/wp-json\/wp\/v2\/pages\/509\/revisions\/532"}],"wp:featuredmedia":[{"embeddable":true,"href":"https:\/\/www.escolesblaves.cat\/en\/wp-json\/wp\/v2\/media\/524"}],"wp:attachment":[{"href":"https:\/\/www.escolesblaves.cat\/en\/wp-json\/wp\/v2\/media?parent=509"}],"curies":[{"name":"wp","href":"https:\/\/api.w.org\/{rel}","templated":true}]}}