{"id":570,"date":"2018-01-22T10:20:54","date_gmt":"2018-01-22T10:20:54","guid":{"rendered":"http:\/\/www.escolesblaves.cat\/?page_id=570"},"modified":"2018-01-22T11:36:41","modified_gmt":"2018-01-22T11:36:41","slug":"contaminacio-marina-hidrocarburs","status":"publish","type":"page","link":"https:\/\/www.escolesblaves.cat\/en\/contaminacio-marina-hidrocarburs\/","title":{"rendered":"Hydrocarbon pollution of the sea (in Catalan)"},"content":{"rendered":"<div class=\"vc_row wpb_row vc_row-fluid dt-default\" style=\"margin-top: 0px;margin-bottom: 0px\"><div class=\"wpb_column vc_column_container vc_col-sm-3\"><div class=\"vc_column-inner\"><div class=\"wpb_wrapper\">\n\t<div  class=\"wpb_single_image wpb_content_element vc_align_left\">\n\t\t\n\t\t<figure class=\"wpb_wrapper vc_figure\">\n\t\t\t<a href=\"http:\/\/www.escolesblaves.cat\/en\/wp-content\/uploads\/2018\/01\/escolesblaves_contaminacio.pdf\/\" target=\"_blank\" class=\"vc_single_image-wrapper   vc_box_border_grey rollover\"><\/a>\n\t\t<\/figure>\n\t<\/div>\n<a href=\"http:\/\/www.escolesblaves.cat\/en\/wp-content\/uploads\/2018\/01\/escolesblaves_contaminacio\u0301.pdf\/\" class=\"default-btn-shortcode dt-btn dt-btn-l full-width-btn btn-inline-left\" id=\"default-btn-1\" title=\"Descarrega\" rel=\"nofollow\"><span>Descarregar el PDF<\/span><\/a><\/div><\/div><\/div><div class=\"wpb_column vc_column_container vc_col-sm-9\"><div class=\"vc_column-inner\"><div class=\"wpb_wrapper\"><div class=\"uavc-list-icon uavc-list-icon-wrapper ult-adjust-bottom-margin\"><ul class=\"uavc-list\"><li><div class=\"uavc-list-content\" id=\"list-icon-wrap-2230\">\n<div class=\"uavc-list-icon\" data-animation=\"\" data-animation-delay=\"03\" style=\"margin-right:5px;\"><div class=\"ult-just-icon-wrapper\"><div class=\"align-icon\" style=\"text-align:center;\">\n<div class=\"aio-icon none\"  style=\"color:#333333;font-size:32px;display:inline-block;\">\n\t<i class=\"Defaults-book\"><\/i>\n<\/div><\/div><\/div>\n<\/div><span  data-ultimate-target='#list-icon-wrap-2230 .uavc-list-desc'  data-responsive-json-new='{\"font-size\":\"\",\"line-height\":\"\"}'  class=\"uavc-list-desc ult-responsive\" style=\"\"><strong>Alumnat a qui va dirigit:<\/strong> De 1er a 3er ESO<\/p>\n<p><strong>\u00c0rees\/Mat\u00e8ries:<\/strong> Biologia i Geologia 1er ESO: Caracter\u00edstiques de la hidrosfera, fonts i processos de contaminaci\u00f3, m\u00e8todes de depuraci\u00f3.<br \/>\nBiologia i Geologia 3er ESO: impactes de la activitat humana sobre la hidrosfera, an\u00e0lisis dels problemes mediambientals. Investigaci\u00f3 i experimentaci\u00f3.<\/p>\n<p><strong>Descripci\u00f3 de la proposta:<\/strong><\/p>\n<p>L\u2019\u00e9sser hum\u00e0 est\u00e0 abocant diferents tipus contaminants als mars de forma continuada. Un exemple d\u2019aquests contaminants s\u00f3n els hidrocarburs: el petroli i els seus derivats. Els hidrocarburs poden arribar al mar de moltes fonts diferents, d\u2019entre les quals destaquen els accidents dels petroliers. Aquesta font de contaminaci\u00f3, tot i representar nom\u00e9s el 12% dels vessaments, provoca un impacte local molt important. \u00c9s per aix\u00f2 que durant aquesta activitat simularem un vessament de petroli accidental i intentarem tractar aquest vessament utilitzant diferents m\u00e8todes, seguint les instruccions generals de contenir, recollir i eliminar!<\/p>\n<p><strong>Aspectes did\u00e0ctics i metodol\u00f2gics:<\/strong><\/p>\n<p>La sessi\u00f3 comen\u00e7a amb una petita explicaci\u00f3 que introdueixi la tem\u00e0tica de la contaminaci\u00f3 marina per hidrocarburs i les actuacions que porten a terme els equips de descontaminaci\u00f3 en casos reals. Seguidament es fa una pr\u00e0ctica en que l\u2019alumnat posi a prova diferents m\u00e8todes de contenci\u00f3, recol\u00b7lecci\u00f3 i eliminaci\u00f3 d\u2019hidrocarburs de forma simulada. Es recomana treballar en petits grups de 2-4 persones. \u00c9s necessari realitzar la pr\u00e0ctica en un laboratori.<\/p>\n<p><strong>Objectius:<\/strong><\/p>\n<p>Experimentar sobre les accions que es duen a terme per a tractar els vessaments de petroli i valorar la idone\u00eftat de cada m\u00e8tode.<br \/>\nSensibilitzar i fer reflexionar sobre les conseq\u00fc\u00e8ncies de contaminar el mar.<\/p>\n<p><strong>Compet\u00e8ncies b\u00e0siques de l\u2019\u00e0mbit cient\u00edfic-t\u00e8cnic:<\/strong><\/p>\n<p>Compet\u00e8ncia 5. Resoldre problemes de la vida quotidiana aplicant el raonament cient\u00edfic<br \/>\nCompet\u00e8ncia 7. Utilitzar objectes tecnol\u00f2gics de la vida quotidiana amb el coneixement b\u00e0sic del seu funcionament, manteniment i accions a fer per minimitzar els riscos en la manipulaci\u00f3 i en l\u2019impacte mediambiental<br \/>\nCompet\u00e8ncia 11. Adoptar mesures amb criteris cient\u00edfics que evitin o minimitzin els impactes mediambientals derivats de la intervenci\u00f3 humana<\/p>\n<p><strong>Recursos emprats:<\/strong><\/p>\n<p>Recipient transparent (un aquari o una garrafa d\u2019aigua de 5-8 litres tallada)<br \/>\nOli (millor d\u2019oliva)<br \/>\nXocolata per a fer pastissos<br \/>\nAigua<br \/>\nCordell<br \/>\nPalletes<br \/>\nCot\u00f3 fluix<br \/>\nBastonets de les orelles<br \/>\nDetergent per a netejar els plats<br \/>\nMaterial per al professorat: Presentaci\u00f3 per a fer una introducci\u00f3 del tema (Material adjunt)<\/span><\/div><\/li><\/ul><\/div><\/div><\/div><\/div><\/div>","protected":false},"excerpt":{"rendered":"Descarregar el PDF Alumnat a qui va dirigit: De 1er a 3er ESO \u00c0rees\/Mat\u00e8ries: Biologia i Geologia 1er ESO: Caracter\u00edstiques de la hidrosfera, fonts i processos de contaminaci\u00f3, m\u00e8todes de depuraci\u00f3. Biologia i Geologia 3er ESO: impactes de la activitat humana sobre la hidrosfera, an\u00e0lisis dels problemes mediambientals. Investigaci\u00f3 i experimentaci\u00f3. Descripci\u00f3 de la proposta:&hellip;","protected":false},"author":1,"featured_media":0,"parent":0,"menu_order":0,"comment_status":"closed","ping_status":"closed","template":"","meta":[],"yoast_head":"<!-- This site is optimized with the Yoast SEO plugin v16.0.1 - https:\/\/yoast.com\/wordpress\/plugins\/seo\/ -->\n<title>Contaminaci\u00f3 marina per hidrocarburs | Escoles Blaves<\/title>\n<link rel=\"canonical\" href=\"https:\/\/www.escolesblaves.cat\/en\/contaminacio-marina-hidrocarburs\/\" \/>\n<meta property=\"og:locale\" content=\"en_GB\" \/>\n<meta property=\"og:type\" content=\"article\" \/>\n<meta property=\"og:title\" content=\"Contaminaci\u00f3 marina per hidrocarburs | Escoles Blaves\" \/>\n<meta property=\"og:url\" content=\"https:\/\/www.escolesblaves.cat\/en\/contaminacio-marina-hidrocarburs\/\" \/>\n<meta property=\"og:site_name\" content=\"Escoles Blaves\" \/>\n<meta property=\"article:publisher\" content=\"https:\/\/www.facebook.com\/PlanctonDivulgacioIServeisMarins\" \/>\n<meta property=\"article:modified_time\" content=\"2018-01-22T11:36:41+00:00\" \/>\n<meta property=\"og:image\" content=\"http:\/\/www.escolesblaves.cat\/wp-content\/uploads\/2017\/05\/thumb-16.png\" \/>\n<meta name=\"twitter:card\" content=\"summary\" \/>\n<meta name=\"twitter:site\" content=\"@planctondivulga\" \/>\n<meta name=\"twitter:label1\" content=\"Estimated reading time\">\n\t<meta name=\"twitter:data1\" content=\"2 minutes\">\n<script type=\"application\/ld+json\" class=\"yoast-schema-graph\">{\"@context\":\"https:\/\/schema.org\",\"@graph\":[{\"@type\":\"Organization\",\"@id\":\"https:\/\/www.escolesblaves.cat\/#organization\",\"name\":\"Escoles blaves\",\"url\":\"https:\/\/www.escolesblaves.cat\/\",\"sameAs\":[\"https:\/\/www.facebook.com\/PlanctonDivulgacioIServeisMarins\",\"http:\/\/www.instagram.com\/planctondivulga\",\"https:\/\/twitter.com\/planctondivulga\"],\"logo\":{\"@type\":\"ImageObject\",\"@id\":\"https:\/\/www.escolesblaves.cat\/#logo\",\"inLanguage\":\"en-GB\",\"url\":\"https:\/\/www.escolesblaves.cat\/wp-content\/uploads\/2017\/05\/logo-web-01-01-01.png\",\"width\":208,\"height\":99,\"caption\":\"Escoles blaves\"},\"image\":{\"@id\":\"https:\/\/www.escolesblaves.cat\/#logo\"}},{\"@type\":\"WebSite\",\"@id\":\"https:\/\/www.escolesblaves.cat\/#website\",\"url\":\"https:\/\/www.escolesblaves.cat\/\",\"name\":\"Escoles Blaves\",\"description\":\"Apropem el mar a les Terres de l&#039;Ebre\",\"publisher\":{\"@id\":\"https:\/\/www.escolesblaves.cat\/#organization\"},\"potentialAction\":[{\"@type\":\"SearchAction\",\"target\":\"https:\/\/www.escolesblaves.cat\/?s={search_term_string}\",\"query-input\":\"required name=search_term_string\"}],\"inLanguage\":\"en-GB\"},{\"@type\":\"WebPage\",\"@id\":\"https:\/\/www.escolesblaves.cat\/contaminacio-marina-hidrocarburs\/#webpage\",\"url\":\"https:\/\/www.escolesblaves.cat\/contaminacio-marina-hidrocarburs\/\",\"name\":\"Contaminaci\\u00f3 marina per hidrocarburs | Escoles Blaves\",\"isPartOf\":{\"@id\":\"https:\/\/www.escolesblaves.cat\/#website\"},\"datePublished\":\"2018-01-22T10:20:54+00:00\",\"dateModified\":\"2018-01-22T11:36:41+00:00\",\"breadcrumb\":{\"@id\":\"https:\/\/www.escolesblaves.cat\/contaminacio-marina-hidrocarburs\/#breadcrumb\"},\"inLanguage\":\"en-GB\",\"potentialAction\":[{\"@type\":\"ReadAction\",\"target\":[\"https:\/\/www.escolesblaves.cat\/contaminacio-marina-hidrocarburs\/\"]}]},{\"@type\":\"BreadcrumbList\",\"@id\":\"https:\/\/www.escolesblaves.cat\/contaminacio-marina-hidrocarburs\/#breadcrumb\",\"itemListElement\":[{\"@type\":\"ListItem\",\"position\":1,\"item\":{\"@type\":\"WebPage\",\"@id\":\"https:\/\/www.escolesblaves.cat\/\",\"url\":\"https:\/\/www.escolesblaves.cat\/\",\"name\":\"Inici\"}},{\"@type\":\"ListItem\",\"position\":2,\"item\":{\"@type\":\"WebPage\",\"@id\":\"https:\/\/www.escolesblaves.cat\/contaminacio-marina-hidrocarburs\/\",\"url\":\"https:\/\/www.escolesblaves.cat\/contaminacio-marina-hidrocarburs\/\",\"name\":\"Contaminaci\\u00f3 marina per hidrocarburs\"}}]}]}<\/script>\n<!-- \/ Yoast SEO plugin. -->","_links":{"self":[{"href":"https:\/\/www.escolesblaves.cat\/en\/wp-json\/wp\/v2\/pages\/570"}],"collection":[{"href":"https:\/\/www.escolesblaves.cat\/en\/wp-json\/wp\/v2\/pages"}],"about":[{"href":"https:\/\/www.escolesblaves.cat\/en\/wp-json\/wp\/v2\/types\/page"}],"author":[{"embeddable":true,"href":"https:\/\/www.escolesblaves.cat\/en\/wp-json\/wp\/v2\/users\/1"}],"replies":[{"embeddable":true,"href":"https:\/\/www.escolesblaves.cat\/en\/wp-json\/wp\/v2\/comments?post=570"}],"version-history":[{"count":2,"href":"https:\/\/www.escolesblaves.cat\/en\/wp-json\/wp\/v2\/pages\/570\/revisions"}],"predecessor-version":[{"id":598,"href":"https:\/\/www.escolesblaves.cat\/en\/wp-json\/wp\/v2\/pages\/570\/revisions\/598"}],"wp:attachment":[{"href":"https:\/\/www.escolesblaves.cat\/en\/wp-json\/wp\/v2\/media?parent=570"}],"curies":[{"name":"wp","href":"https:\/\/api.w.org\/{rel}","templated":true}]}}