{"id":572,"date":"2018-01-22T10:28:02","date_gmt":"2018-01-22T10:28:02","guid":{"rendered":"http:\/\/www.escolesblaves.cat\/?page_id=572"},"modified":"2018-01-22T11:37:24","modified_gmt":"2018-01-22T11:37:24","slug":"sistema-binomial-perque-dels-noms-cientifics","status":"publish","type":"page","link":"https:\/\/www.escolesblaves.cat\/en\/sistema-binomial-perque-dels-noms-cientifics\/","title":{"rendered":"Binomial nomenclature: the two-name naming system (in Catalan)"},"content":{"rendered":"<div class=\"vc_row wpb_row vc_row-fluid dt-default\" style=\"margin-top: 0px;margin-bottom: 0px\"><div class=\"wpb_column vc_column_container vc_col-sm-3\"><div class=\"vc_column-inner\"><div class=\"wpb_wrapper\">\n\t<div  class=\"wpb_single_image wpb_content_element vc_align_left\">\n\t\t\n\t\t<figure class=\"wpb_wrapper vc_figure\">\n\t\t\t<a href=\"http:\/\/www.escolesblaves.cat\/en\/wp-content\/uploads\/2018\/01\/escolesblaves_llati.pdf\/\" target=\"_blank\" class=\"vc_single_image-wrapper   vc_box_border_grey rollover\"><img width=\"1241\" height=\"1754\" src=\"https:\/\/www.escolesblaves.cat\/wp-content\/uploads\/2018\/01\/escolesblaves_llati\u0301.jpg\" class=\"vc_single_image-img attachment-full\" alt=\"\" loading=\"lazy\" srcset=\"https:\/\/www.escolesblaves.cat\/wp-content\/uploads\/2018\/01\/escolesblaves_llati\u0301.jpg 1241w, https:\/\/www.escolesblaves.cat\/wp-content\/uploads\/2018\/01\/escolesblaves_llati\u0301-212x300.jpg 212w, https:\/\/www.escolesblaves.cat\/wp-content\/uploads\/2018\/01\/escolesblaves_llati\u0301-768x1085.jpg 768w, https:\/\/www.escolesblaves.cat\/wp-content\/uploads\/2018\/01\/escolesblaves_llati\u0301-725x1024.jpg 725w\" sizes=\"(max-width: 1241px) 100vw, 1241px\" \/><\/a>\n\t\t<\/figure>\n\t<\/div>\n<a href=\"http:\/\/www.escolesblaves.cat\/en\/wp-content\/uploads\/2018\/01\/escolesblaves_llati.pdf\/\" class=\"default-btn-shortcode dt-btn dt-btn-l full-width-btn btn-inline-left\" id=\"default-btn-1\" title=\"Descarrega\" rel=\"nofollow\"><span>Descarregar el PDF<\/span><\/a><\/div><\/div><\/div><div class=\"wpb_column vc_column_container vc_col-sm-9\"><div class=\"vc_column-inner\"><div class=\"wpb_wrapper\"><div class=\"uavc-list-icon uavc-list-icon-wrapper ult-adjust-bottom-margin\"><ul class=\"uavc-list\"><li><div class=\"uavc-list-content\" id=\"list-icon-wrap-8261\">\n<div class=\"uavc-list-icon\" data-animation=\"\" data-animation-delay=\"03\" style=\"margin-right:5px;\"><div class=\"ult-just-icon-wrapper\"><div class=\"align-icon\" style=\"text-align:center;\">\n<div class=\"aio-icon none\"  style=\"color:#333333;font-size:32px;display:inline-block;\">\n\t<i class=\"Defaults-book\"><\/i>\n<\/div><\/div><\/div>\n<\/div><span  data-ultimate-target='#list-icon-wrap-8261 .uavc-list-desc'  data-responsive-json-new='{\"font-size\":\"\",\"line-height\":\"\"}'  class=\"uavc-list-desc ult-responsive\" style=\"\"><strong>Alumnat a qui va dirigit:<\/strong> Per a alumnat d\u2019ESO.<\/p>\n<p><strong>\u00c0rees\/Mat\u00e8ries:<\/strong> Lleng\u00fces cl\u00e0ssiques, Mitologia, Ci\u00e8ncies de la Terra, Medi Ambient.<\/p>\n<p><strong>Descripci\u00f3:<\/strong><br \/>\nSaps quines esp\u00e8cies marines tenim a la mar Mediterr\u00e0nia? Sabries dir el seu nom cient\u00edfic? Aquesta activitat consistir\u00e0 primer en una petita explicaci\u00f3 de com es creen els noms cient\u00edfics de cada esp\u00e8cie i els seus significats etimol\u00f2gics, per a despr\u00e9s en forma de joc aprendre a deduir els noms cient\u00edfics de diferents esp\u00e8cies. A trav\u00e9s del joc s\u2019han de relacionar noms d\u2019esp\u00e8cies marines de la Mediterr\u00e0nia amb descripcions i fotografies.<\/p>\n<p><strong>Aspectes metodol\u00f2gics:<\/strong><br \/>\nUna sessi\u00f3 explicativa d\u2019una hora. Una o diverses sessions posteriors depenent de l\u2019activitat que es vulgui fer.<\/p>\n<p><strong>Objectius:<\/strong><br \/>\nCon\u00e8ixer les especies del nostre territori.<br \/>\nEntendre les classificacions taxon\u00f2miques dels \u00e9ssers vius.<br \/>\nAprendre llat\u00ed i grec i entendre aix\u00ed els noms i la terminologia cient\u00edfica.<br \/>\nCompet\u00e8ncies b\u00e0siques de l\u2019\u00e0mbit cientificotecnol\u00f2gic:<br \/>\nCompet\u00e8ncia 2. Identificar i caracteritzar els sistemes biol\u00f2gics i geol\u00f2gics des de la perspectiva dels models, per comunicar i predir el comportament dels fen\u00f2mens naturals.<br \/>\nCompet\u00e8ncia 3. Interpretar la hist\u00f2ria de l\u2019Univers, de la Terra i de la vida utilitzant els registres del passat.<\/p>\n<p><strong>Recursos:<\/strong><br \/>\nGuia did\u00e0ctica explicativa sobre la taxonomia i els noms cient\u00edfics.<br \/>\nDiverses activitats per relacionar els noms cient\u00edfics:<br \/>\nRelacionar els noms cient\u00edfics amb les seves traduccions.<br \/>\nRelacionar els noms cient\u00edfics amb les fotografies de totes les esp\u00e8cies.<\/span><\/div><\/li><\/ul><\/div><\/div><\/div><\/div><\/div>","protected":false},"excerpt":{"rendered":"Descarregar el PDF Alumnat a qui va dirigit: Per a alumnat d\u2019ESO. \u00c0rees\/Mat\u00e8ries: Lleng\u00fces cl\u00e0ssiques, Mitologia, Ci\u00e8ncies de la Terra, Medi Ambient. Descripci\u00f3: Saps quines esp\u00e8cies marines tenim a la mar Mediterr\u00e0nia? Sabries dir el seu nom cient\u00edfic? Aquesta activitat consistir\u00e0 primer en una petita explicaci\u00f3 de com es creen els noms cient\u00edfics de cada&hellip;","protected":false},"author":1,"featured_media":0,"parent":0,"menu_order":0,"comment_status":"closed","ping_status":"closed","template":"","meta":[],"yoast_head":"<!-- This site is optimized with the Yoast SEO plugin v16.0.1 - https:\/\/yoast.com\/wordpress\/plugins\/seo\/ -->\n<title>El sistema binomial: el perqu\u00e8 dels noms cient\u00edfics | Escoles Blaves<\/title>\n<link rel=\"canonical\" href=\"https:\/\/www.escolesblaves.cat\/en\/sistema-binomial-perque-dels-noms-cientifics\/\" \/>\n<meta property=\"og:locale\" content=\"en_GB\" \/>\n<meta property=\"og:type\" content=\"article\" \/>\n<meta property=\"og:title\" content=\"El sistema binomial: el perqu\u00e8 dels noms cient\u00edfics | Escoles Blaves\" \/>\n<meta property=\"og:url\" content=\"https:\/\/www.escolesblaves.cat\/en\/sistema-binomial-perque-dels-noms-cientifics\/\" \/>\n<meta property=\"og:site_name\" content=\"Escoles Blaves\" \/>\n<meta property=\"article:publisher\" content=\"https:\/\/www.facebook.com\/PlanctonDivulgacioIServeisMarins\" \/>\n<meta property=\"article:modified_time\" content=\"2018-01-22T11:37:24+00:00\" \/>\n<meta property=\"og:image\" content=\"http:\/\/www.escolesblaves.cat\/wp-content\/uploads\/2017\/05\/thumb-16.png\" \/>\n<meta name=\"twitter:card\" content=\"summary\" \/>\n<meta name=\"twitter:site\" content=\"@planctondivulga\" \/>\n<meta name=\"twitter:label1\" content=\"Estimated reading time\">\n\t<meta name=\"twitter:data1\" content=\"2 minutes\">\n<script type=\"application\/ld+json\" class=\"yoast-schema-graph\">{\"@context\":\"https:\/\/schema.org\",\"@graph\":[{\"@type\":\"Organization\",\"@id\":\"https:\/\/www.escolesblaves.cat\/#organization\",\"name\":\"Escoles blaves\",\"url\":\"https:\/\/www.escolesblaves.cat\/\",\"sameAs\":[\"https:\/\/www.facebook.com\/PlanctonDivulgacioIServeisMarins\",\"http:\/\/www.instagram.com\/planctondivulga\",\"https:\/\/twitter.com\/planctondivulga\"],\"logo\":{\"@type\":\"ImageObject\",\"@id\":\"https:\/\/www.escolesblaves.cat\/#logo\",\"inLanguage\":\"en-GB\",\"url\":\"https:\/\/www.escolesblaves.cat\/wp-content\/uploads\/2017\/05\/logo-web-01-01-01.png\",\"width\":208,\"height\":99,\"caption\":\"Escoles blaves\"},\"image\":{\"@id\":\"https:\/\/www.escolesblaves.cat\/#logo\"}},{\"@type\":\"WebSite\",\"@id\":\"https:\/\/www.escolesblaves.cat\/#website\",\"url\":\"https:\/\/www.escolesblaves.cat\/\",\"name\":\"Escoles Blaves\",\"description\":\"Apropem el mar a les Terres de l&#039;Ebre\",\"publisher\":{\"@id\":\"https:\/\/www.escolesblaves.cat\/#organization\"},\"potentialAction\":[{\"@type\":\"SearchAction\",\"target\":\"https:\/\/www.escolesblaves.cat\/?s={search_term_string}\",\"query-input\":\"required name=search_term_string\"}],\"inLanguage\":\"en-GB\"},{\"@type\":\"WebPage\",\"@id\":\"https:\/\/www.escolesblaves.cat\/sistema-binomial-perque-dels-noms-cientifics\/#webpage\",\"url\":\"https:\/\/www.escolesblaves.cat\/sistema-binomial-perque-dels-noms-cientifics\/\",\"name\":\"El sistema binomial: el perqu\\u00e8 dels noms cient\\u00edfics | Escoles Blaves\",\"isPartOf\":{\"@id\":\"https:\/\/www.escolesblaves.cat\/#website\"},\"datePublished\":\"2018-01-22T10:28:02+00:00\",\"dateModified\":\"2018-01-22T11:37:24+00:00\",\"breadcrumb\":{\"@id\":\"https:\/\/www.escolesblaves.cat\/sistema-binomial-perque-dels-noms-cientifics\/#breadcrumb\"},\"inLanguage\":\"en-GB\",\"potentialAction\":[{\"@type\":\"ReadAction\",\"target\":[\"https:\/\/www.escolesblaves.cat\/sistema-binomial-perque-dels-noms-cientifics\/\"]}]},{\"@type\":\"BreadcrumbList\",\"@id\":\"https:\/\/www.escolesblaves.cat\/sistema-binomial-perque-dels-noms-cientifics\/#breadcrumb\",\"itemListElement\":[{\"@type\":\"ListItem\",\"position\":1,\"item\":{\"@type\":\"WebPage\",\"@id\":\"https:\/\/www.escolesblaves.cat\/\",\"url\":\"https:\/\/www.escolesblaves.cat\/\",\"name\":\"Inici\"}},{\"@type\":\"ListItem\",\"position\":2,\"item\":{\"@type\":\"WebPage\",\"@id\":\"https:\/\/www.escolesblaves.cat\/sistema-binomial-perque-dels-noms-cientifics\/\",\"url\":\"https:\/\/www.escolesblaves.cat\/sistema-binomial-perque-dels-noms-cientifics\/\",\"name\":\"El sistema binomial: el perqu\\u00e8 dels noms cient\\u00edfics\"}}]}]}<\/script>\n<!-- \/ Yoast SEO plugin. -->","_links":{"self":[{"href":"https:\/\/www.escolesblaves.cat\/en\/wp-json\/wp\/v2\/pages\/572"}],"collection":[{"href":"https:\/\/www.escolesblaves.cat\/en\/wp-json\/wp\/v2\/pages"}],"about":[{"href":"https:\/\/www.escolesblaves.cat\/en\/wp-json\/wp\/v2\/types\/page"}],"author":[{"embeddable":true,"href":"https:\/\/www.escolesblaves.cat\/en\/wp-json\/wp\/v2\/users\/1"}],"replies":[{"embeddable":true,"href":"https:\/\/www.escolesblaves.cat\/en\/wp-json\/wp\/v2\/comments?post=572"}],"version-history":[{"count":3,"href":"https:\/\/www.escolesblaves.cat\/en\/wp-json\/wp\/v2\/pages\/572\/revisions"}],"predecessor-version":[{"id":592,"href":"https:\/\/www.escolesblaves.cat\/en\/wp-json\/wp\/v2\/pages\/572\/revisions\/592"}],"wp:attachment":[{"href":"https:\/\/www.escolesblaves.cat\/en\/wp-json\/wp\/v2\/media?parent=572"}],"curies":[{"name":"wp","href":"https:\/\/api.w.org\/{rel}","templated":true}]}}