{"id":605,"date":"2018-01-22T11:45:42","date_gmt":"2018-01-22T11:45:42","guid":{"rendered":"http:\/\/www.escolesblaves.cat\/?page_id=605"},"modified":"2018-01-22T11:46:00","modified_gmt":"2018-01-22T11:46:00","slug":"introduccio-taula-periodica-mar","status":"publish","type":"page","link":"https:\/\/www.escolesblaves.cat\/en\/introduccio-taula-periodica-mar\/","title":{"rendered":"Introduction to the periodic table of elements in the sea (in Catalan)"},"content":{"rendered":"<div class=\"vc_row wpb_row vc_row-fluid dt-default\" style=\"margin-top: 0px;margin-bottom: 0px\"><div class=\"wpb_column vc_column_container vc_col-sm-3\"><div class=\"vc_column-inner\"><div class=\"wpb_wrapper\">\n\t<div  class=\"wpb_single_image wpb_content_element vc_align_left\">\n\t\t\n\t\t<figure class=\"wpb_wrapper vc_figure\">\n\t\t\t<a href=\"http:\/\/www.escolesblaves.cat\/en\/wp-content\/uploads\/2018\/01\/escolesblaves_taulaperiodica.pdf\/\" target=\"_blank\" class=\"vc_single_image-wrapper   vc_box_border_grey rollover\"><img width=\"1241\" height=\"1754\" src=\"https:\/\/www.escolesblaves.cat\/wp-content\/uploads\/2018\/01\/escolesblaves_taulaperiodica.jpg\" class=\"vc_single_image-img attachment-full\" alt=\"\" loading=\"lazy\" srcset=\"https:\/\/www.escolesblaves.cat\/wp-content\/uploads\/2018\/01\/escolesblaves_taulaperiodica.jpg 1241w, https:\/\/www.escolesblaves.cat\/wp-content\/uploads\/2018\/01\/escolesblaves_taulaperiodica-212x300.jpg 212w, https:\/\/www.escolesblaves.cat\/wp-content\/uploads\/2018\/01\/escolesblaves_taulaperiodica-768x1085.jpg 768w, https:\/\/www.escolesblaves.cat\/wp-content\/uploads\/2018\/01\/escolesblaves_taulaperiodica-725x1024.jpg 725w\" sizes=\"(max-width: 1241px) 100vw, 1241px\" \/><\/a>\n\t\t<\/figure>\n\t<\/div>\n<a href=\"http:\/\/www.escolesblaves.cat\/en\/wp-content\/uploads\/2018\/01\/escolesblaves_taulaperiodica.pdf\/\" class=\"default-btn-shortcode dt-btn dt-btn-l full-width-btn btn-inline-left\" id=\"default-btn-1\" title=\"Descarrega\" rel=\"nofollow\"><span>Descarregar el PDF<\/span><\/a><\/div><\/div><\/div><div class=\"wpb_column vc_column_container vc_col-sm-9\"><div class=\"vc_column-inner\"><div class=\"wpb_wrapper\"><div class=\"uavc-list-icon uavc-list-icon-wrapper ult-adjust-bottom-margin\"><ul class=\"uavc-list\"><li><div class=\"uavc-list-content\" id=\"list-icon-wrap-5272\">\n<div class=\"uavc-list-icon\" data-animation=\"\" data-animation-delay=\"03\" style=\"margin-right:5px;\"><div class=\"ult-just-icon-wrapper\"><div class=\"align-icon\" style=\"text-align:center;\">\n<div class=\"aio-icon none\"  style=\"color:#333333;font-size:32px;display:inline-block;\">\n\t<i class=\"Defaults-book\"><\/i>\n<\/div><\/div><\/div>\n<\/div><span  data-ultimate-target='#list-icon-wrap-5272 .uavc-list-desc'  data-responsive-json-new='{\"font-size\":\"\",\"line-height\":\"\"}'  class=\"uavc-list-desc ult-responsive\" style=\"\"><strong>Alumnat a qui va dirigit:<\/strong> Per alumnat de 3er d\u2019ESO que estan comen\u00e7ant a estudiar la Taula Peri\u00f2dica.<\/p>\n<p><strong>\u00c0rees\/Mat\u00e8ries:<\/strong> Qu\u00edmica, F\u00edsica i Ci\u00e8ncies de la Terra. La taula peri\u00f2dica. Metalls pesats. Els cicles d\u2019alguns elements.<\/p>\n<p><strong>Descripci\u00f3:<\/strong><\/p>\n<p>Per tal d\u2019amenitzar l\u2019estudi de la taula peri\u00f2dica, durant aquesta activitat es parlar\u00e0 de diversos elements relacionats amb el mar connectant-los amb aspectes quotidians o not\u00edcies actuals. Aix\u00ed, l\u2019alumnat comenc\u00e7a a aprendre la taula peri\u00f2dica i a relacionar-se amb aspectes marins.<br \/>\nA partir de 8 elements de la taula peri\u00f2dica s\u2019intentar\u00e0 donar resposta a diverses q\u00fcestions: Com arriben els elements dins al mar? Com es forma la sal? Quins s\u00f3n els beneficis del magnesi? Per qu\u00e8 \u00e9s perjudicial el mercuri? Com funciona la relaci\u00f3 entre carboni i calci? Quina \u00e9s la causa de l\u2019acidificaci\u00f3 dels oceans?<\/p>\n<p><strong>Aspectes metodol\u00f2gics:<\/strong><\/p>\n<p>Una sessi\u00f3 explicativa d\u2019una hora per aprendre i comprendre els diferents elements de la taula peri\u00f2dica. Acabarem l\u2019activitat amb un q\u00fcestionari de recerca que ha d\u2019omplir l\u2019alumnat.<br \/>\nSi es volgu\u00e9s tractar m\u00e9s a fons el tema, s\u2019ha creat una activitat grupal per a l\u2019alumnat que consisteix en crear una taula peri\u00f2dica gegant i interactiva per a la resta d\u2019alumnat de l\u2019Institut.<\/p>\n<p><strong>Objectius:<\/strong><\/p>\n<p>Entendre algunes problem\u00e0tiques ecol\u00f2giques i investigar sobre els diferents casos.<br \/>\nAprendre a buscar informaci\u00f3 cient\u00edfica, i not\u00edcies.<br \/>\nComprendre els cicles del Carboni, Calci, Magnesi, Clor, Sodi i alguns metalls pesats.<br \/>\nSaber diferenciar entre els elements quins poden ser perjudicials i quins beneficiosos, i entendre la utilitat de cadascun per a objectes d\u2019\u00fas quotidi\u00e0.<\/p>\n<p><strong>Compet\u00e8ncies b\u00e0siques:<\/strong><\/p>\n<p>Compet\u00e8ncia 1. Identificar i caracteritzar els sistemes f\u00edsics i qu\u00edmics des de la perspectiva dels models, per comunicar i predir el comportament dels fen\u00f2mens naturals<br \/>\nCompet\u00e8ncia 2. Identificar i caracteritzar els sistemes biol\u00f2gics i geol\u00f2gics des de la perspectiva dels models, per comunicar i predir el comportament dels fen\u00f2mens naturals.<br \/>\nCompet\u00e8ncia 11. Adoptar mesures amb criteris cient\u00edfics que evitin o minimitzin els impactes mediambientals derivats de la intervenci\u00f3 humana<br \/>\nCompet\u00e8ncia 12. Adoptar mesures de prevenci\u00f3 i h\u00e0bits saludables en l\u2019\u00e0mbit individual i social, fonamentades en el coneixement de les estrat\u00e8gies de detecci\u00f3 i resposta del cos hum\u00e0<\/p>\n<p><strong>Recursos:<\/strong><\/p>\n<p>Guia did\u00e0ctica amb tota la informaci\u00f3 dels Elements: Mercuri, Cadmi, Plom, Sodi, Clor, Carboni, Calci, Magnesi. Enlla\u00e7 a v\u00eddeos explicatius sobre l\u2019acidificaci\u00f3 dels oceans.<br \/>\nQ\u00fcestionari de recerca dels elements tractats.<\/span><\/div><\/li><\/ul><\/div><\/div><\/div><\/div><\/div>","protected":false},"excerpt":{"rendered":"Descarregar el PDF Alumnat a qui va dirigit: Per alumnat de 3er d\u2019ESO que estan comen\u00e7ant a estudiar la Taula Peri\u00f2dica. \u00c0rees\/Mat\u00e8ries: Qu\u00edmica, F\u00edsica i Ci\u00e8ncies de la Terra. La taula peri\u00f2dica. Metalls pesats. Els cicles d\u2019alguns elements. Descripci\u00f3: Per tal d\u2019amenitzar l\u2019estudi de la taula peri\u00f2dica, durant aquesta activitat es parlar\u00e0 de diversos elements&hellip;","protected":false},"author":1,"featured_media":0,"parent":0,"menu_order":0,"comment_status":"closed","ping_status":"closed","template":"","meta":[],"yoast_head":"<!-- This site is optimized with the Yoast SEO plugin v16.0.1 - https:\/\/yoast.com\/wordpress\/plugins\/seo\/ -->\n<title>Introducci\u00f3 a la taula peri\u00f2dica al mar | Escoles Blaves<\/title>\n<link rel=\"canonical\" href=\"https:\/\/www.escolesblaves.cat\/en\/introduccio-taula-periodica-mar\/\" \/>\n<meta property=\"og:locale\" content=\"en_GB\" \/>\n<meta property=\"og:type\" content=\"article\" \/>\n<meta property=\"og:title\" content=\"Introducci\u00f3 a la taula peri\u00f2dica al mar | Escoles Blaves\" \/>\n<meta property=\"og:url\" content=\"https:\/\/www.escolesblaves.cat\/en\/introduccio-taula-periodica-mar\/\" \/>\n<meta property=\"og:site_name\" content=\"Escoles Blaves\" \/>\n<meta property=\"article:publisher\" content=\"https:\/\/www.facebook.com\/PlanctonDivulgacioIServeisMarins\" \/>\n<meta property=\"article:modified_time\" content=\"2018-01-22T11:46:00+00:00\" \/>\n<meta property=\"og:image\" content=\"http:\/\/www.escolesblaves.cat\/wp-content\/uploads\/2017\/05\/thumb-16.png\" \/>\n<meta name=\"twitter:card\" content=\"summary\" \/>\n<meta name=\"twitter:site\" content=\"@planctondivulga\" \/>\n<meta name=\"twitter:label1\" content=\"Estimated reading time\">\n\t<meta name=\"twitter:data1\" content=\"3 minutes\">\n<script type=\"application\/ld+json\" class=\"yoast-schema-graph\">{\"@context\":\"https:\/\/schema.org\",\"@graph\":[{\"@type\":\"Organization\",\"@id\":\"https:\/\/www.escolesblaves.cat\/#organization\",\"name\":\"Escoles blaves\",\"url\":\"https:\/\/www.escolesblaves.cat\/\",\"sameAs\":[\"https:\/\/www.facebook.com\/PlanctonDivulgacioIServeisMarins\",\"http:\/\/www.instagram.com\/planctondivulga\",\"https:\/\/twitter.com\/planctondivulga\"],\"logo\":{\"@type\":\"ImageObject\",\"@id\":\"https:\/\/www.escolesblaves.cat\/#logo\",\"inLanguage\":\"en-GB\",\"url\":\"https:\/\/www.escolesblaves.cat\/wp-content\/uploads\/2017\/05\/logo-web-01-01-01.png\",\"width\":208,\"height\":99,\"caption\":\"Escoles blaves\"},\"image\":{\"@id\":\"https:\/\/www.escolesblaves.cat\/#logo\"}},{\"@type\":\"WebSite\",\"@id\":\"https:\/\/www.escolesblaves.cat\/#website\",\"url\":\"https:\/\/www.escolesblaves.cat\/\",\"name\":\"Escoles Blaves\",\"description\":\"Apropem el mar a les Terres de l&#039;Ebre\",\"publisher\":{\"@id\":\"https:\/\/www.escolesblaves.cat\/#organization\"},\"potentialAction\":[{\"@type\":\"SearchAction\",\"target\":\"https:\/\/www.escolesblaves.cat\/?s={search_term_string}\",\"query-input\":\"required name=search_term_string\"}],\"inLanguage\":\"en-GB\"},{\"@type\":\"WebPage\",\"@id\":\"https:\/\/www.escolesblaves.cat\/introduccio-taula-periodica-mar\/#webpage\",\"url\":\"https:\/\/www.escolesblaves.cat\/introduccio-taula-periodica-mar\/\",\"name\":\"Introducci\\u00f3 a la taula peri\\u00f2dica al mar | Escoles Blaves\",\"isPartOf\":{\"@id\":\"https:\/\/www.escolesblaves.cat\/#website\"},\"datePublished\":\"2018-01-22T11:45:42+00:00\",\"dateModified\":\"2018-01-22T11:46:00+00:00\",\"breadcrumb\":{\"@id\":\"https:\/\/www.escolesblaves.cat\/introduccio-taula-periodica-mar\/#breadcrumb\"},\"inLanguage\":\"en-GB\",\"potentialAction\":[{\"@type\":\"ReadAction\",\"target\":[\"https:\/\/www.escolesblaves.cat\/introduccio-taula-periodica-mar\/\"]}]},{\"@type\":\"BreadcrumbList\",\"@id\":\"https:\/\/www.escolesblaves.cat\/introduccio-taula-periodica-mar\/#breadcrumb\",\"itemListElement\":[{\"@type\":\"ListItem\",\"position\":1,\"item\":{\"@type\":\"WebPage\",\"@id\":\"https:\/\/www.escolesblaves.cat\/\",\"url\":\"https:\/\/www.escolesblaves.cat\/\",\"name\":\"Inici\"}},{\"@type\":\"ListItem\",\"position\":2,\"item\":{\"@type\":\"WebPage\",\"@id\":\"https:\/\/www.escolesblaves.cat\/introduccio-taula-periodica-mar\/\",\"url\":\"https:\/\/www.escolesblaves.cat\/introduccio-taula-periodica-mar\/\",\"name\":\"Introducci\\u00f3 a la taula peri\\u00f2dica al mar\"}}]}]}<\/script>\n<!-- \/ Yoast SEO plugin. -->","_links":{"self":[{"href":"https:\/\/www.escolesblaves.cat\/en\/wp-json\/wp\/v2\/pages\/605"}],"collection":[{"href":"https:\/\/www.escolesblaves.cat\/en\/wp-json\/wp\/v2\/pages"}],"about":[{"href":"https:\/\/www.escolesblaves.cat\/en\/wp-json\/wp\/v2\/types\/page"}],"author":[{"embeddable":true,"href":"https:\/\/www.escolesblaves.cat\/en\/wp-json\/wp\/v2\/users\/1"}],"replies":[{"embeddable":true,"href":"https:\/\/www.escolesblaves.cat\/en\/wp-json\/wp\/v2\/comments?post=605"}],"version-history":[{"count":1,"href":"https:\/\/www.escolesblaves.cat\/en\/wp-json\/wp\/v2\/pages\/605\/revisions"}],"predecessor-version":[{"id":607,"href":"https:\/\/www.escolesblaves.cat\/en\/wp-json\/wp\/v2\/pages\/605\/revisions\/607"}],"wp:attachment":[{"href":"https:\/\/www.escolesblaves.cat\/en\/wp-json\/wp\/v2\/media?parent=605"}],"curies":[{"name":"wp","href":"https:\/\/api.w.org\/{rel}","templated":true}]}}