{"id":609,"date":"2018-01-22T12:40:03","date_gmt":"2018-01-22T12:40:03","guid":{"rendered":"http:\/\/www.escolesblaves.cat\/?page_id=609"},"modified":"2018-01-22T14:30:39","modified_gmt":"2018-01-22T14:30:39","slug":"oceanografia-fisica","status":"publish","type":"page","link":"https:\/\/www.escolesblaves.cat\/en\/oceanografia-fisica\/","title":{"rendered":"Oceanografia f\u00edsica"},"content":{"rendered":"<div class=\"vc_row wpb_row vc_row-fluid dt-default\" style=\"margin-top: 0px;margin-bottom: 0px\"><div class=\"wpb_column vc_column_container vc_col-sm-3\"><div class=\"vc_column-inner\"><div class=\"wpb_wrapper\">\n\t<div  class=\"wpb_single_image wpb_content_element vc_align_left\">\n\t\t\n\t\t<figure class=\"wpb_wrapper vc_figure\">\n\t\t\t<a href=\"http:\/\/www.escolesblaves.cat\/en\/wp-content\/uploads\/2018\/01\/escolesblaves_oceanografia.pdf\/\" target=\"_blank\" class=\"vc_single_image-wrapper   vc_box_border_grey rollover\"><img width=\"1241\" height=\"1754\" src=\"https:\/\/www.escolesblaves.cat\/wp-content\/uploads\/2018\/01\/escolesblaves_oceanografia.jpg\" class=\"vc_single_image-img attachment-full\" alt=\"\" loading=\"lazy\" srcset=\"https:\/\/www.escolesblaves.cat\/wp-content\/uploads\/2018\/01\/escolesblaves_oceanografia.jpg 1241w, https:\/\/www.escolesblaves.cat\/wp-content\/uploads\/2018\/01\/escolesblaves_oceanografia-212x300.jpg 212w, https:\/\/www.escolesblaves.cat\/wp-content\/uploads\/2018\/01\/escolesblaves_oceanografia-768x1085.jpg 768w, https:\/\/www.escolesblaves.cat\/wp-content\/uploads\/2018\/01\/escolesblaves_oceanografia-725x1024.jpg 725w\" sizes=\"(max-width: 1241px) 100vw, 1241px\" \/><\/a>\n\t\t<\/figure>\n\t<\/div>\n<a href=\"http:\/\/www.escolesblaves.cat\/en\/wp-content\/uploads\/2018\/01\/escolesblaves_oceanografia.pdf\/\" class=\"default-btn-shortcode dt-btn dt-btn-l full-width-btn btn-inline-left\" id=\"default-btn-1\" title=\"Descarrega\" rel=\"nofollow\"><span>Descarregar el PDF<\/span><\/a><\/div><\/div><\/div><div class=\"wpb_column vc_column_container vc_col-sm-9\"><div class=\"vc_column-inner\"><div class=\"wpb_wrapper\"><div class=\"uavc-list-icon uavc-list-icon-wrapper ult-adjust-bottom-margin\"><ul class=\"uavc-list\"><li><div class=\"uavc-list-content\" id=\"list-icon-wrap-3457\">\n<div class=\"uavc-list-icon\" data-animation=\"\" data-animation-delay=\"03\" style=\"margin-right:5px;\"><div class=\"ult-just-icon-wrapper\"><div class=\"align-icon\" style=\"text-align:center;\">\n<div class=\"aio-icon none\"  style=\"color:#333333;font-size:32px;display:inline-block;\">\n\t<i class=\"Defaults-book\"><\/i>\n<\/div><\/div><\/div>\n<\/div><span  data-ultimate-target='#list-icon-wrap-3457 .uavc-list-desc'  data-responsive-json-new='{\"font-size\":\"\",\"line-height\":\"\"}'  class=\"uavc-list-desc ult-responsive\" style=\"\"><strong>Alumnat a qui va dirigit:<\/strong> 2on d\u2019ESO &#8211; Batxillerat<\/p>\n<p><strong>\u00c0rees\/Mat\u00e8ries:<\/strong> F\u00edsica i qu\u00edmica: la mat\u00e8ria (propietats com la densitat), l\u2019energia (propagaci\u00f3 de la calor). Ci\u00e8ncies de la terra: Circulaci\u00f3 de les aig\u00fces i caracteritzaci\u00f3 de la hidrosfera.<\/p>\n<p><strong>Descripci\u00f3:<\/strong><\/p>\n<p>El nostre planeta est\u00e0 cobert per aigua en un 78 % de la seva superf\u00edcie, i la majoria d\u2019aquesta aigua es troba als oceans. Les aig\u00fces oce\u00e0niques tenen una import\u00e0ncia cabdal en diferents processos del planeta com per exemple la regulaci\u00f3 de la temperatura i la temper\u00e0ncia dels climes.<br \/>\nL\u2019oceanografia f\u00edsica \u00e9s l\u2019estudi de les propietats de l\u2019aigua i dels processos f\u00edsics que s\u2019esdevenen en els nostres oceans. Aix\u00ed doncs, mitjan\u00e7ant la modelitzaci\u00f3 i simulaci\u00f3 de diferents fen\u00f2mens naturals com l\u2019albedo o els moviments de les corrents marines, s\u2019explicaran alguns dels fen\u00f2mens que estudien els i les ocean\u00f2grafs i ocean\u00f2grafes.<\/p>\n<p><strong>Aspectes metodol\u00f2gics:<\/strong><\/p>\n<p>Es proposen diferents experiments de durada variable (des dels 5-10 minuts fins a 1 hora). Algunes d\u2019aquestes experi\u00e8ncies poden incloure\u2019s en una classe d\u2019aula, mentre que n\u2019hi ha que exigeixen un laboratori per al seu desenvolupament. A mode d\u2019exemple, durant una sessi\u00f3 d\u2019una hora al laboratori es poden portar a terme tres experiments com:<br \/>\nExperiment 1: Els efectes de la temperatura i la salinitat en la densitat<br \/>\nExperiment 2: Estratificaci\u00f3 de les aig\u00fces<br \/>\nExperiment 3: La circulaci\u00f3 global dels oceans<\/p>\n<p><strong>Objectius:<\/strong><\/p>\n<p>Comprendre la din\u00e0mica dels mars i oceans<br \/>\nObservar diferents propietats de l\u2019aigua<br \/>\nConstruir models experimentals al laboratori per simular diferents fen\u00f2mens naturals<\/p>\n<p><strong>Compet\u00e8ncies b\u00e0siques de l\u2019\u00e0mbit cient\u00edfico-tecnol\u00f2gic:<\/strong><\/p>\n<p>Compet\u00e8ncia 2. Identificar i caracteritzar els sistemes biol\u00f2gics i geol\u00f2gics des de la perspectiva dels models, per comunicar i predir el comportament dels fen\u00f2mens naturals<br \/>\nCompet\u00e8ncia 15. Donar resposta a les q\u00fcestions sobre sexualitat i reproducci\u00f3 humanes, a partir del coneixement cient\u00edfic, valorant les conseq\u00fc\u00e8ncies de les conductes de risc<\/p>\n<p><strong>Recursos:<\/strong><\/p>\n<p>Material de suport al professorat: Guia did\u00e0ctica.<br \/>\nMaterial per a l\u2019alumnat: Q\u00fcestionari per alguns experiments d\u2019oceanografia f\u00edsica.<br \/>\nSegons l\u2019experiment que es vulgui portar a terme: cubetes, vasos de precipitats, colorants alimentaris, sal de cuina, escalfadors, etc. (Consultar el material necessari per a cada experiment a la guia).<\/span><\/div><\/li><\/ul><\/div><\/div><\/div><\/div><\/div>","protected":false},"excerpt":{"rendered":"Descarregar el PDF Alumnat a qui va dirigit: 2on d\u2019ESO - Batxillerat \u00c0rees\/Mat\u00e8ries: F\u00edsica i qu\u00edmica: la mat\u00e8ria (propietats com la densitat), l\u2019energia (propagaci\u00f3 de la calor). Ci\u00e8ncies de la terra: Circulaci\u00f3 de les aig\u00fces i caracteritzaci\u00f3 de la hidrosfera. Descripci\u00f3: El nostre planeta est\u00e0 cobert per aigua en un 78 % de la seva&hellip;","protected":false},"author":1,"featured_media":0,"parent":0,"menu_order":0,"comment_status":"closed","ping_status":"closed","template":"","meta":[],"yoast_head":"<!-- This site is optimized with the Yoast SEO plugin v16.0.1 - https:\/\/yoast.com\/wordpress\/plugins\/seo\/ -->\n<title>Oceanografia f\u00edsica | Escoles Blaves<\/title>\n<link rel=\"canonical\" href=\"https:\/\/www.escolesblaves.cat\/en\/oceanografia-fisica\/\" \/>\n<meta property=\"og:locale\" content=\"en_GB\" \/>\n<meta property=\"og:type\" content=\"article\" \/>\n<meta property=\"og:title\" content=\"Oceanografia f\u00edsica | Escoles Blaves\" \/>\n<meta property=\"og:url\" content=\"https:\/\/www.escolesblaves.cat\/en\/oceanografia-fisica\/\" \/>\n<meta property=\"og:site_name\" content=\"Escoles Blaves\" \/>\n<meta property=\"article:publisher\" content=\"https:\/\/www.facebook.com\/PlanctonDivulgacioIServeisMarins\" \/>\n<meta property=\"article:modified_time\" content=\"2018-01-22T14:30:39+00:00\" \/>\n<meta property=\"og:image\" content=\"http:\/\/www.escolesblaves.cat\/wp-content\/uploads\/2017\/05\/thumb-16.png\" \/>\n<meta name=\"twitter:card\" content=\"summary\" \/>\n<meta name=\"twitter:site\" content=\"@planctondivulga\" \/>\n<meta name=\"twitter:label1\" content=\"Estimated reading time\">\n\t<meta name=\"twitter:data1\" content=\"2 minutes\">\n<script type=\"application\/ld+json\" class=\"yoast-schema-graph\">{\"@context\":\"https:\/\/schema.org\",\"@graph\":[{\"@type\":\"Organization\",\"@id\":\"https:\/\/www.escolesblaves.cat\/#organization\",\"name\":\"Escoles blaves\",\"url\":\"https:\/\/www.escolesblaves.cat\/\",\"sameAs\":[\"https:\/\/www.facebook.com\/PlanctonDivulgacioIServeisMarins\",\"http:\/\/www.instagram.com\/planctondivulga\",\"https:\/\/twitter.com\/planctondivulga\"],\"logo\":{\"@type\":\"ImageObject\",\"@id\":\"https:\/\/www.escolesblaves.cat\/#logo\",\"inLanguage\":\"en-GB\",\"url\":\"https:\/\/www.escolesblaves.cat\/wp-content\/uploads\/2017\/05\/logo-web-01-01-01.png\",\"width\":208,\"height\":99,\"caption\":\"Escoles blaves\"},\"image\":{\"@id\":\"https:\/\/www.escolesblaves.cat\/#logo\"}},{\"@type\":\"WebSite\",\"@id\":\"https:\/\/www.escolesblaves.cat\/#website\",\"url\":\"https:\/\/www.escolesblaves.cat\/\",\"name\":\"Escoles Blaves\",\"description\":\"Apropem el mar a les Terres de l&#039;Ebre\",\"publisher\":{\"@id\":\"https:\/\/www.escolesblaves.cat\/#organization\"},\"potentialAction\":[{\"@type\":\"SearchAction\",\"target\":\"https:\/\/www.escolesblaves.cat\/?s={search_term_string}\",\"query-input\":\"required name=search_term_string\"}],\"inLanguage\":\"en-GB\"},{\"@type\":\"WebPage\",\"@id\":\"https:\/\/www.escolesblaves.cat\/en\/oceanografia-fisica\/#webpage\",\"url\":\"https:\/\/www.escolesblaves.cat\/en\/oceanografia-fisica\/\",\"name\":\"Oceanografia f\\u00edsica | Escoles Blaves\",\"isPartOf\":{\"@id\":\"https:\/\/www.escolesblaves.cat\/#website\"},\"datePublished\":\"2018-01-22T12:40:03+00:00\",\"dateModified\":\"2018-01-22T14:30:39+00:00\",\"breadcrumb\":{\"@id\":\"https:\/\/www.escolesblaves.cat\/en\/oceanografia-fisica\/#breadcrumb\"},\"inLanguage\":\"en-GB\",\"potentialAction\":[{\"@type\":\"ReadAction\",\"target\":[\"https:\/\/www.escolesblaves.cat\/en\/oceanografia-fisica\/\"]}]},{\"@type\":\"BreadcrumbList\",\"@id\":\"https:\/\/www.escolesblaves.cat\/en\/oceanografia-fisica\/#breadcrumb\",\"itemListElement\":[{\"@type\":\"ListItem\",\"position\":1,\"item\":{\"@type\":\"WebPage\",\"@id\":\"https:\/\/www.escolesblaves.cat\/\",\"url\":\"https:\/\/www.escolesblaves.cat\/\",\"name\":\"Inici\"}},{\"@type\":\"ListItem\",\"position\":2,\"item\":{\"@type\":\"WebPage\",\"@id\":\"https:\/\/www.escolesblaves.cat\/en\/oceanografia-fisica\/\",\"url\":\"https:\/\/www.escolesblaves.cat\/en\/oceanografia-fisica\/\",\"name\":\"Oceanografia f\\u00edsica\"}}]}]}<\/script>\n<!-- \/ Yoast SEO plugin. -->","_links":{"self":[{"href":"https:\/\/www.escolesblaves.cat\/en\/wp-json\/wp\/v2\/pages\/609"}],"collection":[{"href":"https:\/\/www.escolesblaves.cat\/en\/wp-json\/wp\/v2\/pages"}],"about":[{"href":"https:\/\/www.escolesblaves.cat\/en\/wp-json\/wp\/v2\/types\/page"}],"author":[{"embeddable":true,"href":"https:\/\/www.escolesblaves.cat\/en\/wp-json\/wp\/v2\/users\/1"}],"replies":[{"embeddable":true,"href":"https:\/\/www.escolesblaves.cat\/en\/wp-json\/wp\/v2\/comments?post=609"}],"version-history":[{"count":3,"href":"https:\/\/www.escolesblaves.cat\/en\/wp-json\/wp\/v2\/pages\/609\/revisions"}],"predecessor-version":[{"id":615,"href":"https:\/\/www.escolesblaves.cat\/en\/wp-json\/wp\/v2\/pages\/609\/revisions\/615"}],"wp:attachment":[{"href":"https:\/\/www.escolesblaves.cat\/en\/wp-json\/wp\/v2\/media?parent=609"}],"curies":[{"name":"wp","href":"https:\/\/api.w.org\/{rel}","templated":true}]}}